{"id":21413,"date":"2025-07-22T19:24:04","date_gmt":"2025-07-22T17:24:04","guid":{"rendered":"https:\/\/uj.adatbank.ro\/lexikon\/termek\/szalteleki-domokos\/"},"modified":"2025-07-22T19:24:04","modified_gmt":"2025-07-22T17:24:04","slug":"szalteleki-domokos","status":"publish","type":"product","link":"https:\/\/uj.adatbank.ro\/lexikon\/termek\/szalteleki-domokos\/","title":{"rendered":"SZ\u00c1LTELEKI Domokos"},"content":{"rendered":"<p>S\u00e1romberke, 1914. j\u00fan. 17., \u2020 Kos\u00f3w, 1944. j\u00fan. 27. Horodon temett\u00e9k.: honv\u00e9d. \u2013 Honv\u00e9d a 27\/III. z\u00e1szl\u00f3alj, 9. l\u00f6v\u00e9szsz\u00e1zadban. <br \/><strong>Irod.:<\/strong> Sigmirean.<\/br><\/p>\n","protected":false},"excerpt":{"rendered":"<p>S\u00e1romberke, 1914. j\u00fan. 17., \u2020 Kos\u00f3w, 1944. j\u00fan. 27. Horodon temett\u00e9k.: honv\u00e9d. \u2013 Honv\u00e9d a 27\/III. z\u00e1szl\u00f3alj, 9. l\u00f6v\u00e9szsz\u00e1zadban. Irod.: Sigmirean.<\/p>\n","protected":false},"featured_media":0,"comment_status":"open","ping_status":"closed","template":"","meta":[],"product_brand":[],"product_cat":[137],"product_tag":[],"class_list":{"0":"post-21413","1":"product","2":"type-product","3":"status-publish","5":"product_cat-maros-megyei-eletrajzi-lexikon","7":"first","8":"instock","9":"shipping-taxable","10":"product-type-simple"},"_links":{"self":[{"href":"https:\/\/uj.adatbank.ro\/lexikon\/wp-json\/wp\/v2\/product\/21413","targetHints":{"allow":["GET"]}}],"collection":[{"href":"https:\/\/uj.adatbank.ro\/lexikon\/wp-json\/wp\/v2\/product"}],"about":[{"href":"https:\/\/uj.adatbank.ro\/lexikon\/wp-json\/wp\/v2\/types\/product"}],"replies":[{"embeddable":true,"href":"https:\/\/uj.adatbank.ro\/lexikon\/wp-json\/wp\/v2\/comments?post=21413"}],"wp:attachment":[{"href":"https:\/\/uj.adatbank.ro\/lexikon\/wp-json\/wp\/v2\/media?parent=21413"}],"wp:term":[{"taxonomy":"product_brand","embeddable":true,"href":"https:\/\/uj.adatbank.ro\/lexikon\/wp-json\/wp\/v2\/product_brand?post=21413"},{"taxonomy":"product_cat","embeddable":true,"href":"https:\/\/uj.adatbank.ro\/lexikon\/wp-json\/wp\/v2\/product_cat?post=21413"},{"taxonomy":"product_tag","embeddable":true,"href":"https:\/\/uj.adatbank.ro\/lexikon\/wp-json\/wp\/v2\/product_tag?post=21413"}],"curies":[{"name":"wp","href":"https:\/\/api.w.org\/{rel}","templated":true}]}}