{"id":21418,"date":"2025-07-22T19:24:13","date_gmt":"2025-07-22T17:24:13","guid":{"rendered":"https:\/\/uj.adatbank.ro\/lexikon\/termek\/szantai-jozsef\/"},"modified":"2025-07-22T19:24:13","modified_gmt":"2025-07-22T17:24:13","slug":"szantai-jozsef","status":"publish","type":"product","link":"https:\/\/uj.adatbank.ro\/lexikon\/termek\/szantai-jozsef\/","title":{"rendered":"SZ\u00c1NTAI J\u00f3zsef"},"content":{"rendered":"<p>? \u2020?: ref. lelk\u00e9sz. \u2013 Mv.-en subscrib\u00e1lt (1728). S\u00e1romberk\u00e9n (1736\u201337), Mez\u0151bergeny\u00e9ben (1742\u201348), Galambodon (1752\u201362), Hagym\u00e1sbodonban (1766\u201368, 1779) \u00e9s Sz\u00e9kelykakasdon (1769\u201378) volt lelk\u00e9sz. <br \/><strong>Irod.:<\/strong> \u0150sz; Sz\u00e9kelykakasd.<\/br><\/p>\n","protected":false},"excerpt":{"rendered":"<p>? \u2020?: ref. lelk\u00e9sz. \u2013 Mv.-en subscrib\u00e1lt (1728). S\u00e1romberk\u00e9n (1736\u201337), Mez\u0151bergeny\u00e9ben (1742\u201348), Galambodon (1752\u201362), Hagym\u00e1sbodonban (1766\u201368, 1779) \u00e9s Sz\u00e9kelykakasdon (1769\u201378) volt lelk\u00e9sz. Irod.: \u0150sz; Sz\u00e9kelykakasd.<\/p>\n","protected":false},"featured_media":0,"comment_status":"open","ping_status":"closed","template":"","meta":[],"product_brand":[],"product_cat":[137],"product_tag":[],"class_list":{"0":"post-21418","1":"product","2":"type-product","3":"status-publish","5":"product_cat-maros-megyei-eletrajzi-lexikon","7":"first","8":"instock","9":"shipping-taxable","10":"product-type-simple"},"_links":{"self":[{"href":"https:\/\/uj.adatbank.ro\/lexikon\/wp-json\/wp\/v2\/product\/21418","targetHints":{"allow":["GET"]}}],"collection":[{"href":"https:\/\/uj.adatbank.ro\/lexikon\/wp-json\/wp\/v2\/product"}],"about":[{"href":"https:\/\/uj.adatbank.ro\/lexikon\/wp-json\/wp\/v2\/types\/product"}],"replies":[{"embeddable":true,"href":"https:\/\/uj.adatbank.ro\/lexikon\/wp-json\/wp\/v2\/comments?post=21418"}],"wp:attachment":[{"href":"https:\/\/uj.adatbank.ro\/lexikon\/wp-json\/wp\/v2\/media?parent=21418"}],"wp:term":[{"taxonomy":"product_brand","embeddable":true,"href":"https:\/\/uj.adatbank.ro\/lexikon\/wp-json\/wp\/v2\/product_brand?post=21418"},{"taxonomy":"product_cat","embeddable":true,"href":"https:\/\/uj.adatbank.ro\/lexikon\/wp-json\/wp\/v2\/product_cat?post=21418"},{"taxonomy":"product_tag","embeddable":true,"href":"https:\/\/uj.adatbank.ro\/lexikon\/wp-json\/wp\/v2\/product_tag?post=21418"}],"curies":[{"name":"wp","href":"https:\/\/api.w.org\/{rel}","templated":true}]}}