{"id":2142,"date":"2025-06-28T12:05:04","date_gmt":"2025-06-28T10:05:04","guid":{"rendered":"https:\/\/uj.adatbank.ro\/lexikon\/termek\/bandusa-damaschin\/"},"modified":"2025-06-28T12:05:04","modified_gmt":"2025-06-28T10:05:04","slug":"bandusa-damaschin","status":"publish","type":"product","link":"https:\/\/uj.adatbank.ro\/lexikon\/termek\/bandusa-damaschin\/","title":{"rendered":"B\u00c2NDU\u015eA Damaschin"},"content":{"rendered":"<p>D\u00e1nos, 1893., \u2020 ? : \u00fcgyn\u00f6k. \u2013 Szigur\u00e1nca \u00fcgyn\u00f6k (1922\u2013). Letart\u00f3ztat\u00e1sakor mv.-i lakos volt (1954. m\u00e1j. 7.). Letart\u00f3ztat\u00e1s\u00e1nak oka: 27 \u00e9vvel azel\u0151tt \u0151 tart\u00f3ztatta le a kv.-i Fuchs Simon, kommunista vezet\u0151t; rendszeresen r\u00e9szt vett a munk\u00e1sok szakszervezeti gy\u0171l\u00e9sein. <br \/><strong>Irod.:<\/strong> Balint<\/br><\/p>\n","protected":false},"excerpt":{"rendered":"<p>D\u00e1nos, 1893., \u2020 ? : \u00fcgyn\u00f6k. \u2013 Szigur\u00e1nca \u00fcgyn\u00f6k (1922\u2013). Letart\u00f3ztat\u00e1sakor mv.-i lakos volt (1954. m\u00e1j. 7.). Letart\u00f3ztat\u00e1s\u00e1nak oka: 27 \u00e9vvel azel\u0151tt \u0151 tart\u00f3ztatta le a kv.-i Fuchs Simon, kommunista vezet\u0151t; rendszeresen r\u00e9szt vett a munk\u00e1sok szakszervezeti gy\u0171l\u00e9sein. Irod.: Balint<\/p>\n","protected":false},"featured_media":0,"comment_status":"open","ping_status":"closed","template":"","meta":[],"product_brand":[],"product_cat":[137],"product_tag":[],"class_list":{"0":"post-2142","1":"product","2":"type-product","3":"status-publish","5":"product_cat-maros-megyei-eletrajzi-lexikon","7":"first","8":"instock","9":"shipping-taxable","10":"product-type-simple"},"_links":{"self":[{"href":"https:\/\/uj.adatbank.ro\/lexikon\/wp-json\/wp\/v2\/product\/2142","targetHints":{"allow":["GET"]}}],"collection":[{"href":"https:\/\/uj.adatbank.ro\/lexikon\/wp-json\/wp\/v2\/product"}],"about":[{"href":"https:\/\/uj.adatbank.ro\/lexikon\/wp-json\/wp\/v2\/types\/product"}],"replies":[{"embeddable":true,"href":"https:\/\/uj.adatbank.ro\/lexikon\/wp-json\/wp\/v2\/comments?post=2142"}],"wp:attachment":[{"href":"https:\/\/uj.adatbank.ro\/lexikon\/wp-json\/wp\/v2\/media?parent=2142"}],"wp:term":[{"taxonomy":"product_brand","embeddable":true,"href":"https:\/\/uj.adatbank.ro\/lexikon\/wp-json\/wp\/v2\/product_brand?post=2142"},{"taxonomy":"product_cat","embeddable":true,"href":"https:\/\/uj.adatbank.ro\/lexikon\/wp-json\/wp\/v2\/product_cat?post=2142"},{"taxonomy":"product_tag","embeddable":true,"href":"https:\/\/uj.adatbank.ro\/lexikon\/wp-json\/wp\/v2\/product_tag?post=2142"}],"curies":[{"name":"wp","href":"https:\/\/api.w.org\/{rel}","templated":true}]}}