{"id":21423,"date":"2025-07-22T19:24:22","date_gmt":"2025-07-22T17:24:22","guid":{"rendered":"https:\/\/uj.adatbank.ro\/lexikon\/termek\/szantho-eva-emma\/"},"modified":"2025-07-22T19:24:22","modified_gmt":"2025-07-22T17:24:22","slug":"szantho-eva-emma","status":"publish","type":"product","link":"https:\/\/uj.adatbank.ro\/lexikon\/termek\/szantho-eva-emma\/","title":{"rendered":"SZ\u00c1NTH\u00d3 \u00c9va Emma"},"content":{"rendered":"<p>Mv., 1928. j\u00fal. 5., \u2020?: gy\u00f3gyszer\u00e9sz. \u2013 A k\u00f6z\u00e9piskol\u00e1t Mv.-en a Ref. Le\u00e1nyiskol\u00e1ban (1947); a gy\u00f3gyszer\u00e9szetet a MOGYI-n v\u00e9gezte (1951); doktor\u00e1lt (1967). A MOGYI Gy\u00f3gyszer\u00e9szeti K\u00e9miai Tansz\u00e9k\u00e9n gyakornok (1950\u201352), tan\u00e1rseg\u00e9d a Biol\u00f3giai K\u00e9mia Tansz\u00e9ken (1952\u201354); a Galenika Tansz\u00e9ken adjunktus, el\u0151ad\u00f3tan\u00e1r (1954\u201385). Kutat\u00e1si ter\u00fclete: a gy\u00f3gyn\u00f6v\u00e9nyek \u00e9szszer\u0171 hasznos\u00edt\u00e1sa, a gy\u00f3gyszerk\u00e9sz\u00edtm\u00e9nyek min\u0151s\u00e9gi jav\u00edt\u00e1sa. R\u00e9szt vett hazai \u00e9s nemzetk\u00f6zi szimp\u00f3ziumokon. 59 tudom\u00e1nyos dolgozata jelent meg a Farmacia, Revista Medicala, Gy\u00f3gyszer\u00e9szeti \u00c9rtes\u00edt\u0151ben. \u2013 <strong>F. m.<\/strong>: <strong>t\u00e1rssz.:<\/strong> Farmacopeea Rom\u00e2n\u0103. \u2013 Ed. a 8 \u20139 \u2013 a. (Buc., 1965., 1976); Tehnic\u0103 farmaceutic\u0103. (Buc., 1969.); Curs de tehnic\u0103 farmaceutic\u0103. Vol. 1\u20132 (\u00c1d\u00e1m Lajos-, Popovici Adrianaval; Tg. M, 1977\u20131978); \u00cendrum\u0103tor pentru lucr\u0103ri practice de tehnic\u0103 farmaceutic\u0103: Manual pentru uzul studen\u0163ilor. Vol. 3\u20134. (Popovici Adriana-, Csath-St\u00eencel Zamfira-val; Tg. M., 1981); Gy\u00f3gyszer-technol\u00f3gia. 2\u20133. k\u00f6t. (Mv., 1982\u2013 1983). <br \/><strong>Irod.:<\/strong> Genersich; Facultate de Farmacie; P\u00e9ter; P\u00e9ter H. M.; R\u00e9thy\u2013\u00dajv\u00e1ri\u2013V\u00e1czi; RMKK; T\u0151k\u00e9s.<\/br><\/p>\n","protected":false},"excerpt":{"rendered":"<p>Mv., 1928. j\u00fal. 5., \u2020?: gy\u00f3gyszer\u00e9sz. \u2013 A k\u00f6z\u00e9piskol\u00e1t Mv.-en a Ref. Le\u00e1nyiskol\u00e1ban (1947); a gy\u00f3gyszer\u00e9szetet a MOGYI-n v\u00e9gezte (1951); doktor\u00e1lt (1967). A MOGYI Gy\u00f3gyszer\u00e9szeti K\u00e9miai Tansz\u00e9k\u00e9n gyakornok (1950\u201352), tan\u00e1rseg\u00e9d a Biol\u00f3giai K\u00e9mia Tansz\u00e9ken (1952\u201354); a Galenika Tansz\u00e9ken adjunktus, el\u0151ad\u00f3tan\u00e1r (1954\u201385). Kutat\u00e1si ter\u00fclete: a gy\u00f3gyn\u00f6v\u00e9nyek \u00e9szszer\u0171 hasznos\u00edt\u00e1sa, a gy\u00f3gyszerk\u00e9sz\u00edtm\u00e9nyek min\u0151s\u00e9gi jav\u00edt\u00e1sa. R\u00e9szt vett hazai \u00e9s [&hellip;]<\/p>\n","protected":false},"featured_media":0,"comment_status":"open","ping_status":"closed","template":"","meta":[],"product_brand":[],"product_cat":[137],"product_tag":[],"class_list":{"0":"post-21423","1":"product","2":"type-product","3":"status-publish","5":"product_cat-maros-megyei-eletrajzi-lexikon","7":"first","8":"instock","9":"shipping-taxable","10":"product-type-simple"},"_links":{"self":[{"href":"https:\/\/uj.adatbank.ro\/lexikon\/wp-json\/wp\/v2\/product\/21423","targetHints":{"allow":["GET"]}}],"collection":[{"href":"https:\/\/uj.adatbank.ro\/lexikon\/wp-json\/wp\/v2\/product"}],"about":[{"href":"https:\/\/uj.adatbank.ro\/lexikon\/wp-json\/wp\/v2\/types\/product"}],"replies":[{"embeddable":true,"href":"https:\/\/uj.adatbank.ro\/lexikon\/wp-json\/wp\/v2\/comments?post=21423"}],"wp:attachment":[{"href":"https:\/\/uj.adatbank.ro\/lexikon\/wp-json\/wp\/v2\/media?parent=21423"}],"wp:term":[{"taxonomy":"product_brand","embeddable":true,"href":"https:\/\/uj.adatbank.ro\/lexikon\/wp-json\/wp\/v2\/product_brand?post=21423"},{"taxonomy":"product_cat","embeddable":true,"href":"https:\/\/uj.adatbank.ro\/lexikon\/wp-json\/wp\/v2\/product_cat?post=21423"},{"taxonomy":"product_tag","embeddable":true,"href":"https:\/\/uj.adatbank.ro\/lexikon\/wp-json\/wp\/v2\/product_tag?post=21423"}],"curies":[{"name":"wp","href":"https:\/\/api.w.org\/{rel}","templated":true}]}}