{"id":21427,"date":"2025-07-22T19:24:32","date_gmt":"2025-07-22T17:24:32","guid":{"rendered":"https:\/\/uj.adatbank.ro\/lexikon\/termek\/szantner-lajos\/"},"modified":"2025-07-22T19:24:32","modified_gmt":"2025-07-22T17:24:32","slug":"szantner-lajos","status":"publish","type":"product","link":"https:\/\/uj.adatbank.ro\/lexikon\/termek\/szantner-lajos\/","title":{"rendered":"SZ\u00c1NTNER Lajos"},"content":{"rendered":"<p>? \u2020?: ? Feles\u00e9ge: Gy\u00f6rki Zsuzs\u00e1nna (1836? \u2013 Mv., 1911. m\u00e1j. 1.) Gyermekeik: Sz. Vilma Csipk\u00e9s Albertn\u00e9 (tov\u00e1bbiakr\u00f3l nincs adatunk). Irod.: Gy\u00e1szjelent\u0151.<\/br><\/p>\n","protected":false},"excerpt":{"rendered":"<p>? \u2020?: ? Feles\u00e9ge: Gy\u00f6rki Zsuzs\u00e1nna (1836? \u2013 Mv., 1911. m\u00e1j. 1.) Gyermekeik: Sz. Vilma Csipk\u00e9s Albertn\u00e9 (tov\u00e1bbiakr\u00f3l nincs adatunk). Irod.: Gy\u00e1szjelent\u0151.<\/p>\n","protected":false},"featured_media":0,"comment_status":"open","ping_status":"closed","template":"","meta":[],"product_brand":[],"product_cat":[137],"product_tag":[],"class_list":{"0":"post-21427","1":"product","2":"type-product","3":"status-publish","5":"product_cat-maros-megyei-eletrajzi-lexikon","7":"first","8":"instock","9":"shipping-taxable","10":"product-type-simple"},"_links":{"self":[{"href":"https:\/\/uj.adatbank.ro\/lexikon\/wp-json\/wp\/v2\/product\/21427","targetHints":{"allow":["GET"]}}],"collection":[{"href":"https:\/\/uj.adatbank.ro\/lexikon\/wp-json\/wp\/v2\/product"}],"about":[{"href":"https:\/\/uj.adatbank.ro\/lexikon\/wp-json\/wp\/v2\/types\/product"}],"replies":[{"embeddable":true,"href":"https:\/\/uj.adatbank.ro\/lexikon\/wp-json\/wp\/v2\/comments?post=21427"}],"wp:attachment":[{"href":"https:\/\/uj.adatbank.ro\/lexikon\/wp-json\/wp\/v2\/media?parent=21427"}],"wp:term":[{"taxonomy":"product_brand","embeddable":true,"href":"https:\/\/uj.adatbank.ro\/lexikon\/wp-json\/wp\/v2\/product_brand?post=21427"},{"taxonomy":"product_cat","embeddable":true,"href":"https:\/\/uj.adatbank.ro\/lexikon\/wp-json\/wp\/v2\/product_cat?post=21427"},{"taxonomy":"product_tag","embeddable":true,"href":"https:\/\/uj.adatbank.ro\/lexikon\/wp-json\/wp\/v2\/product_tag?post=21427"}],"curies":[{"name":"wp","href":"https:\/\/api.w.org\/{rel}","templated":true}]}}