{"id":21428,"date":"2025-07-22T19:24:34","date_gmt":"2025-07-22T17:24:34","guid":{"rendered":"https:\/\/uj.adatbank.ro\/lexikon\/termek\/szanto-naznanfalvi\/"},"modified":"2025-07-22T19:24:34","modified_gmt":"2025-07-22T17:24:34","slug":"szanto-naznanfalvi","status":"publish","type":"product","link":"https:\/\/uj.adatbank.ro\/lexikon\/termek\/szanto-naznanfalvi\/","title":{"rendered":"SZ\u00c1NT\u00d3, n\u00e1zn\u00e1nfalvi"},"content":{"rendered":"<p>K\u00f6z\u00fcl\u00fck Sz. Lajos Marossz\u00e9k dull\u00f3 biztosa (1825-ben); Val\u00f3sz\u00edn\u0171leg ennek ivad\u00e9ka Elek is, ki Krass\u00f3 megy\u00e9be telepedett, \u00e9s Marossz\u00e9kt\u0151l 1845. jan. 11-\u00e9n kiadott nemesi bizony\u00edtv\u00e1ny\u00e1t azon \u00e9vi j\u00fan. 11-\u00e9n Krass\u00f3 megy\u00e9ben is kihirdettette. <br \/><strong>Irod.:<\/strong> Nagy Iv\u00e1n; P\u00e1lmay.<\/br><\/p>\n","protected":false},"excerpt":{"rendered":"<p>K\u00f6z\u00fcl\u00fck Sz. Lajos Marossz\u00e9k dull\u00f3 biztosa (1825-ben); Val\u00f3sz\u00edn\u0171leg ennek ivad\u00e9ka Elek is, ki Krass\u00f3 megy\u00e9be telepedett, \u00e9s Marossz\u00e9kt\u0151l 1845. jan. 11-\u00e9n kiadott nemesi bizony\u00edtv\u00e1ny\u00e1t azon \u00e9vi j\u00fan. 11-\u00e9n Krass\u00f3 megy\u00e9ben is kihirdettette. Irod.: Nagy Iv\u00e1n; P\u00e1lmay.<\/p>\n","protected":false},"featured_media":0,"comment_status":"open","ping_status":"closed","template":"","meta":[],"product_brand":[],"product_cat":[137],"product_tag":[],"class_list":{"0":"post-21428","1":"product","2":"type-product","3":"status-publish","5":"product_cat-maros-megyei-eletrajzi-lexikon","7":"first","8":"instock","9":"shipping-taxable","10":"product-type-simple"},"_links":{"self":[{"href":"https:\/\/uj.adatbank.ro\/lexikon\/wp-json\/wp\/v2\/product\/21428","targetHints":{"allow":["GET"]}}],"collection":[{"href":"https:\/\/uj.adatbank.ro\/lexikon\/wp-json\/wp\/v2\/product"}],"about":[{"href":"https:\/\/uj.adatbank.ro\/lexikon\/wp-json\/wp\/v2\/types\/product"}],"replies":[{"embeddable":true,"href":"https:\/\/uj.adatbank.ro\/lexikon\/wp-json\/wp\/v2\/comments?post=21428"}],"wp:attachment":[{"href":"https:\/\/uj.adatbank.ro\/lexikon\/wp-json\/wp\/v2\/media?parent=21428"}],"wp:term":[{"taxonomy":"product_brand","embeddable":true,"href":"https:\/\/uj.adatbank.ro\/lexikon\/wp-json\/wp\/v2\/product_brand?post=21428"},{"taxonomy":"product_cat","embeddable":true,"href":"https:\/\/uj.adatbank.ro\/lexikon\/wp-json\/wp\/v2\/product_cat?post=21428"},{"taxonomy":"product_tag","embeddable":true,"href":"https:\/\/uj.adatbank.ro\/lexikon\/wp-json\/wp\/v2\/product_tag?post=21428"}],"curies":[{"name":"wp","href":"https:\/\/api.w.org\/{rel}","templated":true}]}}