{"id":21431,"date":"2025-07-22T19:24:39","date_gmt":"2025-07-22T17:24:39","guid":{"rendered":"https:\/\/uj.adatbank.ro\/lexikon\/termek\/szanto-eva-erzsebet\/"},"modified":"2025-07-22T19:24:39","modified_gmt":"2025-07-22T17:24:39","slug":"szanto-eva-erzsebet","status":"publish","type":"product","link":"https:\/\/uj.adatbank.ro\/lexikon\/termek\/szanto-eva-erzsebet\/","title":{"rendered":"SZ\u00c1NT\u00d3 \u00c9va Erzs\u00e9bet"},"content":{"rendered":"<p>? 1943? \u2020\u00a0Mv., 1994. m\u00e1rc. 24.: tan\u00e1rn\u0151. \u2013 Mv.-en a 20. iskol\u00e1ban tan\u00edtott. <br \/><strong>Irod.:<\/strong> [Nekrol\u00f3g] (N\u00fa., 1994. m\u00e1rc. 29.).<\/br><\/p>\n","protected":false},"excerpt":{"rendered":"<p>? 1943? \u2020\u00a0Mv., 1994. m\u00e1rc. 24.: tan\u00e1rn\u0151. \u2013 Mv.-en a 20. iskol\u00e1ban tan\u00edtott. Irod.: [Nekrol\u00f3g] (N\u00fa., 1994. m\u00e1rc. 29.).<\/p>\n","protected":false},"featured_media":0,"comment_status":"open","ping_status":"closed","template":"","meta":[],"product_brand":[],"product_cat":[137],"product_tag":[],"class_list":{"0":"post-21431","1":"product","2":"type-product","3":"status-publish","5":"product_cat-maros-megyei-eletrajzi-lexikon","7":"first","8":"instock","9":"shipping-taxable","10":"product-type-simple"},"_links":{"self":[{"href":"https:\/\/uj.adatbank.ro\/lexikon\/wp-json\/wp\/v2\/product\/21431","targetHints":{"allow":["GET"]}}],"collection":[{"href":"https:\/\/uj.adatbank.ro\/lexikon\/wp-json\/wp\/v2\/product"}],"about":[{"href":"https:\/\/uj.adatbank.ro\/lexikon\/wp-json\/wp\/v2\/types\/product"}],"replies":[{"embeddable":true,"href":"https:\/\/uj.adatbank.ro\/lexikon\/wp-json\/wp\/v2\/comments?post=21431"}],"wp:attachment":[{"href":"https:\/\/uj.adatbank.ro\/lexikon\/wp-json\/wp\/v2\/media?parent=21431"}],"wp:term":[{"taxonomy":"product_brand","embeddable":true,"href":"https:\/\/uj.adatbank.ro\/lexikon\/wp-json\/wp\/v2\/product_brand?post=21431"},{"taxonomy":"product_cat","embeddable":true,"href":"https:\/\/uj.adatbank.ro\/lexikon\/wp-json\/wp\/v2\/product_cat?post=21431"},{"taxonomy":"product_tag","embeddable":true,"href":"https:\/\/uj.adatbank.ro\/lexikon\/wp-json\/wp\/v2\/product_tag?post=21431"}],"curies":[{"name":"wp","href":"https:\/\/api.w.org\/{rel}","templated":true}]}}