{"id":21432,"date":"2025-07-22T19:24:41","date_gmt":"2025-07-22T17:24:41","guid":{"rendered":"https:\/\/uj.adatbank.ro\/lexikon\/termek\/szanto-ferenc\/"},"modified":"2025-07-22T19:24:41","modified_gmt":"2025-07-22T17:24:41","slug":"szanto-ferenc","status":"publish","type":"product","link":"https:\/\/uj.adatbank.ro\/lexikon\/termek\/szanto-ferenc\/","title":{"rendered":"SZ\u00c1NT\u00d3 Ferenc"},"content":{"rendered":"<p>Aurora (USA), 1910. nov. 2., \u2020?: kerekes. \u2013 Radn\u00f3ton volt kerekes. Letart\u00f3ztatt\u00e1k (1961. nov. 6.) \u00e9s a MAT Katonai \u00dcgy\u00e9szs\u00e9ge a t\u00e1rsadalmi rend elleni t\u00e9nyked\u00e9s v\u00e1dj\u00e1val \u00e1ll\u00edtotta b\u00edr\u00f3s\u00e1g el\u00e9. A v\u00e1dirat szerint nyilv\u00e1nosan l\u00e1z\u00edtott a kollekt\u00edv gazdas\u00e1gba val\u00f3 bel\u00e9p\u00e9s ellen. <br \/><strong>Irod.:<\/strong> 1956 Erd\u00e9lyben.<\/br><\/p>\n","protected":false},"excerpt":{"rendered":"<p>Aurora (USA), 1910. nov. 2., \u2020?: kerekes. \u2013 Radn\u00f3ton volt kerekes. Letart\u00f3ztatt\u00e1k (1961. nov. 6.) \u00e9s a MAT Katonai \u00dcgy\u00e9szs\u00e9ge a t\u00e1rsadalmi rend elleni t\u00e9nyked\u00e9s v\u00e1dj\u00e1val \u00e1ll\u00edtotta b\u00edr\u00f3s\u00e1g el\u00e9. A v\u00e1dirat szerint nyilv\u00e1nosan l\u00e1z\u00edtott a kollekt\u00edv gazdas\u00e1gba val\u00f3 bel\u00e9p\u00e9s ellen. Irod.: 1956 Erd\u00e9lyben.<\/p>\n","protected":false},"featured_media":0,"comment_status":"open","ping_status":"closed","template":"","meta":[],"product_brand":[],"product_cat":[137],"product_tag":[],"class_list":{"0":"post-21432","1":"product","2":"type-product","3":"status-publish","5":"product_cat-maros-megyei-eletrajzi-lexikon","7":"first","8":"instock","9":"shipping-taxable","10":"product-type-simple"},"_links":{"self":[{"href":"https:\/\/uj.adatbank.ro\/lexikon\/wp-json\/wp\/v2\/product\/21432","targetHints":{"allow":["GET"]}}],"collection":[{"href":"https:\/\/uj.adatbank.ro\/lexikon\/wp-json\/wp\/v2\/product"}],"about":[{"href":"https:\/\/uj.adatbank.ro\/lexikon\/wp-json\/wp\/v2\/types\/product"}],"replies":[{"embeddable":true,"href":"https:\/\/uj.adatbank.ro\/lexikon\/wp-json\/wp\/v2\/comments?post=21432"}],"wp:attachment":[{"href":"https:\/\/uj.adatbank.ro\/lexikon\/wp-json\/wp\/v2\/media?parent=21432"}],"wp:term":[{"taxonomy":"product_brand","embeddable":true,"href":"https:\/\/uj.adatbank.ro\/lexikon\/wp-json\/wp\/v2\/product_brand?post=21432"},{"taxonomy":"product_cat","embeddable":true,"href":"https:\/\/uj.adatbank.ro\/lexikon\/wp-json\/wp\/v2\/product_cat?post=21432"},{"taxonomy":"product_tag","embeddable":true,"href":"https:\/\/uj.adatbank.ro\/lexikon\/wp-json\/wp\/v2\/product_tag?post=21432"}],"curies":[{"name":"wp","href":"https:\/\/api.w.org\/{rel}","templated":true}]}}