{"id":21433,"date":"2025-07-22T19:24:42","date_gmt":"2025-07-22T17:24:42","guid":{"rendered":"https:\/\/uj.adatbank.ro\/lexikon\/termek\/szanto-gergely-radnothi\/"},"modified":"2025-07-22T19:24:42","modified_gmt":"2025-07-22T17:24:42","slug":"szanto-gergely-radnothi","status":"publish","type":"product","link":"https:\/\/uj.adatbank.ro\/lexikon\/termek\/szanto-gergely-radnothi\/","title":{"rendered":"SZ\u00c1NT\u00d3 Gergely, radn\u00f3thi"},"content":{"rendered":"<p>1860. jan. 27., \u2020 Mez\u0151b\u00e1nd, 1895. j\u00fan. 15. Mv.-en temett\u00e9k: j\u00e1r\u00e1sb\u00edr\u00f3. \u2013 Feles\u00e9ge: Antal Eliz. Sz. Gergely \u00e9s Erd\u0151s Katalin fia. Testv\u00e9rei: Sz. Lila Nagy J\u00f3zsefn\u00e9; Sz. Elek; Sz. \u00c1gnes Hajd\u00fa G\u00e1born\u00e9; Sz. Gy\u00f6rgy; Sz. \u00c1d\u00e1m. \u2013 Kir. j\u00e1r\u00e1sb\u00edr\u00f3 Mez\u0151b\u00e1ndon. <br \/><strong>Irod.:<\/strong> Gy\u00e1szjelent\u0151; P\u00e1lmay; P\u00e1lmay J\u00f3zsef.<\/br><\/p>\n","protected":false},"excerpt":{"rendered":"<p>1860. jan. 27., \u2020 Mez\u0151b\u00e1nd, 1895. j\u00fan. 15. Mv.-en temett\u00e9k: j\u00e1r\u00e1sb\u00edr\u00f3. \u2013 Feles\u00e9ge: Antal Eliz. Sz. Gergely \u00e9s Erd\u0151s Katalin fia. Testv\u00e9rei: Sz. Lila Nagy J\u00f3zsefn\u00e9; Sz. Elek; Sz. \u00c1gnes Hajd\u00fa G\u00e1born\u00e9; Sz. Gy\u00f6rgy; Sz. \u00c1d\u00e1m. \u2013 Kir. j\u00e1r\u00e1sb\u00edr\u00f3 Mez\u0151b\u00e1ndon. Irod.: Gy\u00e1szjelent\u0151; P\u00e1lmay; P\u00e1lmay J\u00f3zsef.<\/p>\n","protected":false},"featured_media":0,"comment_status":"open","ping_status":"closed","template":"","meta":[],"product_brand":[],"product_cat":[137],"product_tag":[],"class_list":{"0":"post-21433","1":"product","2":"type-product","3":"status-publish","5":"product_cat-maros-megyei-eletrajzi-lexikon","7":"first","8":"instock","9":"shipping-taxable","10":"product-type-simple"},"_links":{"self":[{"href":"https:\/\/uj.adatbank.ro\/lexikon\/wp-json\/wp\/v2\/product\/21433","targetHints":{"allow":["GET"]}}],"collection":[{"href":"https:\/\/uj.adatbank.ro\/lexikon\/wp-json\/wp\/v2\/product"}],"about":[{"href":"https:\/\/uj.adatbank.ro\/lexikon\/wp-json\/wp\/v2\/types\/product"}],"replies":[{"embeddable":true,"href":"https:\/\/uj.adatbank.ro\/lexikon\/wp-json\/wp\/v2\/comments?post=21433"}],"wp:attachment":[{"href":"https:\/\/uj.adatbank.ro\/lexikon\/wp-json\/wp\/v2\/media?parent=21433"}],"wp:term":[{"taxonomy":"product_brand","embeddable":true,"href":"https:\/\/uj.adatbank.ro\/lexikon\/wp-json\/wp\/v2\/product_brand?post=21433"},{"taxonomy":"product_cat","embeddable":true,"href":"https:\/\/uj.adatbank.ro\/lexikon\/wp-json\/wp\/v2\/product_cat?post=21433"},{"taxonomy":"product_tag","embeddable":true,"href":"https:\/\/uj.adatbank.ro\/lexikon\/wp-json\/wp\/v2\/product_tag?post=21433"}],"curies":[{"name":"wp","href":"https:\/\/api.w.org\/{rel}","templated":true}]}}