{"id":21435,"date":"2025-07-22T19:24:45","date_gmt":"2025-07-22T17:24:45","guid":{"rendered":"https:\/\/uj.adatbank.ro\/lexikon\/termek\/szanto-gyorgy\/"},"modified":"2025-07-22T19:24:45","modified_gmt":"2025-07-22T17:24:45","slug":"szanto-gyorgy","status":"publish","type":"product","link":"https:\/\/uj.adatbank.ro\/lexikon\/termek\/szanto-gyorgy\/","title":{"rendered":"SZ\u00c1NT\u00d3 Gy\u00f6rgy"},"content":{"rendered":"<p>? \u2020: H\u00e9tsz\u00e1z v<br \/><strong>Irod.:<\/strong> \u00dcnnepi k\u00f6nyv.<\/br><\/p>\n","protected":false},"excerpt":{"rendered":"<p>? \u2020: H\u00e9tsz\u00e1z vIrod.: \u00dcnnepi k\u00f6nyv.<\/p>\n","protected":false},"featured_media":0,"comment_status":"open","ping_status":"closed","template":"","meta":[],"product_brand":[],"product_cat":[137],"product_tag":[],"class_list":{"0":"post-21435","1":"product","2":"type-product","3":"status-publish","5":"product_cat-maros-megyei-eletrajzi-lexikon","7":"first","8":"instock","9":"shipping-taxable","10":"product-type-simple"},"_links":{"self":[{"href":"https:\/\/uj.adatbank.ro\/lexikon\/wp-json\/wp\/v2\/product\/21435","targetHints":{"allow":["GET"]}}],"collection":[{"href":"https:\/\/uj.adatbank.ro\/lexikon\/wp-json\/wp\/v2\/product"}],"about":[{"href":"https:\/\/uj.adatbank.ro\/lexikon\/wp-json\/wp\/v2\/types\/product"}],"replies":[{"embeddable":true,"href":"https:\/\/uj.adatbank.ro\/lexikon\/wp-json\/wp\/v2\/comments?post=21435"}],"wp:attachment":[{"href":"https:\/\/uj.adatbank.ro\/lexikon\/wp-json\/wp\/v2\/media?parent=21435"}],"wp:term":[{"taxonomy":"product_brand","embeddable":true,"href":"https:\/\/uj.adatbank.ro\/lexikon\/wp-json\/wp\/v2\/product_brand?post=21435"},{"taxonomy":"product_cat","embeddable":true,"href":"https:\/\/uj.adatbank.ro\/lexikon\/wp-json\/wp\/v2\/product_cat?post=21435"},{"taxonomy":"product_tag","embeddable":true,"href":"https:\/\/uj.adatbank.ro\/lexikon\/wp-json\/wp\/v2\/product_tag?post=21435"}],"curies":[{"name":"wp","href":"https:\/\/api.w.org\/{rel}","templated":true}]}}