{"id":21436,"date":"2025-07-22T19:24:50","date_gmt":"2025-07-22T17:24:50","guid":{"rendered":"https:\/\/uj.adatbank.ro\/lexikon\/termek\/szanto-gyozo\/"},"modified":"2025-07-22T19:24:50","modified_gmt":"2025-07-22T17:24:50","slug":"szanto-gyozo","status":"publish","type":"product","link":"https:\/\/uj.adatbank.ro\/lexikon\/termek\/szanto-gyozo\/","title":{"rendered":"SZ\u00c1NT\u00d3 Gy\u0151z\u0151"},"content":{"rendered":"<p>Bereck, 1850. dec. 31., \u2020\u00a01900. febr. 10.: r. k. pap. \u2013 Tanulm\u00e1nyait Brass\u00f3ban, Kv.-on, teol. tanulm\u00e1nyait Gyulafeh\u00e9rv\u00e1ron v\u00e9gezte. Papp\u00e1 szentelt\u00e9k (1875. j\u00fal. 25.). K\u00e1pl\u00e1n Sz\u00e1szr\u00e9genben (1875), Tord\u00e1n \u00e9s Cs\u00edkr\u00e1koson. Adminisztr\u00e1tor Egrest\u0151n (1880\u20131892), majd K\u00e1szonjakabfalv\u00e1n (1892\u20131900). <br \/><strong>Irod.:<\/strong> Ferenczi S\u00e1ndor 2009.<\/br><\/p>\n","protected":false},"excerpt":{"rendered":"<p>Bereck, 1850. dec. 31., \u2020\u00a01900. febr. 10.: r. k. pap. \u2013 Tanulm\u00e1nyait Brass\u00f3ban, Kv.-on, teol. tanulm\u00e1nyait Gyulafeh\u00e9rv\u00e1ron v\u00e9gezte. Papp\u00e1 szentelt\u00e9k (1875. j\u00fal. 25.). K\u00e1pl\u00e1n Sz\u00e1szr\u00e9genben (1875), Tord\u00e1n \u00e9s Cs\u00edkr\u00e1koson. Adminisztr\u00e1tor Egrest\u0151n (1880\u20131892), majd K\u00e1szonjakabfalv\u00e1n (1892\u20131900). Irod.: Ferenczi S\u00e1ndor 2009.<\/p>\n","protected":false},"featured_media":0,"comment_status":"open","ping_status":"closed","template":"","meta":[],"product_brand":[],"product_cat":[137],"product_tag":[],"class_list":{"0":"post-21436","1":"product","2":"type-product","3":"status-publish","5":"product_cat-maros-megyei-eletrajzi-lexikon","7":"first","8":"instock","9":"shipping-taxable","10":"product-type-simple"},"_links":{"self":[{"href":"https:\/\/uj.adatbank.ro\/lexikon\/wp-json\/wp\/v2\/product\/21436","targetHints":{"allow":["GET"]}}],"collection":[{"href":"https:\/\/uj.adatbank.ro\/lexikon\/wp-json\/wp\/v2\/product"}],"about":[{"href":"https:\/\/uj.adatbank.ro\/lexikon\/wp-json\/wp\/v2\/types\/product"}],"replies":[{"embeddable":true,"href":"https:\/\/uj.adatbank.ro\/lexikon\/wp-json\/wp\/v2\/comments?post=21436"}],"wp:attachment":[{"href":"https:\/\/uj.adatbank.ro\/lexikon\/wp-json\/wp\/v2\/media?parent=21436"}],"wp:term":[{"taxonomy":"product_brand","embeddable":true,"href":"https:\/\/uj.adatbank.ro\/lexikon\/wp-json\/wp\/v2\/product_brand?post=21436"},{"taxonomy":"product_cat","embeddable":true,"href":"https:\/\/uj.adatbank.ro\/lexikon\/wp-json\/wp\/v2\/product_cat?post=21436"},{"taxonomy":"product_tag","embeddable":true,"href":"https:\/\/uj.adatbank.ro\/lexikon\/wp-json\/wp\/v2\/product_tag?post=21436"}],"curies":[{"name":"wp","href":"https:\/\/api.w.org\/{rel}","templated":true}]}}