{"id":21437,"date":"2025-07-22T19:24:52","date_gmt":"2025-07-22T17:24:52","guid":{"rendered":"https:\/\/uj.adatbank.ro\/lexikon\/termek\/szanto-gyula-%c2%a7\/"},"modified":"2025-07-22T19:24:52","modified_gmt":"2025-07-22T17:24:52","slug":"szanto-gyula-%c2%a7","status":"publish","type":"product","link":"https:\/\/uj.adatbank.ro\/lexikon\/termek\/szanto-gyula-%c2%a7\/","title":{"rendered":"SZ\u00c1NT\u00d3 Gyula, \u00a7"},"content":{"rendered":"<p>Mv.? \u2020?: \u00fcgyv\u00e9d. \u2013 Apja gy\u00e1rigazgat\u00f3. Tanult a Berlini Egy. Jogtud. Kar\u00e1n (1909\u201310). Valamint Bp.-en is. M\u00e9g dr. \u00fcgyv\u00e9djel\u00f6ltk\u00e9nt r\u00e9szt vett az I. vh.-ban, hadapr\u00f3d a 62. cs. \u00e9s kir. gyalogezredben, az I. oszt. ez\u00fcst vit\u00e9zs\u00e9gi \u00e9rem tulajdonosa. <br \/><strong>Irod.:<\/strong> Mv. \u00e9s a h\u00e1bor\u00fa, Szab\u00f3\u2013Simon\u2013Sz\u00f6gi.<\/br><\/p>\n","protected":false},"excerpt":{"rendered":"<p>Mv.? \u2020?: \u00fcgyv\u00e9d. \u2013 Apja gy\u00e1rigazgat\u00f3. Tanult a Berlini Egy. Jogtud. Kar\u00e1n (1909\u201310). Valamint Bp.-en is. M\u00e9g dr. \u00fcgyv\u00e9djel\u00f6ltk\u00e9nt r\u00e9szt vett az I. vh.-ban, hadapr\u00f3d a 62. cs. \u00e9s kir. gyalogezredben, az I. oszt. ez\u00fcst vit\u00e9zs\u00e9gi \u00e9rem tulajdonosa. Irod.: Mv. \u00e9s a h\u00e1bor\u00fa, Szab\u00f3\u2013Simon\u2013Sz\u00f6gi.<\/p>\n","protected":false},"featured_media":0,"comment_status":"open","ping_status":"closed","template":"","meta":[],"product_brand":[],"product_cat":[137],"product_tag":[],"class_list":{"0":"post-21437","1":"product","2":"type-product","3":"status-publish","5":"product_cat-maros-megyei-eletrajzi-lexikon","7":"first","8":"instock","9":"shipping-taxable","10":"product-type-simple"},"_links":{"self":[{"href":"https:\/\/uj.adatbank.ro\/lexikon\/wp-json\/wp\/v2\/product\/21437","targetHints":{"allow":["GET"]}}],"collection":[{"href":"https:\/\/uj.adatbank.ro\/lexikon\/wp-json\/wp\/v2\/product"}],"about":[{"href":"https:\/\/uj.adatbank.ro\/lexikon\/wp-json\/wp\/v2\/types\/product"}],"replies":[{"embeddable":true,"href":"https:\/\/uj.adatbank.ro\/lexikon\/wp-json\/wp\/v2\/comments?post=21437"}],"wp:attachment":[{"href":"https:\/\/uj.adatbank.ro\/lexikon\/wp-json\/wp\/v2\/media?parent=21437"}],"wp:term":[{"taxonomy":"product_brand","embeddable":true,"href":"https:\/\/uj.adatbank.ro\/lexikon\/wp-json\/wp\/v2\/product_brand?post=21437"},{"taxonomy":"product_cat","embeddable":true,"href":"https:\/\/uj.adatbank.ro\/lexikon\/wp-json\/wp\/v2\/product_cat?post=21437"},{"taxonomy":"product_tag","embeddable":true,"href":"https:\/\/uj.adatbank.ro\/lexikon\/wp-json\/wp\/v2\/product_tag?post=21437"}],"curies":[{"name":"wp","href":"https:\/\/api.w.org\/{rel}","templated":true}]}}