{"id":21438,"date":"2025-07-22T19:24:55","date_gmt":"2025-07-22T17:24:55","guid":{"rendered":"https:\/\/uj.adatbank.ro\/lexikon\/termek\/szanto-istvan\/"},"modified":"2025-07-22T19:24:55","modified_gmt":"2025-07-22T17:24:55","slug":"szanto-istvan","status":"publish","type":"product","link":"https:\/\/uj.adatbank.ro\/lexikon\/termek\/szanto-istvan\/","title":{"rendered":"SZ\u00c1NT\u00d3 Istv\u00e1n"},"content":{"rendered":"<p>K\u00e9zdiszentkereszt, 1859. j\u00fal. 26., \u2020?: r. k. pap. \u2013 B\u00e9csben a P\u00e1zm\u00e1neumban v\u00e9gezte teol. tanulm\u00e1nyait (1882\u201385). Papp\u00e1 szentelt\u00e9k (1885. j\u00fal. 16.). Szolg\u00e1lt Sz\u00e9kelyhodoson (1889\u201393), Tek\u00e9n adminisztr\u00e1tor (1893\u2013), nyugd\u00edjazt\u00e1k Brass\u00f3ban (1910). <br \/><strong>Irod.:<\/strong> Ferenczi S\u00e1ndor 2009.<\/br><\/p>\n","protected":false},"excerpt":{"rendered":"<p>K\u00e9zdiszentkereszt, 1859. j\u00fal. 26., \u2020?: r. k. pap. \u2013 B\u00e9csben a P\u00e1zm\u00e1neumban v\u00e9gezte teol. tanulm\u00e1nyait (1882\u201385). Papp\u00e1 szentelt\u00e9k (1885. j\u00fal. 16.). Szolg\u00e1lt Sz\u00e9kelyhodoson (1889\u201393), Tek\u00e9n adminisztr\u00e1tor (1893\u2013), nyugd\u00edjazt\u00e1k Brass\u00f3ban (1910). Irod.: Ferenczi S\u00e1ndor 2009.<\/p>\n","protected":false},"featured_media":0,"comment_status":"open","ping_status":"closed","template":"","meta":[],"product_brand":[],"product_cat":[137],"product_tag":[],"class_list":{"0":"post-21438","1":"product","2":"type-product","3":"status-publish","5":"product_cat-maros-megyei-eletrajzi-lexikon","7":"first","8":"instock","9":"shipping-taxable","10":"product-type-simple"},"_links":{"self":[{"href":"https:\/\/uj.adatbank.ro\/lexikon\/wp-json\/wp\/v2\/product\/21438","targetHints":{"allow":["GET"]}}],"collection":[{"href":"https:\/\/uj.adatbank.ro\/lexikon\/wp-json\/wp\/v2\/product"}],"about":[{"href":"https:\/\/uj.adatbank.ro\/lexikon\/wp-json\/wp\/v2\/types\/product"}],"replies":[{"embeddable":true,"href":"https:\/\/uj.adatbank.ro\/lexikon\/wp-json\/wp\/v2\/comments?post=21438"}],"wp:attachment":[{"href":"https:\/\/uj.adatbank.ro\/lexikon\/wp-json\/wp\/v2\/media?parent=21438"}],"wp:term":[{"taxonomy":"product_brand","embeddable":true,"href":"https:\/\/uj.adatbank.ro\/lexikon\/wp-json\/wp\/v2\/product_brand?post=21438"},{"taxonomy":"product_cat","embeddable":true,"href":"https:\/\/uj.adatbank.ro\/lexikon\/wp-json\/wp\/v2\/product_cat?post=21438"},{"taxonomy":"product_tag","embeddable":true,"href":"https:\/\/uj.adatbank.ro\/lexikon\/wp-json\/wp\/v2\/product_tag?post=21438"}],"curies":[{"name":"wp","href":"https:\/\/api.w.org\/{rel}","templated":true}]}}