{"id":21440,"date":"2025-07-22T19:25:00","date_gmt":"2025-07-22T17:25:00","guid":{"rendered":"https:\/\/uj.adatbank.ro\/lexikon\/termek\/szanto-istvan-3\/"},"modified":"2025-07-22T19:25:00","modified_gmt":"2025-07-22T17:25:00","slug":"szanto-istvan-3","status":"publish","type":"product","link":"https:\/\/uj.adatbank.ro\/lexikon\/termek\/szanto-istvan-3\/","title":{"rendered":"SZ\u00c1NT\u00d3 Istv\u00e1n"},"content":{"rendered":"<p>? \u2020?: Mosonban volt a birtokuk. Feles\u00e9g\u00fcl vette Sebess Jen\u0151 \u00fcgyv\u00e9d Rozsi nev\u0171 l\u00e1ny\u00e1t. Fi\u00fak Sz Bandi gy\u00f3gyszer\u00e9sz (Cigesz). Elv\u00e1ltak, marhahajcs\u00e1rk\u00e9nt pusztult el valahol D\u00e9l-Amerik\u00e1ban. <br \/><strong>Irod.:<\/strong> Sipos.<\/br><\/p>\n","protected":false},"excerpt":{"rendered":"<p>? \u2020?: Mosonban volt a birtokuk. Feles\u00e9g\u00fcl vette Sebess Jen\u0151 \u00fcgyv\u00e9d Rozsi nev\u0171 l\u00e1ny\u00e1t. Fi\u00fak Sz Bandi gy\u00f3gyszer\u00e9sz (Cigesz). Elv\u00e1ltak, marhahajcs\u00e1rk\u00e9nt pusztult el valahol D\u00e9l-Amerik\u00e1ban. Irod.: Sipos.<\/p>\n","protected":false},"featured_media":0,"comment_status":"open","ping_status":"closed","template":"","meta":[],"product_brand":[],"product_cat":[137],"product_tag":[],"class_list":{"0":"post-21440","1":"product","2":"type-product","3":"status-publish","5":"product_cat-maros-megyei-eletrajzi-lexikon","7":"first","8":"instock","9":"shipping-taxable","10":"product-type-simple"},"_links":{"self":[{"href":"https:\/\/uj.adatbank.ro\/lexikon\/wp-json\/wp\/v2\/product\/21440","targetHints":{"allow":["GET"]}}],"collection":[{"href":"https:\/\/uj.adatbank.ro\/lexikon\/wp-json\/wp\/v2\/product"}],"about":[{"href":"https:\/\/uj.adatbank.ro\/lexikon\/wp-json\/wp\/v2\/types\/product"}],"replies":[{"embeddable":true,"href":"https:\/\/uj.adatbank.ro\/lexikon\/wp-json\/wp\/v2\/comments?post=21440"}],"wp:attachment":[{"href":"https:\/\/uj.adatbank.ro\/lexikon\/wp-json\/wp\/v2\/media?parent=21440"}],"wp:term":[{"taxonomy":"product_brand","embeddable":true,"href":"https:\/\/uj.adatbank.ro\/lexikon\/wp-json\/wp\/v2\/product_brand?post=21440"},{"taxonomy":"product_cat","embeddable":true,"href":"https:\/\/uj.adatbank.ro\/lexikon\/wp-json\/wp\/v2\/product_cat?post=21440"},{"taxonomy":"product_tag","embeddable":true,"href":"https:\/\/uj.adatbank.ro\/lexikon\/wp-json\/wp\/v2\/product_tag?post=21440"}],"curies":[{"name":"wp","href":"https:\/\/api.w.org\/{rel}","templated":true}]}}