{"id":21441,"date":"2025-07-22T19:25:02","date_gmt":"2025-07-22T17:25:02","guid":{"rendered":"https:\/\/uj.adatbank.ro\/lexikon\/termek\/szanto-istvan-4\/"},"modified":"2025-07-22T19:25:02","modified_gmt":"2025-07-22T17:25:02","slug":"szanto-istvan-4","status":"publish","type":"product","link":"https:\/\/uj.adatbank.ro\/lexikon\/termek\/szanto-istvan-4\/","title":{"rendered":"SZ\u00c1NT\u00d3 Istv\u00e1n"},"content":{"rendered":"<p>? \u2020\u00a01999. \u00e1pr. 3.: \u00e1llatorvos. \u2013 A radn\u00f3ti RMDSZ volt eln\u00f6ke, vezet\u0151je. <br \/><strong>Irod.:<\/strong> In memoriam dr. Sz. I. [Nekrol\u00f3g] (N\u00fa., 1999. m\u00e1j. 11.).<\/br><\/p>\n","protected":false},"excerpt":{"rendered":"<p>? \u2020\u00a01999. \u00e1pr. 3.: \u00e1llatorvos. \u2013 A radn\u00f3ti RMDSZ volt eln\u00f6ke, vezet\u0151je. Irod.: In memoriam dr. Sz. I. [Nekrol\u00f3g] (N\u00fa., 1999. m\u00e1j. 11.).<\/p>\n","protected":false},"featured_media":0,"comment_status":"open","ping_status":"closed","template":"","meta":[],"product_brand":[],"product_cat":[137],"product_tag":[],"class_list":{"0":"post-21441","1":"product","2":"type-product","3":"status-publish","5":"product_cat-maros-megyei-eletrajzi-lexikon","7":"first","8":"instock","9":"shipping-taxable","10":"product-type-simple"},"_links":{"self":[{"href":"https:\/\/uj.adatbank.ro\/lexikon\/wp-json\/wp\/v2\/product\/21441","targetHints":{"allow":["GET"]}}],"collection":[{"href":"https:\/\/uj.adatbank.ro\/lexikon\/wp-json\/wp\/v2\/product"}],"about":[{"href":"https:\/\/uj.adatbank.ro\/lexikon\/wp-json\/wp\/v2\/types\/product"}],"replies":[{"embeddable":true,"href":"https:\/\/uj.adatbank.ro\/lexikon\/wp-json\/wp\/v2\/comments?post=21441"}],"wp:attachment":[{"href":"https:\/\/uj.adatbank.ro\/lexikon\/wp-json\/wp\/v2\/media?parent=21441"}],"wp:term":[{"taxonomy":"product_brand","embeddable":true,"href":"https:\/\/uj.adatbank.ro\/lexikon\/wp-json\/wp\/v2\/product_brand?post=21441"},{"taxonomy":"product_cat","embeddable":true,"href":"https:\/\/uj.adatbank.ro\/lexikon\/wp-json\/wp\/v2\/product_cat?post=21441"},{"taxonomy":"product_tag","embeddable":true,"href":"https:\/\/uj.adatbank.ro\/lexikon\/wp-json\/wp\/v2\/product_tag?post=21441"}],"curies":[{"name":"wp","href":"https:\/\/api.w.org\/{rel}","templated":true}]}}