{"id":21443,"date":"2025-07-22T19:25:05","date_gmt":"2025-07-22T17:25:05","guid":{"rendered":"https:\/\/uj.adatbank.ro\/lexikon\/termek\/szanto-istvan-h\/"},"modified":"2025-07-22T19:25:05","modified_gmt":"2025-07-22T17:25:05","slug":"szanto-istvan-h","status":"publish","type":"product","link":"https:\/\/uj.adatbank.ro\/lexikon\/termek\/szanto-istvan-h\/","title":{"rendered":"SZ\u00c1NT\u00d3 Istv\u00e1n H."},"content":{"rendered":"<p>Harangl\u00e1b, 1868. febr. 29., \u2020?: k\u00f6z\u00e9piskolai tan\u00e1r. \u2013 Iskol\u00e1it Nagyenyeden j\u00e1rta, hol a VII. Gimn\u00e1ziumi oszt\u00e1lyb\u00f3l besorozt\u00e1k katon\u00e1nak; a katonas\u00e1gb\u00f3l haza ker\u00fclve, el\u0151bb mint mag\u00e1ntanul\u00f3 folytatta tanul\u00e1s\u00e1t, egyszersmind nevel\u0151sk\u00f6d\u00f6tt; majd Nagyenyeden a tan\u00edt\u00f3k\u00e9pz\u0151 III. oszt\u00e1ly\u00e1t v\u00e9gezte \u00e9s k\u00f6z\u00e9piskolai tan\u00e1ri k\u00e9pes\u00edt\u00e9st nyert. Katon\u00e1skod\u00e1sa alatt verseket, elbesz\u00e9l\u00e9seket \u00e9s leveleket \u00edrt a Gyulafeh\u00e9rv\u00e1rba; \u00fajabban a M. Nyelvbe (1906.) \u00edrt. \u2013 <strong>F. m.<\/strong>: K\u00f6ltem\u00e9nyek. (Kv., 1896); B\u00e9rczek k\u00f6z\u00f6tt. Versek. (Kv., 1901.). <br \/><strong>Irod.:<\/strong> Szinnyei.<\/br><\/p>\n","protected":false},"excerpt":{"rendered":"<p>Harangl\u00e1b, 1868. febr. 29., \u2020?: k\u00f6z\u00e9piskolai tan\u00e1r. \u2013 Iskol\u00e1it Nagyenyeden j\u00e1rta, hol a VII. Gimn\u00e1ziumi oszt\u00e1lyb\u00f3l besorozt\u00e1k katon\u00e1nak; a katonas\u00e1gb\u00f3l haza ker\u00fclve, el\u0151bb mint mag\u00e1ntanul\u00f3 folytatta tanul\u00e1s\u00e1t, egyszersmind nevel\u0151sk\u00f6d\u00f6tt; majd Nagyenyeden a tan\u00edt\u00f3k\u00e9pz\u0151 III. oszt\u00e1ly\u00e1t v\u00e9gezte \u00e9s k\u00f6z\u00e9piskolai tan\u00e1ri k\u00e9pes\u00edt\u00e9st nyert. Katon\u00e1skod\u00e1sa alatt verseket, elbesz\u00e9l\u00e9seket \u00e9s leveleket \u00edrt a Gyulafeh\u00e9rv\u00e1rba; \u00fajabban a M. Nyelvbe (1906.) [&hellip;]<\/p>\n","protected":false},"featured_media":0,"comment_status":"open","ping_status":"closed","template":"","meta":[],"product_brand":[],"product_cat":[137],"product_tag":[],"class_list":{"0":"post-21443","1":"product","2":"type-product","3":"status-publish","5":"product_cat-maros-megyei-eletrajzi-lexikon","7":"first","8":"instock","9":"shipping-taxable","10":"product-type-simple"},"_links":{"self":[{"href":"https:\/\/uj.adatbank.ro\/lexikon\/wp-json\/wp\/v2\/product\/21443","targetHints":{"allow":["GET"]}}],"collection":[{"href":"https:\/\/uj.adatbank.ro\/lexikon\/wp-json\/wp\/v2\/product"}],"about":[{"href":"https:\/\/uj.adatbank.ro\/lexikon\/wp-json\/wp\/v2\/types\/product"}],"replies":[{"embeddable":true,"href":"https:\/\/uj.adatbank.ro\/lexikon\/wp-json\/wp\/v2\/comments?post=21443"}],"wp:attachment":[{"href":"https:\/\/uj.adatbank.ro\/lexikon\/wp-json\/wp\/v2\/media?parent=21443"}],"wp:term":[{"taxonomy":"product_brand","embeddable":true,"href":"https:\/\/uj.adatbank.ro\/lexikon\/wp-json\/wp\/v2\/product_brand?post=21443"},{"taxonomy":"product_cat","embeddable":true,"href":"https:\/\/uj.adatbank.ro\/lexikon\/wp-json\/wp\/v2\/product_cat?post=21443"},{"taxonomy":"product_tag","embeddable":true,"href":"https:\/\/uj.adatbank.ro\/lexikon\/wp-json\/wp\/v2\/product_tag?post=21443"}],"curies":[{"name":"wp","href":"https:\/\/api.w.org\/{rel}","templated":true}]}}