{"id":21448,"date":"2025-07-22T19:25:18","date_gmt":"2025-07-22T17:25:18","guid":{"rendered":"https:\/\/uj.adatbank.ro\/lexikon\/termek\/szanto-jozsef\/"},"modified":"2025-07-22T19:25:18","modified_gmt":"2025-07-22T17:25:18","slug":"szanto-jozsef","status":"publish","type":"product","link":"https:\/\/uj.adatbank.ro\/lexikon\/termek\/szanto-jozsef\/","title":{"rendered":"SZ\u00c1NT\u00d3 J\u00f3zsef"},"content":{"rendered":"<p>? \u2020?: ref. lelk\u00e9sz. \u2013 Mv.-en subscrib\u00e1lt (1771). A s\u00e1rdi zsinaton ordin\u00e1lt\u00e1k (1783). Abaf\u00e1j\u00e1n szolg\u00e1lt (1783\u201394). Uzdiszentp\u00e9teren (1794\u201396), Harc\u00f3n (1796\u20131809), Marosszentkir\u00e1lyon (1810) \u00e9s Iklandon (1812\u201329) volt lelk\u00e9sz. <br \/><strong>Irod.:<\/strong> Abaf\u00e1ja; \u0150sz.<\/br><\/p>\n","protected":false},"excerpt":{"rendered":"<p>? \u2020?: ref. lelk\u00e9sz. \u2013 Mv.-en subscrib\u00e1lt (1771). A s\u00e1rdi zsinaton ordin\u00e1lt\u00e1k (1783). Abaf\u00e1j\u00e1n szolg\u00e1lt (1783\u201394). Uzdiszentp\u00e9teren (1794\u201396), Harc\u00f3n (1796\u20131809), Marosszentkir\u00e1lyon (1810) \u00e9s Iklandon (1812\u201329) volt lelk\u00e9sz. Irod.: Abaf\u00e1ja; \u0150sz.<\/p>\n","protected":false},"featured_media":0,"comment_status":"open","ping_status":"closed","template":"","meta":[],"product_brand":[],"product_cat":[137],"product_tag":[],"class_list":{"0":"post-21448","1":"product","2":"type-product","3":"status-publish","5":"product_cat-maros-megyei-eletrajzi-lexikon","7":"first","8":"instock","9":"shipping-taxable","10":"product-type-simple"},"_links":{"self":[{"href":"https:\/\/uj.adatbank.ro\/lexikon\/wp-json\/wp\/v2\/product\/21448","targetHints":{"allow":["GET"]}}],"collection":[{"href":"https:\/\/uj.adatbank.ro\/lexikon\/wp-json\/wp\/v2\/product"}],"about":[{"href":"https:\/\/uj.adatbank.ro\/lexikon\/wp-json\/wp\/v2\/types\/product"}],"replies":[{"embeddable":true,"href":"https:\/\/uj.adatbank.ro\/lexikon\/wp-json\/wp\/v2\/comments?post=21448"}],"wp:attachment":[{"href":"https:\/\/uj.adatbank.ro\/lexikon\/wp-json\/wp\/v2\/media?parent=21448"}],"wp:term":[{"taxonomy":"product_brand","embeddable":true,"href":"https:\/\/uj.adatbank.ro\/lexikon\/wp-json\/wp\/v2\/product_brand?post=21448"},{"taxonomy":"product_cat","embeddable":true,"href":"https:\/\/uj.adatbank.ro\/lexikon\/wp-json\/wp\/v2\/product_cat?post=21448"},{"taxonomy":"product_tag","embeddable":true,"href":"https:\/\/uj.adatbank.ro\/lexikon\/wp-json\/wp\/v2\/product_tag?post=21448"}],"curies":[{"name":"wp","href":"https:\/\/api.w.org\/{rel}","templated":true}]}}