{"id":21449,"date":"2025-07-22T19:25:20","date_gmt":"2025-07-22T17:25:20","guid":{"rendered":"https:\/\/uj.adatbank.ro\/lexikon\/termek\/szanto-richard\/"},"modified":"2025-07-22T19:25:20","modified_gmt":"2025-07-22T17:25:20","slug":"szanto-richard","status":"publish","type":"product","link":"https:\/\/uj.adatbank.ro\/lexikon\/termek\/szanto-richard\/","title":{"rendered":"SZ\u00c1NT\u00d3 Rich\u00e1rd"},"content":{"rendered":"<p>Bp., 1880., \u2020?: mag\u00e1ntisztvisel\u0151. \u2013 Mv.-en tev\u00e9kenykedett. \u2013 R\u00e9szt vett az els\u0151 vh.-ban (1914\u201318), az olasz fronton harcolt, megsebes\u00fclt. Mv.-r\u0151l a feles\u00e9g\u00e9vel (1883) egy\u00fctt deport\u00e1lt\u00e1k (1944. m\u00e1j. 29.). <br \/><strong>Irod.:<\/strong> Erd\u00e9lyi ezredek; Mv. zsid\u00f3s\u00e1ga.<\/br><\/p>\n","protected":false},"excerpt":{"rendered":"<p>Bp., 1880., \u2020?: mag\u00e1ntisztvisel\u0151. \u2013 Mv.-en tev\u00e9kenykedett. \u2013 R\u00e9szt vett az els\u0151 vh.-ban (1914\u201318), az olasz fronton harcolt, megsebes\u00fclt. Mv.-r\u0151l a feles\u00e9g\u00e9vel (1883) egy\u00fctt deport\u00e1lt\u00e1k (1944. m\u00e1j. 29.). Irod.: Erd\u00e9lyi ezredek; Mv. zsid\u00f3s\u00e1ga.<\/p>\n","protected":false},"featured_media":0,"comment_status":"open","ping_status":"closed","template":"","meta":[],"product_brand":[],"product_cat":[137],"product_tag":[],"class_list":{"0":"post-21449","1":"product","2":"type-product","3":"status-publish","5":"product_cat-maros-megyei-eletrajzi-lexikon","7":"first","8":"instock","9":"shipping-taxable","10":"product-type-simple"},"_links":{"self":[{"href":"https:\/\/uj.adatbank.ro\/lexikon\/wp-json\/wp\/v2\/product\/21449","targetHints":{"allow":["GET"]}}],"collection":[{"href":"https:\/\/uj.adatbank.ro\/lexikon\/wp-json\/wp\/v2\/product"}],"about":[{"href":"https:\/\/uj.adatbank.ro\/lexikon\/wp-json\/wp\/v2\/types\/product"}],"replies":[{"embeddable":true,"href":"https:\/\/uj.adatbank.ro\/lexikon\/wp-json\/wp\/v2\/comments?post=21449"}],"wp:attachment":[{"href":"https:\/\/uj.adatbank.ro\/lexikon\/wp-json\/wp\/v2\/media?parent=21449"}],"wp:term":[{"taxonomy":"product_brand","embeddable":true,"href":"https:\/\/uj.adatbank.ro\/lexikon\/wp-json\/wp\/v2\/product_brand?post=21449"},{"taxonomy":"product_cat","embeddable":true,"href":"https:\/\/uj.adatbank.ro\/lexikon\/wp-json\/wp\/v2\/product_cat?post=21449"},{"taxonomy":"product_tag","embeddable":true,"href":"https:\/\/uj.adatbank.ro\/lexikon\/wp-json\/wp\/v2\/product_tag?post=21449"}],"curies":[{"name":"wp","href":"https:\/\/api.w.org\/{rel}","templated":true}]}}