{"id":21450,"date":"2025-07-22T19:25:21","date_gmt":"2025-07-22T17:25:21","guid":{"rendered":"https:\/\/uj.adatbank.ro\/lexikon\/termek\/szanto-tibor\/"},"modified":"2025-07-22T19:25:21","modified_gmt":"2025-07-22T17:25:21","slug":"szanto-tibor","status":"publish","type":"product","link":"https:\/\/uj.adatbank.ro\/lexikon\/termek\/szanto-tibor\/","title":{"rendered":"SZ\u00c1NT\u00d3 Tibor"},"content":{"rendered":"<p>? \u2020?: A mv.-i temet\u0151ben nyugszik; a csal\u00e1d t\u00f6bbi tagja Mosonban van eltemetve.: f\u00f6ldbirtokos. \u2013 Mosoni f\u00f6ldbirtokos csal\u00e1d sarja. \u2013 F\u00f6ldbirtokaikat elvett\u00e9k, \u00e9s sz\u00e9tosztott\u00e1k a falu nincstelenjei k\u00f6z\u00f6tt (1920). Sz\u00e9p udvarh\u00e1zukat lerombolt\u00e1k, sz\u00e9thordt\u00e1k. <br \/><strong>Irod.:<\/strong> Ny\u00e1r\u00e1dszereda.<\/br><\/p>\n","protected":false},"excerpt":{"rendered":"<p>? \u2020?: A mv.-i temet\u0151ben nyugszik; a csal\u00e1d t\u00f6bbi tagja Mosonban van eltemetve.: f\u00f6ldbirtokos. \u2013 Mosoni f\u00f6ldbirtokos csal\u00e1d sarja. \u2013 F\u00f6ldbirtokaikat elvett\u00e9k, \u00e9s sz\u00e9tosztott\u00e1k a falu nincstelenjei k\u00f6z\u00f6tt (1920). Sz\u00e9p udvarh\u00e1zukat lerombolt\u00e1k, sz\u00e9thordt\u00e1k. Irod.: Ny\u00e1r\u00e1dszereda.<\/p>\n","protected":false},"featured_media":0,"comment_status":"open","ping_status":"closed","template":"","meta":[],"product_brand":[],"product_cat":[137],"product_tag":[],"class_list":{"0":"post-21450","1":"product","2":"type-product","3":"status-publish","5":"product_cat-maros-megyei-eletrajzi-lexikon","7":"first","8":"instock","9":"shipping-taxable","10":"product-type-simple"},"_links":{"self":[{"href":"https:\/\/uj.adatbank.ro\/lexikon\/wp-json\/wp\/v2\/product\/21450","targetHints":{"allow":["GET"]}}],"collection":[{"href":"https:\/\/uj.adatbank.ro\/lexikon\/wp-json\/wp\/v2\/product"}],"about":[{"href":"https:\/\/uj.adatbank.ro\/lexikon\/wp-json\/wp\/v2\/types\/product"}],"replies":[{"embeddable":true,"href":"https:\/\/uj.adatbank.ro\/lexikon\/wp-json\/wp\/v2\/comments?post=21450"}],"wp:attachment":[{"href":"https:\/\/uj.adatbank.ro\/lexikon\/wp-json\/wp\/v2\/media?parent=21450"}],"wp:term":[{"taxonomy":"product_brand","embeddable":true,"href":"https:\/\/uj.adatbank.ro\/lexikon\/wp-json\/wp\/v2\/product_brand?post=21450"},{"taxonomy":"product_cat","embeddable":true,"href":"https:\/\/uj.adatbank.ro\/lexikon\/wp-json\/wp\/v2\/product_cat?post=21450"},{"taxonomy":"product_tag","embeddable":true,"href":"https:\/\/uj.adatbank.ro\/lexikon\/wp-json\/wp\/v2\/product_tag?post=21450"}],"curies":[{"name":"wp","href":"https:\/\/api.w.org\/{rel}","templated":true}]}}