{"id":21451,"date":"2025-07-22T19:25:23","date_gmt":"2025-07-22T17:25:23","guid":{"rendered":"https:\/\/uj.adatbank.ro\/lexikon\/termek\/szantsali-mihaly\/"},"modified":"2025-07-22T19:25:23","modified_gmt":"2025-07-22T17:25:23","slug":"szantsali-mihaly","status":"publish","type":"product","link":"https:\/\/uj.adatbank.ro\/lexikon\/termek\/szantsali-mihaly\/","title":{"rendered":"SZANTSALI Mih\u00e1ly"},"content":{"rendered":"<p>? \u2020?: ref. lelk\u00e9sz. \u2013 Makfalv\u00e1n, Sz\u00e9kelykakasdon (1741\u201344), Kelementelk\u00e9n, Ny\u00e1r\u00e1dszered\u00e1ban (1766\u20131771) szolg\u00e1lt. <br \/><strong>Irod.:<\/strong> Imreh Barna; Sz\u00e9kelykakasd.<\/br><\/p>\n","protected":false},"excerpt":{"rendered":"<p>? \u2020?: ref. lelk\u00e9sz. \u2013 Makfalv\u00e1n, Sz\u00e9kelykakasdon (1741\u201344), Kelementelk\u00e9n, Ny\u00e1r\u00e1dszered\u00e1ban (1766\u20131771) szolg\u00e1lt. Irod.: Imreh Barna; Sz\u00e9kelykakasd.<\/p>\n","protected":false},"featured_media":0,"comment_status":"open","ping_status":"closed","template":"","meta":[],"product_brand":[],"product_cat":[137],"product_tag":[],"class_list":{"0":"post-21451","1":"product","2":"type-product","3":"status-publish","5":"product_cat-maros-megyei-eletrajzi-lexikon","7":"first","8":"instock","9":"shipping-taxable","10":"product-type-simple"},"_links":{"self":[{"href":"https:\/\/uj.adatbank.ro\/lexikon\/wp-json\/wp\/v2\/product\/21451","targetHints":{"allow":["GET"]}}],"collection":[{"href":"https:\/\/uj.adatbank.ro\/lexikon\/wp-json\/wp\/v2\/product"}],"about":[{"href":"https:\/\/uj.adatbank.ro\/lexikon\/wp-json\/wp\/v2\/types\/product"}],"replies":[{"embeddable":true,"href":"https:\/\/uj.adatbank.ro\/lexikon\/wp-json\/wp\/v2\/comments?post=21451"}],"wp:attachment":[{"href":"https:\/\/uj.adatbank.ro\/lexikon\/wp-json\/wp\/v2\/media?parent=21451"}],"wp:term":[{"taxonomy":"product_brand","embeddable":true,"href":"https:\/\/uj.adatbank.ro\/lexikon\/wp-json\/wp\/v2\/product_brand?post=21451"},{"taxonomy":"product_cat","embeddable":true,"href":"https:\/\/uj.adatbank.ro\/lexikon\/wp-json\/wp\/v2\/product_cat?post=21451"},{"taxonomy":"product_tag","embeddable":true,"href":"https:\/\/uj.adatbank.ro\/lexikon\/wp-json\/wp\/v2\/product_tag?post=21451"}],"curies":[{"name":"wp","href":"https:\/\/api.w.org\/{rel}","templated":true}]}}