{"id":21453,"date":"2025-07-22T19:25:27","date_gmt":"2025-07-22T17:25:27","guid":{"rendered":"https:\/\/uj.adatbank.ro\/lexikon\/termek\/szappanos-jozsef-szappanos-josephus\/"},"modified":"2025-07-22T19:25:27","modified_gmt":"2025-07-22T17:25:27","slug":"szappanos-jozsef-szappanos-josephus","status":"publish","type":"product","link":"https:\/\/uj.adatbank.ro\/lexikon\/termek\/szappanos-jozsef-szappanos-josephus\/","title":{"rendered":"SZAPPANOS J\u00f3zsef, Szappanos Josephus"},"content":{"rendered":"<p>Mv., 1821? \u2020?: egyetemi hallgat\u00f3 \u2013 Sz. Andreas, mv.-i polg\u00e1r fia. \u2013 Seb\u00e9szinas, majd a Pesti Egyetemen seb\u00e9szhallgat\u00f3 (1841\u201343). <br \/><strong>Irod.:<\/strong> Szab\u00f3 Mikl\u00f3s 2005.<\/br><\/p>\n","protected":false},"excerpt":{"rendered":"<p>Mv., 1821? \u2020?: egyetemi hallgat\u00f3 \u2013 Sz. Andreas, mv.-i polg\u00e1r fia. \u2013 Seb\u00e9szinas, majd a Pesti Egyetemen seb\u00e9szhallgat\u00f3 (1841\u201343). Irod.: Szab\u00f3 Mikl\u00f3s 2005.<\/p>\n","protected":false},"featured_media":0,"comment_status":"open","ping_status":"closed","template":"","meta":[],"product_brand":[],"product_cat":[137],"product_tag":[],"class_list":{"0":"post-21453","1":"product","2":"type-product","3":"status-publish","5":"product_cat-maros-megyei-eletrajzi-lexikon","7":"first","8":"instock","9":"shipping-taxable","10":"product-type-simple"},"_links":{"self":[{"href":"https:\/\/uj.adatbank.ro\/lexikon\/wp-json\/wp\/v2\/product\/21453","targetHints":{"allow":["GET"]}}],"collection":[{"href":"https:\/\/uj.adatbank.ro\/lexikon\/wp-json\/wp\/v2\/product"}],"about":[{"href":"https:\/\/uj.adatbank.ro\/lexikon\/wp-json\/wp\/v2\/types\/product"}],"replies":[{"embeddable":true,"href":"https:\/\/uj.adatbank.ro\/lexikon\/wp-json\/wp\/v2\/comments?post=21453"}],"wp:attachment":[{"href":"https:\/\/uj.adatbank.ro\/lexikon\/wp-json\/wp\/v2\/media?parent=21453"}],"wp:term":[{"taxonomy":"product_brand","embeddable":true,"href":"https:\/\/uj.adatbank.ro\/lexikon\/wp-json\/wp\/v2\/product_brand?post=21453"},{"taxonomy":"product_cat","embeddable":true,"href":"https:\/\/uj.adatbank.ro\/lexikon\/wp-json\/wp\/v2\/product_cat?post=21453"},{"taxonomy":"product_tag","embeddable":true,"href":"https:\/\/uj.adatbank.ro\/lexikon\/wp-json\/wp\/v2\/product_tag?post=21453"}],"curies":[{"name":"wp","href":"https:\/\/api.w.org\/{rel}","templated":true}]}}