{"id":21455,"date":"2025-07-22T19:25:30","date_gmt":"2025-07-22T17:25:30","guid":{"rendered":"https:\/\/uj.adatbank.ro\/lexikon\/termek\/szappanyos-gabriella-%c2%a7\/"},"modified":"2025-07-22T19:25:30","modified_gmt":"2025-07-22T17:25:30","slug":"szappanyos-gabriella-%c2%a7","status":"publish","type":"product","link":"https:\/\/uj.adatbank.ro\/lexikon\/termek\/szappanyos-gabriella-%c2%a7\/","title":{"rendered":"SZAPPANYOS Gabriella, \u00a7"},"content":{"rendered":"<p>? \u2020?: \u00fajs\u00e1g\u00edr\u00f3, \u00edr\u00f3. \u2013 Sz\u00e1sz Endr\u00e9vel, f\u00e9rj\u00e9vel egy\u00fctt szerkesztette a mv.-i Sz\u00e9kely Sz\u00f3 c. lapot (1940\u201344). <br \/><strong>Irod.:<\/strong> MMK; Molter 1.<\/br><\/p>\n","protected":false},"excerpt":{"rendered":"<p>? \u2020?: \u00fajs\u00e1g\u00edr\u00f3, \u00edr\u00f3. \u2013 Sz\u00e1sz Endr\u00e9vel, f\u00e9rj\u00e9vel egy\u00fctt szerkesztette a mv.-i Sz\u00e9kely Sz\u00f3 c. lapot (1940\u201344). Irod.: MMK; Molter 1.<\/p>\n","protected":false},"featured_media":0,"comment_status":"open","ping_status":"closed","template":"","meta":[],"product_brand":[],"product_cat":[137],"product_tag":[],"class_list":{"0":"post-21455","1":"product","2":"type-product","3":"status-publish","5":"product_cat-maros-megyei-eletrajzi-lexikon","7":"first","8":"instock","9":"shipping-taxable","10":"product-type-simple"},"_links":{"self":[{"href":"https:\/\/uj.adatbank.ro\/lexikon\/wp-json\/wp\/v2\/product\/21455","targetHints":{"allow":["GET"]}}],"collection":[{"href":"https:\/\/uj.adatbank.ro\/lexikon\/wp-json\/wp\/v2\/product"}],"about":[{"href":"https:\/\/uj.adatbank.ro\/lexikon\/wp-json\/wp\/v2\/types\/product"}],"replies":[{"embeddable":true,"href":"https:\/\/uj.adatbank.ro\/lexikon\/wp-json\/wp\/v2\/comments?post=21455"}],"wp:attachment":[{"href":"https:\/\/uj.adatbank.ro\/lexikon\/wp-json\/wp\/v2\/media?parent=21455"}],"wp:term":[{"taxonomy":"product_brand","embeddable":true,"href":"https:\/\/uj.adatbank.ro\/lexikon\/wp-json\/wp\/v2\/product_brand?post=21455"},{"taxonomy":"product_cat","embeddable":true,"href":"https:\/\/uj.adatbank.ro\/lexikon\/wp-json\/wp\/v2\/product_cat?post=21455"},{"taxonomy":"product_tag","embeddable":true,"href":"https:\/\/uj.adatbank.ro\/lexikon\/wp-json\/wp\/v2\/product_tag?post=21455"}],"curies":[{"name":"wp","href":"https:\/\/api.w.org\/{rel}","templated":true}]}}