{"id":21457,"date":"2025-07-22T19:25:35","date_gmt":"2025-07-22T17:25:35","guid":{"rendered":"https:\/\/uj.adatbank.ro\/lexikon\/termek\/szarhegyi-jozsef\/"},"modified":"2025-07-22T19:25:35","modified_gmt":"2025-07-22T17:25:35","slug":"szarhegyi-jozsef","status":"publish","type":"product","link":"https:\/\/uj.adatbank.ro\/lexikon\/termek\/szarhegyi-jozsef\/","title":{"rendered":"SZ\u00c1RHEGYI J\u00f3zsef"},"content":{"rendered":"<p>Sz\u00e1rhegy? \u2020 1802. j\u00fal. 18.: r. k. pap. \u2013 Kv.-on \u00e9s Nagyszombaton (1762\u201364) tanult. Pl\u00e9b\u00e1nos Kerel\u0151szentp\u00e1lon (1764\u201369), Ny\u00e1r\u00e1dk\u00f6szv\u00e9nyesen (1773\u201388), H\u00e1tszegen pl\u00e9b\u00e1nos \u00e9s esperes. <br \/><strong>Irod.:<\/strong> Ferenczi S\u00e1ndor 2009.<\/br><\/p>\n","protected":false},"excerpt":{"rendered":"<p>Sz\u00e1rhegy? \u2020 1802. j\u00fal. 18.: r. k. pap. \u2013 Kv.-on \u00e9s Nagyszombaton (1762\u201364) tanult. Pl\u00e9b\u00e1nos Kerel\u0151szentp\u00e1lon (1764\u201369), Ny\u00e1r\u00e1dk\u00f6szv\u00e9nyesen (1773\u201388), H\u00e1tszegen pl\u00e9b\u00e1nos \u00e9s esperes. Irod.: Ferenczi S\u00e1ndor 2009.<\/p>\n","protected":false},"featured_media":0,"comment_status":"open","ping_status":"closed","template":"","meta":[],"product_brand":[],"product_cat":[137],"product_tag":[],"class_list":{"0":"post-21457","1":"product","2":"type-product","3":"status-publish","5":"product_cat-maros-megyei-eletrajzi-lexikon","7":"first","8":"instock","9":"shipping-taxable","10":"product-type-simple"},"_links":{"self":[{"href":"https:\/\/uj.adatbank.ro\/lexikon\/wp-json\/wp\/v2\/product\/21457","targetHints":{"allow":["GET"]}}],"collection":[{"href":"https:\/\/uj.adatbank.ro\/lexikon\/wp-json\/wp\/v2\/product"}],"about":[{"href":"https:\/\/uj.adatbank.ro\/lexikon\/wp-json\/wp\/v2\/types\/product"}],"replies":[{"embeddable":true,"href":"https:\/\/uj.adatbank.ro\/lexikon\/wp-json\/wp\/v2\/comments?post=21457"}],"wp:attachment":[{"href":"https:\/\/uj.adatbank.ro\/lexikon\/wp-json\/wp\/v2\/media?parent=21457"}],"wp:term":[{"taxonomy":"product_brand","embeddable":true,"href":"https:\/\/uj.adatbank.ro\/lexikon\/wp-json\/wp\/v2\/product_brand?post=21457"},{"taxonomy":"product_cat","embeddable":true,"href":"https:\/\/uj.adatbank.ro\/lexikon\/wp-json\/wp\/v2\/product_cat?post=21457"},{"taxonomy":"product_tag","embeddable":true,"href":"https:\/\/uj.adatbank.ro\/lexikon\/wp-json\/wp\/v2\/product_tag?post=21457"}],"curies":[{"name":"wp","href":"https:\/\/api.w.org\/{rel}","templated":true}]}}