{"id":2146,"date":"2025-06-28T12:05:09","date_gmt":"2025-06-28T10:05:09","guid":{"rendered":"https:\/\/uj.adatbank.ro\/lexikon\/termek\/banffy-agnes-losonczi-banffy-denes-lanya-br-daniel-istvanne\/"},"modified":"2025-06-28T12:05:09","modified_gmt":"2025-06-28T10:05:09","slug":"banffy-agnes-losonczi-banffy-denes-lanya-br-daniel-istvanne","status":"publish","type":"product","link":"https:\/\/uj.adatbank.ro\/lexikon\/termek\/banffy-agnes-losonczi-banffy-denes-lanya-br-daniel-istvanne\/","title":{"rendered":"B\u00c1NFFY \u00c1gnes, losonczi; B\u00e1nffy D\u00e9nes l\u00e1nya br. D\u00e1niel Istv\u00e1nn\u00e9"},"content":{"rendered":"<p>? \u2020\u00a0Vessz\u0151s, 1754. aug.?. Incze Istv\u00e1n \u00e9s Papp Zsigmond b\u00facs\u00faztatt\u00e1k (1754. aug. 18.): f\u00f6ldbirtokos, nemes. \u2013 B. Gy\u00f6rgy (1689\u20131735) \u00e9s Thoroczkay \u00c1gnes le\u00e1nya. F\u00e9rje vargyasi br. Daniel Istv\u00e1n (\u2020\u00a01788), udvarhelysz\u00e9ki f\u0151kir\u00e1lyb\u00edr\u00f3, f\u0151korm\u00e1nysz\u00e1ki tan\u00e1csos, aranykulcsos b. t. t. Gyermekeik: Istv\u00e1n, cs. kir. hadnagy; Zsuzsanna, Barcsay L\u00e1szl\u00f3n\u00e9; Polixenia (1720\u20131775), a \u00ab Magyar Minerva\u00a0\u00bb, hadadi br. Wessel\u00e9nyi Istv\u00e1nn\u00e9 (1708\u20131757). <br \/><strong>Irod.:<\/strong> Bicsok\u2013Orb\u00e1n; Halotti besz\u00e9dek; Incze Istv\u00e1n: Halotti besz\u00e9d&#8230; (Kv., 1755), Papp Zsigmond: A b\u00e1r\u00e1ny \u00e9let\u00e9nek k\u00f6nyve&#8230; (Kv., 1755)<\/br><\/p>\n","protected":false},"excerpt":{"rendered":"<p>? \u2020\u00a0Vessz\u0151s, 1754. aug.?. Incze Istv\u00e1n \u00e9s Papp Zsigmond b\u00facs\u00faztatt\u00e1k (1754. aug. 18.): f\u00f6ldbirtokos, nemes. \u2013 B. Gy\u00f6rgy (1689\u20131735) \u00e9s Thoroczkay \u00c1gnes le\u00e1nya. F\u00e9rje vargyasi br. Daniel Istv\u00e1n (\u2020\u00a01788), udvarhelysz\u00e9ki f\u0151kir\u00e1lyb\u00edr\u00f3, f\u0151korm\u00e1nysz\u00e1ki tan\u00e1csos, aranykulcsos b. t. t. Gyermekeik: Istv\u00e1n, cs. kir. hadnagy; Zsuzsanna, Barcsay L\u00e1szl\u00f3n\u00e9; Polixenia (1720\u20131775), a \u00ab Magyar Minerva\u00a0\u00bb, hadadi br. Wessel\u00e9nyi Istv\u00e1nn\u00e9 [&hellip;]<\/p>\n","protected":false},"featured_media":0,"comment_status":"open","ping_status":"closed","template":"","meta":[],"product_brand":[],"product_cat":[137],"product_tag":[],"class_list":{"0":"post-2146","1":"product","2":"type-product","3":"status-publish","5":"product_cat-maros-megyei-eletrajzi-lexikon","7":"first","8":"instock","9":"shipping-taxable","10":"product-type-simple"},"_links":{"self":[{"href":"https:\/\/uj.adatbank.ro\/lexikon\/wp-json\/wp\/v2\/product\/2146","targetHints":{"allow":["GET"]}}],"collection":[{"href":"https:\/\/uj.adatbank.ro\/lexikon\/wp-json\/wp\/v2\/product"}],"about":[{"href":"https:\/\/uj.adatbank.ro\/lexikon\/wp-json\/wp\/v2\/types\/product"}],"replies":[{"embeddable":true,"href":"https:\/\/uj.adatbank.ro\/lexikon\/wp-json\/wp\/v2\/comments?post=2146"}],"wp:attachment":[{"href":"https:\/\/uj.adatbank.ro\/lexikon\/wp-json\/wp\/v2\/media?parent=2146"}],"wp:term":[{"taxonomy":"product_brand","embeddable":true,"href":"https:\/\/uj.adatbank.ro\/lexikon\/wp-json\/wp\/v2\/product_brand?post=2146"},{"taxonomy":"product_cat","embeddable":true,"href":"https:\/\/uj.adatbank.ro\/lexikon\/wp-json\/wp\/v2\/product_cat?post=2146"},{"taxonomy":"product_tag","embeddable":true,"href":"https:\/\/uj.adatbank.ro\/lexikon\/wp-json\/wp\/v2\/product_tag?post=2146"}],"curies":[{"name":"wp","href":"https:\/\/api.w.org\/{rel}","templated":true}]}}