{"id":21461,"date":"2025-07-22T19:25:43","date_gmt":"2025-07-22T17:25:43","guid":{"rendered":"https:\/\/uj.adatbank.ro\/lexikon\/termek\/szarvas-gyorgy\/"},"modified":"2025-07-22T19:25:43","modified_gmt":"2025-07-22T17:25:43","slug":"szarvas-gyorgy","status":"publish","type":"product","link":"https:\/\/uj.adatbank.ro\/lexikon\/termek\/szarvas-gyorgy\/","title":{"rendered":"SZARVAS Gy\u00f6rgy"},"content":{"rendered":"<p>?, \u2020?: ad\u00f3szed\u0151, malomb\u00edr\u00f3 \u2013 A mv.-i esk\u00fcdt k\u00f6z\u00f6ns\u00e9g tagja, malomb\u00edr\u00f3 (1735) ad\u00f3szed\u0151 (1739), <br \/><strong>Irod.:<\/strong> P\u00e1l-Antal 2006.<\/br><\/p>\n","protected":false},"excerpt":{"rendered":"<p>?, \u2020?: ad\u00f3szed\u0151, malomb\u00edr\u00f3 \u2013 A mv.-i esk\u00fcdt k\u00f6z\u00f6ns\u00e9g tagja, malomb\u00edr\u00f3 (1735) ad\u00f3szed\u0151 (1739), Irod.: P\u00e1l-Antal 2006.<\/p>\n","protected":false},"featured_media":0,"comment_status":"open","ping_status":"closed","template":"","meta":[],"product_brand":[],"product_cat":[137],"product_tag":[],"class_list":{"0":"post-21461","1":"product","2":"type-product","3":"status-publish","5":"product_cat-maros-megyei-eletrajzi-lexikon","7":"first","8":"instock","9":"shipping-taxable","10":"product-type-simple"},"_links":{"self":[{"href":"https:\/\/uj.adatbank.ro\/lexikon\/wp-json\/wp\/v2\/product\/21461","targetHints":{"allow":["GET"]}}],"collection":[{"href":"https:\/\/uj.adatbank.ro\/lexikon\/wp-json\/wp\/v2\/product"}],"about":[{"href":"https:\/\/uj.adatbank.ro\/lexikon\/wp-json\/wp\/v2\/types\/product"}],"replies":[{"embeddable":true,"href":"https:\/\/uj.adatbank.ro\/lexikon\/wp-json\/wp\/v2\/comments?post=21461"}],"wp:attachment":[{"href":"https:\/\/uj.adatbank.ro\/lexikon\/wp-json\/wp\/v2\/media?parent=21461"}],"wp:term":[{"taxonomy":"product_brand","embeddable":true,"href":"https:\/\/uj.adatbank.ro\/lexikon\/wp-json\/wp\/v2\/product_brand?post=21461"},{"taxonomy":"product_cat","embeddable":true,"href":"https:\/\/uj.adatbank.ro\/lexikon\/wp-json\/wp\/v2\/product_cat?post=21461"},{"taxonomy":"product_tag","embeddable":true,"href":"https:\/\/uj.adatbank.ro\/lexikon\/wp-json\/wp\/v2\/product_tag?post=21461"}],"curies":[{"name":"wp","href":"https:\/\/api.w.org\/{rel}","templated":true}]}}