{"id":21473,"date":"2025-07-22T19:26:10","date_gmt":"2025-07-22T17:26:10","guid":{"rendered":"https:\/\/uj.adatbank.ro\/lexikon\/termek\/szasz-somosdi-csalad\/"},"modified":"2025-07-22T19:26:10","modified_gmt":"2025-07-22T17:26:10","slug":"szasz-somosdi-csalad","status":"publish","type":"product","link":"https:\/\/uj.adatbank.ro\/lexikon\/termek\/szasz-somosdi-csalad\/","title":{"rendered":"SZ\u00c1SZ, somosdi csal\u00e1d"},"content":{"rendered":"<p>Sz Gy\u00f6rgy, J\u00e1nos \u00e9s P\u00e9ter nyert primipil\u00e1rist R\u00e1k\u00f3czi Gy\u00f6rgyt\u0151l (1653). <br \/><strong>Irod.:<\/strong> P\u00e1lmay.<\/br><\/p>\n","protected":false},"excerpt":{"rendered":"<p>Sz Gy\u00f6rgy, J\u00e1nos \u00e9s P\u00e9ter nyert primipil\u00e1rist R\u00e1k\u00f3czi Gy\u00f6rgyt\u0151l (1653). Irod.: P\u00e1lmay.<\/p>\n","protected":false},"featured_media":0,"comment_status":"open","ping_status":"closed","template":"","meta":[],"product_brand":[],"product_cat":[137],"product_tag":[],"class_list":{"0":"post-21473","1":"product","2":"type-product","3":"status-publish","5":"product_cat-maros-megyei-eletrajzi-lexikon","7":"first","8":"instock","9":"shipping-taxable","10":"product-type-simple"},"_links":{"self":[{"href":"https:\/\/uj.adatbank.ro\/lexikon\/wp-json\/wp\/v2\/product\/21473","targetHints":{"allow":["GET"]}}],"collection":[{"href":"https:\/\/uj.adatbank.ro\/lexikon\/wp-json\/wp\/v2\/product"}],"about":[{"href":"https:\/\/uj.adatbank.ro\/lexikon\/wp-json\/wp\/v2\/types\/product"}],"replies":[{"embeddable":true,"href":"https:\/\/uj.adatbank.ro\/lexikon\/wp-json\/wp\/v2\/comments?post=21473"}],"wp:attachment":[{"href":"https:\/\/uj.adatbank.ro\/lexikon\/wp-json\/wp\/v2\/media?parent=21473"}],"wp:term":[{"taxonomy":"product_brand","embeddable":true,"href":"https:\/\/uj.adatbank.ro\/lexikon\/wp-json\/wp\/v2\/product_brand?post=21473"},{"taxonomy":"product_cat","embeddable":true,"href":"https:\/\/uj.adatbank.ro\/lexikon\/wp-json\/wp\/v2\/product_cat?post=21473"},{"taxonomy":"product_tag","embeddable":true,"href":"https:\/\/uj.adatbank.ro\/lexikon\/wp-json\/wp\/v2\/product_tag?post=21473"}],"curies":[{"name":"wp","href":"https:\/\/api.w.org\/{rel}","templated":true}]}}