{"id":21479,"date":"2025-07-22T19:26:23","date_gmt":"2025-07-22T17:26:23","guid":{"rendered":"https:\/\/uj.adatbank.ro\/lexikon\/termek\/szasz-vajdaszentivani-alias-nagy-csalad\/"},"modified":"2025-07-22T19:26:23","modified_gmt":"2025-07-22T17:26:23","slug":"szasz-vajdaszentivani-alias-nagy-csalad","status":"publish","type":"product","link":"https:\/\/uj.adatbank.ro\/lexikon\/termek\/szasz-vajdaszentivani-alias-nagy-csalad\/","title":{"rendered":"SZ\u00c1SZ, vajdaszentiv\u00e1ni, alias Nagy csal\u00e1d"},"content":{"rendered":"<p>C\u00edmereslevele kelt 1625. m\u00e1j. 25. <br \/><strong>Irod.:<\/strong> Kempelen; P\u00e1lmay.<\/br><\/p>\n","protected":false},"excerpt":{"rendered":"<p>C\u00edmereslevele kelt 1625. m\u00e1j. 25. Irod.: Kempelen; P\u00e1lmay.<\/p>\n","protected":false},"featured_media":0,"comment_status":"open","ping_status":"closed","template":"","meta":[],"product_brand":[],"product_cat":[137],"product_tag":[],"class_list":{"0":"post-21479","1":"product","2":"type-product","3":"status-publish","5":"product_cat-maros-megyei-eletrajzi-lexikon","7":"first","8":"instock","9":"shipping-taxable","10":"product-type-simple"},"_links":{"self":[{"href":"https:\/\/uj.adatbank.ro\/lexikon\/wp-json\/wp\/v2\/product\/21479","targetHints":{"allow":["GET"]}}],"collection":[{"href":"https:\/\/uj.adatbank.ro\/lexikon\/wp-json\/wp\/v2\/product"}],"about":[{"href":"https:\/\/uj.adatbank.ro\/lexikon\/wp-json\/wp\/v2\/types\/product"}],"replies":[{"embeddable":true,"href":"https:\/\/uj.adatbank.ro\/lexikon\/wp-json\/wp\/v2\/comments?post=21479"}],"wp:attachment":[{"href":"https:\/\/uj.adatbank.ro\/lexikon\/wp-json\/wp\/v2\/media?parent=21479"}],"wp:term":[{"taxonomy":"product_brand","embeddable":true,"href":"https:\/\/uj.adatbank.ro\/lexikon\/wp-json\/wp\/v2\/product_brand?post=21479"},{"taxonomy":"product_cat","embeddable":true,"href":"https:\/\/uj.adatbank.ro\/lexikon\/wp-json\/wp\/v2\/product_cat?post=21479"},{"taxonomy":"product_tag","embeddable":true,"href":"https:\/\/uj.adatbank.ro\/lexikon\/wp-json\/wp\/v2\/product_tag?post=21479"}],"curies":[{"name":"wp","href":"https:\/\/api.w.org\/{rel}","templated":true}]}}