{"id":21480,"date":"2025-07-22T19:26:24","date_gmt":"2025-07-22T17:26:24","guid":{"rendered":"https:\/\/uj.adatbank.ro\/lexikon\/termek\/szasz-adalbert\/"},"modified":"2025-07-22T19:26:24","modified_gmt":"2025-07-22T17:26:24","slug":"szasz-adalbert","status":"publish","type":"product","link":"https:\/\/uj.adatbank.ro\/lexikon\/termek\/szasz-adalbert\/","title":{"rendered":"SZ\u00c1SZ Adalbert"},"content":{"rendered":"<p>Parajd, 1920. dec. 10., \u2020\u00a0Mv., 1980.: sz\u00e1zados. \u2013 Alhadnagy (1952), hadnagy (1954), sz\u00e1zados (1960). Brass\u00f3 \/ Szt\u00e1lin Tartom\u00e1ny Securitate (1952\u201354), MAT Securitate Tartom\u00e1nyi Igazgat\u00f3s\u00e1ga mv.-i hivatal\u00e1n hadnagy (1955\u2013), sz\u00e1zados (1960\u201363), a Mv. Rajoni Securitate f\u0151n\u00f6ke (1962\u201363). <br \/><strong>Irod.:<\/strong> Bartos 2012.; http:\/\/www.cnsas.ro\/documente\/cadrele_securitatii\/SZASZ%20ADALBERT.pdf.<\/br><\/p>\n","protected":false},"excerpt":{"rendered":"<p>Parajd, 1920. dec. 10., \u2020\u00a0Mv., 1980.: sz\u00e1zados. \u2013 Alhadnagy (1952), hadnagy (1954), sz\u00e1zados (1960). Brass\u00f3 \/ Szt\u00e1lin Tartom\u00e1ny Securitate (1952\u201354), MAT Securitate Tartom\u00e1nyi Igazgat\u00f3s\u00e1ga mv.-i hivatal\u00e1n hadnagy (1955\u2013), sz\u00e1zados (1960\u201363), a Mv. Rajoni Securitate f\u0151n\u00f6ke (1962\u201363). Irod.: Bartos 2012.; http:\/\/www.cnsas.ro\/documente\/cadrele_securitatii\/SZASZ%20ADALBERT.pdf.<\/p>\n","protected":false},"featured_media":0,"comment_status":"open","ping_status":"closed","template":"","meta":[],"product_brand":[],"product_cat":[137],"product_tag":[],"class_list":{"0":"post-21480","1":"product","2":"type-product","3":"status-publish","5":"product_cat-maros-megyei-eletrajzi-lexikon","7":"first","8":"instock","9":"shipping-taxable","10":"product-type-simple"},"_links":{"self":[{"href":"https:\/\/uj.adatbank.ro\/lexikon\/wp-json\/wp\/v2\/product\/21480","targetHints":{"allow":["GET"]}}],"collection":[{"href":"https:\/\/uj.adatbank.ro\/lexikon\/wp-json\/wp\/v2\/product"}],"about":[{"href":"https:\/\/uj.adatbank.ro\/lexikon\/wp-json\/wp\/v2\/types\/product"}],"replies":[{"embeddable":true,"href":"https:\/\/uj.adatbank.ro\/lexikon\/wp-json\/wp\/v2\/comments?post=21480"}],"wp:attachment":[{"href":"https:\/\/uj.adatbank.ro\/lexikon\/wp-json\/wp\/v2\/media?parent=21480"}],"wp:term":[{"taxonomy":"product_brand","embeddable":true,"href":"https:\/\/uj.adatbank.ro\/lexikon\/wp-json\/wp\/v2\/product_brand?post=21480"},{"taxonomy":"product_cat","embeddable":true,"href":"https:\/\/uj.adatbank.ro\/lexikon\/wp-json\/wp\/v2\/product_cat?post=21480"},{"taxonomy":"product_tag","embeddable":true,"href":"https:\/\/uj.adatbank.ro\/lexikon\/wp-json\/wp\/v2\/product_tag?post=21480"}],"curies":[{"name":"wp","href":"https:\/\/api.w.org\/{rel}","templated":true}]}}