{"id":21487,"date":"2025-07-22T19:26:41","date_gmt":"2025-07-22T17:26:41","guid":{"rendered":"https:\/\/uj.adatbank.ro\/lexikon\/termek\/szasz-balas\/"},"modified":"2025-07-22T19:26:41","modified_gmt":"2025-07-22T17:26:41","slug":"szasz-balas","status":"publish","type":"product","link":"https:\/\/uj.adatbank.ro\/lexikon\/termek\/szasz-balas\/","title":{"rendered":"SZ\u00c1SZ Bal\u00e1s"},"content":{"rendered":"<p>? \u2020?: birtokos. \u2013 Sz\u00e9kelyk\u00e1lban volt birtoka, err\u0151l tan\u00faskodik a k\u00f6zs\u00e9g egyik hat\u00e1rr\u00e9sz\u00e9nek neve, amit Nagy Imre jegyz\u0151 k\u00f6z\u00f6lt a Pesty Frigyes eg\u00e9sz Mo.-ra \u00e9s Erd\u00e9lyre kiterjedt helyn\u00e9vgy\u0171jt\u00e9sben, a r\u00e9szletes felsorol\u00e1sban (1864\u201365). <br \/><strong>Irod.:<\/strong> Pesty 2014.<\/br><\/p>\n","protected":false},"excerpt":{"rendered":"<p>? \u2020?: birtokos. \u2013 Sz\u00e9kelyk\u00e1lban volt birtoka, err\u0151l tan\u00faskodik a k\u00f6zs\u00e9g egyik hat\u00e1rr\u00e9sz\u00e9nek neve, amit Nagy Imre jegyz\u0151 k\u00f6z\u00f6lt a Pesty Frigyes eg\u00e9sz Mo.-ra \u00e9s Erd\u00e9lyre kiterjedt helyn\u00e9vgy\u0171jt\u00e9sben, a r\u00e9szletes felsorol\u00e1sban (1864\u201365). Irod.: Pesty 2014.<\/p>\n","protected":false},"featured_media":0,"comment_status":"open","ping_status":"closed","template":"","meta":[],"product_brand":[],"product_cat":[137],"product_tag":[],"class_list":{"0":"post-21487","1":"product","2":"type-product","3":"status-publish","5":"product_cat-maros-megyei-eletrajzi-lexikon","7":"first","8":"instock","9":"shipping-taxable","10":"product-type-simple"},"_links":{"self":[{"href":"https:\/\/uj.adatbank.ro\/lexikon\/wp-json\/wp\/v2\/product\/21487","targetHints":{"allow":["GET"]}}],"collection":[{"href":"https:\/\/uj.adatbank.ro\/lexikon\/wp-json\/wp\/v2\/product"}],"about":[{"href":"https:\/\/uj.adatbank.ro\/lexikon\/wp-json\/wp\/v2\/types\/product"}],"replies":[{"embeddable":true,"href":"https:\/\/uj.adatbank.ro\/lexikon\/wp-json\/wp\/v2\/comments?post=21487"}],"wp:attachment":[{"href":"https:\/\/uj.adatbank.ro\/lexikon\/wp-json\/wp\/v2\/media?parent=21487"}],"wp:term":[{"taxonomy":"product_brand","embeddable":true,"href":"https:\/\/uj.adatbank.ro\/lexikon\/wp-json\/wp\/v2\/product_brand?post=21487"},{"taxonomy":"product_cat","embeddable":true,"href":"https:\/\/uj.adatbank.ro\/lexikon\/wp-json\/wp\/v2\/product_cat?post=21487"},{"taxonomy":"product_tag","embeddable":true,"href":"https:\/\/uj.adatbank.ro\/lexikon\/wp-json\/wp\/v2\/product_tag?post=21487"}],"curies":[{"name":"wp","href":"https:\/\/api.w.org\/{rel}","templated":true}]}}