{"id":21491,"date":"2025-07-22T19:26:48","date_gmt":"2025-07-22T17:26:48","guid":{"rendered":"https:\/\/uj.adatbank.ro\/lexikon\/termek\/szasz-bela-3\/"},"modified":"2025-07-22T19:26:48","modified_gmt":"2025-07-22T17:26:48","slug":"szasz-bela-3","status":"publish","type":"product","link":"https:\/\/uj.adatbank.ro\/lexikon\/termek\/szasz-bela-3\/","title":{"rendered":"SZ\u00c1SZ B\u00e9la"},"content":{"rendered":"<p>? \u2020?: bokszol\u00f3. \u2013 az 1934 \u2013 40 \u2013es \u00e9vek egyik mv.-i sportol\u00f3ja. <br \/><strong>Irod.:<\/strong> N\u00fa. (1999. j\u00fal. 8.).<\/br><\/p>\n","protected":false},"excerpt":{"rendered":"<p>? \u2020?: bokszol\u00f3. \u2013 az 1934 \u2013 40 \u2013es \u00e9vek egyik mv.-i sportol\u00f3ja. Irod.: N\u00fa. (1999. j\u00fal. 8.).<\/p>\n","protected":false},"featured_media":0,"comment_status":"open","ping_status":"closed","template":"","meta":[],"product_brand":[],"product_cat":[137],"product_tag":[],"class_list":{"0":"post-21491","1":"product","2":"type-product","3":"status-publish","5":"product_cat-maros-megyei-eletrajzi-lexikon","7":"first","8":"instock","9":"shipping-taxable","10":"product-type-simple"},"_links":{"self":[{"href":"https:\/\/uj.adatbank.ro\/lexikon\/wp-json\/wp\/v2\/product\/21491","targetHints":{"allow":["GET"]}}],"collection":[{"href":"https:\/\/uj.adatbank.ro\/lexikon\/wp-json\/wp\/v2\/product"}],"about":[{"href":"https:\/\/uj.adatbank.ro\/lexikon\/wp-json\/wp\/v2\/types\/product"}],"replies":[{"embeddable":true,"href":"https:\/\/uj.adatbank.ro\/lexikon\/wp-json\/wp\/v2\/comments?post=21491"}],"wp:attachment":[{"href":"https:\/\/uj.adatbank.ro\/lexikon\/wp-json\/wp\/v2\/media?parent=21491"}],"wp:term":[{"taxonomy":"product_brand","embeddable":true,"href":"https:\/\/uj.adatbank.ro\/lexikon\/wp-json\/wp\/v2\/product_brand?post=21491"},{"taxonomy":"product_cat","embeddable":true,"href":"https:\/\/uj.adatbank.ro\/lexikon\/wp-json\/wp\/v2\/product_cat?post=21491"},{"taxonomy":"product_tag","embeddable":true,"href":"https:\/\/uj.adatbank.ro\/lexikon\/wp-json\/wp\/v2\/product_tag?post=21491"}],"curies":[{"name":"wp","href":"https:\/\/api.w.org\/{rel}","templated":true}]}}