{"id":21494,"date":"2025-07-22T19:26:53","date_gmt":"2025-07-22T17:26:53","guid":{"rendered":"https:\/\/uj.adatbank.ro\/lexikon\/termek\/szasz-borbala\/"},"modified":"2025-07-22T19:26:53","modified_gmt":"2025-07-22T17:26:53","slug":"szasz-borbala","status":"publish","type":"product","link":"https:\/\/uj.adatbank.ro\/lexikon\/termek\/szasz-borbala\/","title":{"rendered":"SZ\u00c1SZ Borb\u00e1la"},"content":{"rendered":"<p>? \u2020?: orvos. \u2013 <strong>t\u00e1rssz.:<\/strong> Belgy\u00f3gy\u00e1szat. Cardiol\u00f3gia. Gastroenterol\u00f3gia. Haematol\u00f3gia (R\u00f3na L\u00e1szl\u00f3val; Mv., 1978).<\/br><\/p>\n","protected":false},"excerpt":{"rendered":"<p>? \u2020?: orvos. \u2013 t\u00e1rssz.: Belgy\u00f3gy\u00e1szat. Cardiol\u00f3gia. Gastroenterol\u00f3gia. Haematol\u00f3gia (R\u00f3na L\u00e1szl\u00f3val; Mv., 1978).<\/p>\n","protected":false},"featured_media":0,"comment_status":"open","ping_status":"closed","template":"","meta":[],"product_brand":[],"product_cat":[137],"product_tag":[],"class_list":{"0":"post-21494","1":"product","2":"type-product","3":"status-publish","5":"product_cat-maros-megyei-eletrajzi-lexikon","7":"first","8":"instock","9":"shipping-taxable","10":"product-type-simple"},"_links":{"self":[{"href":"https:\/\/uj.adatbank.ro\/lexikon\/wp-json\/wp\/v2\/product\/21494","targetHints":{"allow":["GET"]}}],"collection":[{"href":"https:\/\/uj.adatbank.ro\/lexikon\/wp-json\/wp\/v2\/product"}],"about":[{"href":"https:\/\/uj.adatbank.ro\/lexikon\/wp-json\/wp\/v2\/types\/product"}],"replies":[{"embeddable":true,"href":"https:\/\/uj.adatbank.ro\/lexikon\/wp-json\/wp\/v2\/comments?post=21494"}],"wp:attachment":[{"href":"https:\/\/uj.adatbank.ro\/lexikon\/wp-json\/wp\/v2\/media?parent=21494"}],"wp:term":[{"taxonomy":"product_brand","embeddable":true,"href":"https:\/\/uj.adatbank.ro\/lexikon\/wp-json\/wp\/v2\/product_brand?post=21494"},{"taxonomy":"product_cat","embeddable":true,"href":"https:\/\/uj.adatbank.ro\/lexikon\/wp-json\/wp\/v2\/product_cat?post=21494"},{"taxonomy":"product_tag","embeddable":true,"href":"https:\/\/uj.adatbank.ro\/lexikon\/wp-json\/wp\/v2\/product_tag?post=21494"}],"curies":[{"name":"wp","href":"https:\/\/api.w.org\/{rel}","templated":true}]}}