{"id":2150,"date":"2025-06-28T12:05:16","date_gmt":"2025-06-28T10:05:16","guid":{"rendered":"https:\/\/uj.adatbank.ro\/lexikon\/termek\/banffy-anna-maria-losonczi-br-rhedey-janosne\/"},"modified":"2025-06-28T12:05:16","modified_gmt":"2025-06-28T10:05:16","slug":"banffy-anna-maria-losonczi-br-rhedey-janosne","status":"publish","type":"product","link":"https:\/\/uj.adatbank.ro\/lexikon\/termek\/banffy-anna-maria-losonczi-br-rhedey-janosne\/","title":{"rendered":"B\u00c1NFFY Anna M\u00e1ria, losonczi br., Rh\u00e9dey J\u00e1nosn\u00e9"},"content":{"rendered":"<p>1772., \u2020\u00a01794. Temett\u00e9k a kv.-i Szent Mih\u00e1ly templom kript\u00e1j\u00e1ba.: f\u00f6ldbirtokos. \u2013 B\u00e1nffy Gy\u00f6rgy (1746\u20131822) \u00e9s gr. Palm Jozefa (1754\u20131814) le\u00e1nya. F\u00e9rje: Kisr\u00e9dei gr. Rh\u00e9dey J\u00e1nos (1770\u20131797). <br \/><strong>Irod.:<\/strong> Bir\u00f3 J\u00f3zsef. A bonchidai B\u00e1nffy-kast\u00e9ly csal\u00e1di arck\u00e9pei = Lyka eml\u00e9kk.; B\u00edr\u00f3 J\u00f3zsef 1941<\/br><\/p>\n","protected":false},"excerpt":{"rendered":"<p>1772., \u2020\u00a01794. Temett\u00e9k a kv.-i Szent Mih\u00e1ly templom kript\u00e1j\u00e1ba.: f\u00f6ldbirtokos. \u2013 B\u00e1nffy Gy\u00f6rgy (1746\u20131822) \u00e9s gr. Palm Jozefa (1754\u20131814) le\u00e1nya. F\u00e9rje: Kisr\u00e9dei gr. Rh\u00e9dey J\u00e1nos (1770\u20131797). Irod.: Bir\u00f3 J\u00f3zsef. A bonchidai B\u00e1nffy-kast\u00e9ly csal\u00e1di arck\u00e9pei = Lyka eml\u00e9kk.; B\u00edr\u00f3 J\u00f3zsef 1941<\/p>\n","protected":false},"featured_media":0,"comment_status":"open","ping_status":"closed","template":"","meta":[],"product_brand":[],"product_cat":[137],"product_tag":[],"class_list":{"0":"post-2150","1":"product","2":"type-product","3":"status-publish","5":"product_cat-maros-megyei-eletrajzi-lexikon","7":"first","8":"instock","9":"shipping-taxable","10":"product-type-simple"},"_links":{"self":[{"href":"https:\/\/uj.adatbank.ro\/lexikon\/wp-json\/wp\/v2\/product\/2150","targetHints":{"allow":["GET"]}}],"collection":[{"href":"https:\/\/uj.adatbank.ro\/lexikon\/wp-json\/wp\/v2\/product"}],"about":[{"href":"https:\/\/uj.adatbank.ro\/lexikon\/wp-json\/wp\/v2\/types\/product"}],"replies":[{"embeddable":true,"href":"https:\/\/uj.adatbank.ro\/lexikon\/wp-json\/wp\/v2\/comments?post=2150"}],"wp:attachment":[{"href":"https:\/\/uj.adatbank.ro\/lexikon\/wp-json\/wp\/v2\/media?parent=2150"}],"wp:term":[{"taxonomy":"product_brand","embeddable":true,"href":"https:\/\/uj.adatbank.ro\/lexikon\/wp-json\/wp\/v2\/product_brand?post=2150"},{"taxonomy":"product_cat","embeddable":true,"href":"https:\/\/uj.adatbank.ro\/lexikon\/wp-json\/wp\/v2\/product_cat?post=2150"},{"taxonomy":"product_tag","embeddable":true,"href":"https:\/\/uj.adatbank.ro\/lexikon\/wp-json\/wp\/v2\/product_tag?post=2150"}],"curies":[{"name":"wp","href":"https:\/\/api.w.org\/{rel}","templated":true}]}}