{"id":21501,"date":"2025-07-22T19:27:08","date_gmt":"2025-07-22T17:27:08","guid":{"rendered":"https:\/\/uj.adatbank.ro\/lexikon\/termek\/szasz-domokos\/"},"modified":"2025-07-22T19:27:08","modified_gmt":"2025-07-22T17:27:08","slug":"szasz-domokos","status":"publish","type":"product","link":"https:\/\/uj.adatbank.ro\/lexikon\/termek\/szasz-domokos\/","title":{"rendered":"SZ\u00c1SZ Domokos"},"content":{"rendered":"<p>? 1838. m\u00e1j. 25., \u2020 Kv., 1899. jan. 8.: ref. p\u00fcsp\u00f6k. \u2013 Ref. p\u00fcsp\u00f6k helyettes (1884), a kv.-i teol\u00f3giai akad. alap\u00edt\u00f3ja. Tolnai Lajossal konfliktusban volt, felf\u00fcggesztette az \u00edr\u00f3t, de javadalmait nem vonta meg, \u00fcgy\u00e9t a konventi b\u00edr\u00f3s\u00e1g el\u00e9 utalta. P\u00fcsp\u00f6k kor\u00e1ban lez\u00e1rta a ref. egyh\u00e1zi anyak\u00f6nyveket (1895). Halotti besz\u00e9d magyargyer\u0151monostori br. Kem\u00e9ny Istv\u00e1n felett, 1881. szept. 16. (Kv., 1881). <br \/><strong>Irod.:<\/strong> Halotti besz\u00e9dek; Ga\u00e1l; Marosi-KZST; Sz D. erd\u00e9lyi ref. p\u00fcsp\u00f6k eml\u00e9kezet\u00e9re (Kv., 1899).<\/br><\/p>\n","protected":false},"excerpt":{"rendered":"<p>? 1838. m\u00e1j. 25., \u2020 Kv., 1899. jan. 8.: ref. p\u00fcsp\u00f6k. \u2013 Ref. p\u00fcsp\u00f6k helyettes (1884), a kv.-i teol\u00f3giai akad. alap\u00edt\u00f3ja. Tolnai Lajossal konfliktusban volt, felf\u00fcggesztette az \u00edr\u00f3t, de javadalmait nem vonta meg, \u00fcgy\u00e9t a konventi b\u00edr\u00f3s\u00e1g el\u00e9 utalta. P\u00fcsp\u00f6k kor\u00e1ban lez\u00e1rta a ref. egyh\u00e1zi anyak\u00f6nyveket (1895). Halotti besz\u00e9d magyargyer\u0151monostori br. Kem\u00e9ny Istv\u00e1n felett, 1881. [&hellip;]<\/p>\n","protected":false},"featured_media":0,"comment_status":"open","ping_status":"closed","template":"","meta":[],"product_brand":[],"product_cat":[137],"product_tag":[],"class_list":{"0":"post-21501","1":"product","2":"type-product","3":"status-publish","5":"product_cat-maros-megyei-eletrajzi-lexikon","7":"first","8":"instock","9":"shipping-taxable","10":"product-type-simple"},"_links":{"self":[{"href":"https:\/\/uj.adatbank.ro\/lexikon\/wp-json\/wp\/v2\/product\/21501","targetHints":{"allow":["GET"]}}],"collection":[{"href":"https:\/\/uj.adatbank.ro\/lexikon\/wp-json\/wp\/v2\/product"}],"about":[{"href":"https:\/\/uj.adatbank.ro\/lexikon\/wp-json\/wp\/v2\/types\/product"}],"replies":[{"embeddable":true,"href":"https:\/\/uj.adatbank.ro\/lexikon\/wp-json\/wp\/v2\/comments?post=21501"}],"wp:attachment":[{"href":"https:\/\/uj.adatbank.ro\/lexikon\/wp-json\/wp\/v2\/media?parent=21501"}],"wp:term":[{"taxonomy":"product_brand","embeddable":true,"href":"https:\/\/uj.adatbank.ro\/lexikon\/wp-json\/wp\/v2\/product_brand?post=21501"},{"taxonomy":"product_cat","embeddable":true,"href":"https:\/\/uj.adatbank.ro\/lexikon\/wp-json\/wp\/v2\/product_cat?post=21501"},{"taxonomy":"product_tag","embeddable":true,"href":"https:\/\/uj.adatbank.ro\/lexikon\/wp-json\/wp\/v2\/product_tag?post=21501"}],"curies":[{"name":"wp","href":"https:\/\/api.w.org\/{rel}","templated":true}]}}