{"id":21503,"date":"2025-07-22T19:27:11","date_gmt":"2025-07-22T17:27:11","guid":{"rendered":"https:\/\/uj.adatbank.ro\/lexikon\/termek\/szasz-endre-%c2%a7\/"},"modified":"2025-07-22T19:27:11","modified_gmt":"2025-07-22T17:27:11","slug":"szasz-endre-%c2%a7","status":"publish","type":"product","link":"https:\/\/uj.adatbank.ro\/lexikon\/termek\/szasz-endre-%c2%a7\/","title":{"rendered":"SZ\u00c1SZ Endre, \u00a7"},"content":{"rendered":"<p>Cs\u00edkzs\u00f6g\u00f6d, 1926. jan. 7. \u2020 Bp., 2003. aug. 17.: fest\u0151, grafikusm\u0171v\u00e9sz, keramikus. \u2013 Gyermekkor\u00e1t Cs\u00edkszered\u00e1ban, majd Mv.-en t\u00f6lt\u00f6tte. Mv.-en a R. K. Fi\u00fa F\u0151gimn. tanul\u00f3ja, a Ref. Koll.ban \u00e9retts\u00e9gizett (1946). Mv.-en Ciupe Aurel \u00e9s Bordi Andr\u00e1s tan\u00edtv\u00e1nya. Egyetemi tanulm\u00e1nyait a bp.-i K\u00e9pz\u0151m\u0171v\u00e9szeti F\u0151iskol\u00e1n v\u00e9gezte Sz\u0151nyi Istv\u00e1n \u00e9s Barcsay Jen\u0151 tan\u00edtv\u00e1nyak\u00e9nt (1946\u2013).Koholt v\u00e1dak alapj\u00e1n, fegyverrejteget\u00e9s\u00e9rt t\u00edz\u00e9vi b\u00f6rt\u00f6nre it\u00e9lt\u00e9k, egy \u00e9v ut\u00e1n szabadult. Illusztr\u00e1tork\u00e9nt dolgozott, t\u00f6bb mint 500 k\u00f6tet verset, dr\u00e1m\u00e1t, pr\u00f3z\u00e1t csod\u00e1latosan illusztr\u00e1lt. Sikeres Om\u00e1r Kh\u00e1jj\u00e1m magyarnyelv\u0171 ford\u00edt\u00e1sban megjelent Rub\u00e1jj\u00e1t c.k\u00f6tete, a British Museum ki\u00e1ll\u00edt\u00e1s\u00e1n a legszebb k\u00f6nyvek k\u00f6z\u00e9 tartozott (1964). El\u0151bb fest\u0151k\u00e9nt, grafikusk\u00e9nt (1955\u2013), k\u00e9s\u0151bb m\u00e1s k\u00e9pz\u0151- \u00e9s iparm\u0171v\u00e9szeti \u00e1gakban, m\u0171fajokban \u00e9s technik\u00e1kban bontakozott ki, a m\u0171v\u00e9szeti tev\u00e9kenys\u00e9ge. Sok k\u00f6nyvet illusztr\u00e1lt, k\u00f6z\u00f6tt\u00fck dr\u00e1mak\u00f6teteket, dr\u00e1m\u00e1kat (Volpone, Lear stb.) is. A hatvanas \u00e9vek v\u00e9g\u00e9n l\u00e1tv\u00e1nygrafikai terveket, k\u00e9peket, v\u00e1zlatokat k\u00e9sz\u00edtett filmek (Egri csillagok, Mag\u00e1ny) \u00e9s sz\u00ednh\u00e1zi el\u0151ad\u00e1sok (Szentendrei Te\u00e1trum) sz\u00e1m\u00e1ra, mint d\u00edszlettervez\u0151-dekorat\u0151r. Festeni kezdett sikeresen belf\u00f6ld\u00f6n \u00e9s k\u00fclf\u00f6ld\u00f6n. Megh\u00edv\u00e1sra 3 \u00e9vet Toront\u00f3ban, majd Amerik\u00e1ban \u00e9lt 20 \u00e9vet. Visszat\u00e9rt Mo.-ra, r\u00e9szt vett a Holl\u00f3h\u00e1zi Porcel\u00e1ngy\u00e1r st\u00fadi\u00f3j\u00e1nak megalap\u00edt\u00e1s\u00e1ban. Term\u00e9keny k\u00e9pz\u0151m\u0171v\u00e9sz sokf\u00e9le m\u0171fajban: sokszoros\u00edtott \u00e9s egyedi grafik\u00e1k, k\u00f6nyvillusztr\u00e1ci\u00f3k, olajk\u00e9pek, iparm\u0171v\u00e9szeti munk\u00e1k: porcel\u00e1nfestm\u00e9nyek, b\u00fatorok, \u00e9kszerek, n\u0151i divatruh\u00e1k, d\u00edszed\u00e9nyek, sz\u00f6nyegek stb., alkot\u00e1sainak sz\u00e1ma \u00f6tezret is meghaladja. L\u00e1tv\u00e1nygrafikai terveket, k\u00e9peket, v\u00e1zlatokat k\u00e9sz\u00edtett filmek (Egri csillagok, Mag\u00e1ny) \u00e9s sz\u00ednh\u00e1zi el\u0151ad\u00e1sok (Szentendrei Te\u00e1trum) sz\u00e1m\u00e1ra (1960-as \u00e9vekben). Ki\u00e1ll\u00edt\u00e1sait \u00f6t kontinens orsz\u00e1gaiban l\u00e1thatt\u00e1k. Szf\u00e9ra Gl\u00f3busz D\u00edjas, Lipcs\u00e9ben k\u00e9tszer arany\u00e9remmel t\u00fcntett\u00e9k ki (1959, 66); Munk\u00e1csi Mih\u00e1ly-d\u00edjjal (1965), London arany\u00e9rem (1968); a K\u00f6zt\u00e1trsas\u00e1gi \u00c9rdemrend tiszti fokozata (1995); a Bel\u00fcgyminiszter aranygy\u0171r\u0171je (1997); 56-os D\u00edsz\u00e9rem Elismer\u00e9st \u2013 post mortem \u2013 (2006). \u2013 <strong>F. ki\u00e1ll.:<\/strong> Mv. (1945); Bp. (1964, 68, 83, 85, 88, 91), Szeged (1964). Sz\u00f3fia (1965); Pesaro (1966); Toronto (1971); Montreal (1971); Helsinki (1971); New Orleans (1972); Vancvouver (1972); Ottawa (1973); Mexico City (1972); Washington (1972); Johasnnesburg (1974); Tokio (1974); Parizs (1975); San Fransisco (1976); New York (1976). <br \/><strong>Irod.:<\/strong> 20. sz.-i k\u00e9pz\u0151m\u0171v\u00e9szet; artportal; Banner; Erd\u00e9lyi Napl\u00f3 (2006. nov. 7. 45. sz.); Kerekes T\u00f3th Erzs\u00e9bet: \u00dagy dolgozott, mintha \u00f6r\u00f6kk\u00e9 \u00e9lne =Sz\u00e1sz Endre; Kr\u00f3nika (2005. j\u00fal. 28.); Moln\u00e1r; Nagy Mikl\u00f3s Kund: M\u00fazs\u00e1k fellegv\u00e1ra (Bp., 2000); N\u00fa. (2003. aug. 23.; 2004. jan. 10.); R. K. Okt.\u20131; Sz\u00e9kelyf\u00f6ld (10. sz., 2003. okt.); Tat\u00e1r Zolt\u00e1n. Erd\u00e9lyi gy\u00f6kerek a Nyugati Magyar K\u00e9pz\u0151m\u0171v\u00e9szek I. Vil\u00e1gki\u00e1ll\u00edt\u00e1s\u00e1n (Erd\u00e9lyi Napl\u00f3, 2006. nov. 7., 45. sz.).<\/br><\/p>\n","protected":false},"excerpt":{"rendered":"<p>Cs\u00edkzs\u00f6g\u00f6d, 1926. jan. 7. \u2020 Bp., 2003. aug. 17.: fest\u0151, grafikusm\u0171v\u00e9sz, keramikus. \u2013 Gyermekkor\u00e1t Cs\u00edkszered\u00e1ban, majd Mv.-en t\u00f6lt\u00f6tte. Mv.-en a R. K. Fi\u00fa F\u0151gimn. tanul\u00f3ja, a Ref. Koll.ban \u00e9retts\u00e9gizett (1946). Mv.-en Ciupe Aurel \u00e9s Bordi Andr\u00e1s tan\u00edtv\u00e1nya. Egyetemi tanulm\u00e1nyait a bp.-i K\u00e9pz\u0151m\u0171v\u00e9szeti F\u0151iskol\u00e1n v\u00e9gezte Sz\u0151nyi Istv\u00e1n \u00e9s Barcsay Jen\u0151 tan\u00edtv\u00e1nyak\u00e9nt (1946\u2013).Koholt v\u00e1dak alapj\u00e1n, fegyverrejteget\u00e9s\u00e9rt t\u00edz\u00e9vi [&hellip;]<\/p>\n","protected":false},"featured_media":0,"comment_status":"open","ping_status":"closed","template":"","meta":[],"product_brand":[],"product_cat":[137],"product_tag":[],"class_list":{"0":"post-21503","1":"product","2":"type-product","3":"status-publish","5":"product_cat-maros-megyei-eletrajzi-lexikon","7":"first","8":"instock","9":"shipping-taxable","10":"product-type-simple"},"_links":{"self":[{"href":"https:\/\/uj.adatbank.ro\/lexikon\/wp-json\/wp\/v2\/product\/21503","targetHints":{"allow":["GET"]}}],"collection":[{"href":"https:\/\/uj.adatbank.ro\/lexikon\/wp-json\/wp\/v2\/product"}],"about":[{"href":"https:\/\/uj.adatbank.ro\/lexikon\/wp-json\/wp\/v2\/types\/product"}],"replies":[{"embeddable":true,"href":"https:\/\/uj.adatbank.ro\/lexikon\/wp-json\/wp\/v2\/comments?post=21503"}],"wp:attachment":[{"href":"https:\/\/uj.adatbank.ro\/lexikon\/wp-json\/wp\/v2\/media?parent=21503"}],"wp:term":[{"taxonomy":"product_brand","embeddable":true,"href":"https:\/\/uj.adatbank.ro\/lexikon\/wp-json\/wp\/v2\/product_brand?post=21503"},{"taxonomy":"product_cat","embeddable":true,"href":"https:\/\/uj.adatbank.ro\/lexikon\/wp-json\/wp\/v2\/product_cat?post=21503"},{"taxonomy":"product_tag","embeddable":true,"href":"https:\/\/uj.adatbank.ro\/lexikon\/wp-json\/wp\/v2\/product_tag?post=21503"}],"curies":[{"name":"wp","href":"https:\/\/api.w.org\/{rel}","templated":true}]}}