{"id":21508,"date":"2025-07-22T19:27:24","date_gmt":"2025-07-22T17:27:24","guid":{"rendered":"https:\/\/uj.adatbank.ro\/lexikon\/termek\/szasz-ferenc-4\/"},"modified":"2025-07-22T19:27:24","modified_gmt":"2025-07-22T17:27:24","slug":"szasz-ferenc-4","status":"publish","type":"product","link":"https:\/\/uj.adatbank.ro\/lexikon\/termek\/szasz-ferenc-4\/","title":{"rendered":"SZ\u00c1SZ Ferenc"},"content":{"rendered":"<p>Sz\u00e9kelyk\u00e1l, 1911., \u2020?: gazd\u00e1lkod\u00f3. \u2013 A sz\u00fcleit\u0151l tanult gazd\u00e1lkodni, \u00f6n\u00e1ll\u00f3 lett (1940) Sz\u00e9kelyk\u00e1lon, tekint\u00e9lyes gazd\u00e1ja volt a k\u00f6zs\u00e9gnek. Az els\u0151 vh.-t v\u00e9gigharcolta, t\u00f6bb kit\u00fcntet\u00e9s tulajdonosa volt. <br \/><strong>Irod.:<\/strong> Sz\u00e9kelyf\u00f6ld \u00ed. k.<\/br><\/p>\n","protected":false},"excerpt":{"rendered":"<p>Sz\u00e9kelyk\u00e1l, 1911., \u2020?: gazd\u00e1lkod\u00f3. \u2013 A sz\u00fcleit\u0151l tanult gazd\u00e1lkodni, \u00f6n\u00e1ll\u00f3 lett (1940) Sz\u00e9kelyk\u00e1lon, tekint\u00e9lyes gazd\u00e1ja volt a k\u00f6zs\u00e9gnek. Az els\u0151 vh.-t v\u00e9gigharcolta, t\u00f6bb kit\u00fcntet\u00e9s tulajdonosa volt. Irod.: Sz\u00e9kelyf\u00f6ld \u00ed. k.<\/p>\n","protected":false},"featured_media":0,"comment_status":"open","ping_status":"closed","template":"","meta":[],"product_brand":[],"product_cat":[137],"product_tag":[],"class_list":{"0":"post-21508","1":"product","2":"type-product","3":"status-publish","5":"product_cat-maros-megyei-eletrajzi-lexikon","7":"first","8":"instock","9":"shipping-taxable","10":"product-type-simple"},"_links":{"self":[{"href":"https:\/\/uj.adatbank.ro\/lexikon\/wp-json\/wp\/v2\/product\/21508","targetHints":{"allow":["GET"]}}],"collection":[{"href":"https:\/\/uj.adatbank.ro\/lexikon\/wp-json\/wp\/v2\/product"}],"about":[{"href":"https:\/\/uj.adatbank.ro\/lexikon\/wp-json\/wp\/v2\/types\/product"}],"replies":[{"embeddable":true,"href":"https:\/\/uj.adatbank.ro\/lexikon\/wp-json\/wp\/v2\/comments?post=21508"}],"wp:attachment":[{"href":"https:\/\/uj.adatbank.ro\/lexikon\/wp-json\/wp\/v2\/media?parent=21508"}],"wp:term":[{"taxonomy":"product_brand","embeddable":true,"href":"https:\/\/uj.adatbank.ro\/lexikon\/wp-json\/wp\/v2\/product_brand?post=21508"},{"taxonomy":"product_cat","embeddable":true,"href":"https:\/\/uj.adatbank.ro\/lexikon\/wp-json\/wp\/v2\/product_cat?post=21508"},{"taxonomy":"product_tag","embeddable":true,"href":"https:\/\/uj.adatbank.ro\/lexikon\/wp-json\/wp\/v2\/product_tag?post=21508"}],"curies":[{"name":"wp","href":"https:\/\/api.w.org\/{rel}","templated":true}]}}