{"id":21511,"date":"2025-07-22T19:27:31","date_gmt":"2025-07-22T17:27:31","guid":{"rendered":"https:\/\/uj.adatbank.ro\/lexikon\/termek\/szasz-ferenc-szoverdi\/"},"modified":"2025-07-22T19:27:31","modified_gmt":"2025-07-22T17:27:31","slug":"szasz-ferenc-szoverdi","status":"publish","type":"product","link":"https:\/\/uj.adatbank.ro\/lexikon\/termek\/szasz-ferenc-szoverdi\/","title":{"rendered":"SZ\u00c1SZ Ferenc, sz\u00f6v\u00e9rdi"},"content":{"rendered":"<p>Kiss\u00e1rm\u00e1s, 1893. febr. 13.,\u00a0\u2020\u00a0Kv., 1944. j\u00fan. 2.\u00a0a H\u00e1zsong\u00e1rdi temet\u0151ben nyugszik: f\u00f6ldbirtokos, mez\u0151gazdas\u00e1gi szakember, politikus. Sz. Istv\u00e1n fia. \u2013 Egyetemi tanulm\u00e1nyait a kv.-i Mez\u0151gazdas\u00e1gi Akad\u00e9mi\u00e1n v\u00e9gezte, majd \u00e1llamtudom\u00e1nyi doktori c\u00edmet a szegedi egyetemen szerzett. Az els\u0151 vh.-ban az orosz fronton harcolt. Miut\u00e1n a birtokai egy r\u00e9sz\u00e9t kisaj\u00e1t\u00edtott\u00e1k (1924) Kv.-on \u00e9lt. \u00dcgyvezet\u0151 eln\u00f6ke volt az OMP Kolozs megyei tagozat\u00e1nak; gondnoka a kv.-i Ref. Egyh\u00e1zk\u00f6zs\u00e9gnek; tagja az EMGE \u00e9s az EME v\u00e1lasztm\u00e1ny\u00e1nak; a Transylvania Bank \u00e9s a Hitelsz\u00f6vetkezetek Sz\u00f6vets\u00e9ge igazgat\u00f3tan\u00e1cs\u00e1nak. Rendszeres munkat\u00e1rsa a Magyar N\u00e9pnek (1928\u201444): szerkeszt\u0151je a mez\u0151gazdas\u00e1gi rovatnak, felel\u0151s szerkeszt\u0151 (1938\u201341), majd \u00fcgyvezet\u0151 igazgat\u00f3. Csillag\u00e1szattal is foglalkozott, ismeretterjeszt\u0151 cikkei jelentek meg a Keleti \u00dajs\u00e1gban, Magyar \u00dajs\u00e1gban.; t\u00e1rsszerkeszt\u0151je az Erd\u00e9lyi K\u00f6zgazdas\u00e1g c. lapnak (1932\u201334), a Mez\u0151gazdas\u00e1gi Szeml\u00e9nek. alisp\u00e1nk\u00e9nt Kolozs V\u00e1rmegye Hivatalos Lapj\u00e1nak (1941\u201344). \u2013 <strong>F. m.<\/strong>: Mindennapi kenyer\u00fcnk (Kv., 1927, 1938.); Tan\u00e1csad\u00f3 gy\u00fcm\u00f6lcstermel\u0151k sz\u00e1m\u00e1ra (Kv., 1929); Csillagszigetek a vil\u00e1gegyetemben (Kv., 1932); \u0150ser\u0151k: (reg.; Kv., 1936); Napfordul\u00f3k \u00e9s az id\u0151j\u00e1r\u00e1s (Kv., 1939). <br \/><strong>Irod.:<\/strong> Ga\u00e1l 2001; H\u00e1zsong\u00e1rd; RMIL.<\/br><\/p>\n","protected":false},"excerpt":{"rendered":"<p>Kiss\u00e1rm\u00e1s, 1893. febr. 13.,\u00a0\u2020\u00a0Kv., 1944. j\u00fan. 2.\u00a0a H\u00e1zsong\u00e1rdi temet\u0151ben nyugszik: f\u00f6ldbirtokos, mez\u0151gazdas\u00e1gi szakember, politikus. Sz. Istv\u00e1n fia. \u2013 Egyetemi tanulm\u00e1nyait a kv.-i Mez\u0151gazdas\u00e1gi Akad\u00e9mi\u00e1n v\u00e9gezte, majd \u00e1llamtudom\u00e1nyi doktori c\u00edmet a szegedi egyetemen szerzett. Az els\u0151 vh.-ban az orosz fronton harcolt. Miut\u00e1n a birtokai egy r\u00e9sz\u00e9t kisaj\u00e1t\u00edtott\u00e1k (1924) Kv.-on \u00e9lt. \u00dcgyvezet\u0151 eln\u00f6ke volt az OMP Kolozs [&hellip;]<\/p>\n","protected":false},"featured_media":0,"comment_status":"open","ping_status":"closed","template":"","meta":[],"product_brand":[],"product_cat":[137],"product_tag":[],"class_list":{"0":"post-21511","1":"product","2":"type-product","3":"status-publish","5":"product_cat-maros-megyei-eletrajzi-lexikon","7":"first","8":"instock","9":"shipping-taxable","10":"product-type-simple"},"_links":{"self":[{"href":"https:\/\/uj.adatbank.ro\/lexikon\/wp-json\/wp\/v2\/product\/21511","targetHints":{"allow":["GET"]}}],"collection":[{"href":"https:\/\/uj.adatbank.ro\/lexikon\/wp-json\/wp\/v2\/product"}],"about":[{"href":"https:\/\/uj.adatbank.ro\/lexikon\/wp-json\/wp\/v2\/types\/product"}],"replies":[{"embeddable":true,"href":"https:\/\/uj.adatbank.ro\/lexikon\/wp-json\/wp\/v2\/comments?post=21511"}],"wp:attachment":[{"href":"https:\/\/uj.adatbank.ro\/lexikon\/wp-json\/wp\/v2\/media?parent=21511"}],"wp:term":[{"taxonomy":"product_brand","embeddable":true,"href":"https:\/\/uj.adatbank.ro\/lexikon\/wp-json\/wp\/v2\/product_brand?post=21511"},{"taxonomy":"product_cat","embeddable":true,"href":"https:\/\/uj.adatbank.ro\/lexikon\/wp-json\/wp\/v2\/product_cat?post=21511"},{"taxonomy":"product_tag","embeddable":true,"href":"https:\/\/uj.adatbank.ro\/lexikon\/wp-json\/wp\/v2\/product_tag?post=21511"}],"curies":[{"name":"wp","href":"https:\/\/api.w.org\/{rel}","templated":true}]}}