{"id":21515,"date":"2025-07-22T19:27:40","date_gmt":"2025-07-22T17:27:40","guid":{"rendered":"https:\/\/uj.adatbank.ro\/lexikon\/termek\/szasz-gabor\/"},"modified":"2025-07-22T19:27:40","modified_gmt":"2025-07-22T17:27:40","slug":"szasz-gabor","status":"publish","type":"product","link":"https:\/\/uj.adatbank.ro\/lexikon\/termek\/szasz-gabor\/","title":{"rendered":"SZ\u00c1SZ G\u00e1bor"},"content":{"rendered":"<p>? \u2020?: tan\u00edt\u00f3. \u2013 Nagyenyeden subscrib\u00e1lt (1776). Medgyesen volt l\u00e9via (1786), mester S\u00f6v\u00e9nyfalv\u00e1n (1787\u201388) \u00e9s K\u00fck\u00fcll\u0151v\u00e1ron (1789\u20131815). <br \/><strong>Irod.:<\/strong> K\u00fck\u00fcll\u0151i Ref. Egyh\u00e1zm., 3., 4.<\/br><\/p>\n","protected":false},"excerpt":{"rendered":"<p>? \u2020?: tan\u00edt\u00f3. \u2013 Nagyenyeden subscrib\u00e1lt (1776). Medgyesen volt l\u00e9via (1786), mester S\u00f6v\u00e9nyfalv\u00e1n (1787\u201388) \u00e9s K\u00fck\u00fcll\u0151v\u00e1ron (1789\u20131815). Irod.: K\u00fck\u00fcll\u0151i Ref. Egyh\u00e1zm., 3., 4.<\/p>\n","protected":false},"featured_media":0,"comment_status":"open","ping_status":"closed","template":"","meta":[],"product_brand":[],"product_cat":[137],"product_tag":[],"class_list":{"0":"post-21515","1":"product","2":"type-product","3":"status-publish","5":"product_cat-maros-megyei-eletrajzi-lexikon","7":"first","8":"instock","9":"shipping-taxable","10":"product-type-simple"},"_links":{"self":[{"href":"https:\/\/uj.adatbank.ro\/lexikon\/wp-json\/wp\/v2\/product\/21515","targetHints":{"allow":["GET"]}}],"collection":[{"href":"https:\/\/uj.adatbank.ro\/lexikon\/wp-json\/wp\/v2\/product"}],"about":[{"href":"https:\/\/uj.adatbank.ro\/lexikon\/wp-json\/wp\/v2\/types\/product"}],"replies":[{"embeddable":true,"href":"https:\/\/uj.adatbank.ro\/lexikon\/wp-json\/wp\/v2\/comments?post=21515"}],"wp:attachment":[{"href":"https:\/\/uj.adatbank.ro\/lexikon\/wp-json\/wp\/v2\/media?parent=21515"}],"wp:term":[{"taxonomy":"product_brand","embeddable":true,"href":"https:\/\/uj.adatbank.ro\/lexikon\/wp-json\/wp\/v2\/product_brand?post=21515"},{"taxonomy":"product_cat","embeddable":true,"href":"https:\/\/uj.adatbank.ro\/lexikon\/wp-json\/wp\/v2\/product_cat?post=21515"},{"taxonomy":"product_tag","embeddable":true,"href":"https:\/\/uj.adatbank.ro\/lexikon\/wp-json\/wp\/v2\/product_tag?post=21515"}],"curies":[{"name":"wp","href":"https:\/\/api.w.org\/{rel}","templated":true}]}}