{"id":21516,"date":"2025-07-22T19:27:43","date_gmt":"2025-07-22T17:27:43","guid":{"rendered":"https:\/\/uj.adatbank.ro\/lexikon\/termek\/szasz-gaspar\/"},"modified":"2025-07-22T19:27:43","modified_gmt":"2025-07-22T17:27:43","slug":"szasz-gaspar","status":"publish","type":"product","link":"https:\/\/uj.adatbank.ro\/lexikon\/termek\/szasz-gaspar\/","title":{"rendered":"SZ\u00c1SZ G\u00e1sp\u00e1r"},"content":{"rendered":"<p>Magyar\u00f3, 1891., \u2020?: gazd\u00e1lkod\u00f3. \u2013 \u00d6n\u00e1ll\u00f3 gazda (1906\u2013), saj\u00e1t cs\u00e9pl\u0151g\u00e9p\u00e9vel b\u00e9rcs\u00e9pl\u00e9st is v\u00e9gzett (A 30-as \u00e9vekt\u0151l). A ref. egyh\u00e1z presbitere, a Gazdak\u00f6r titk\u00e1ra, a MP megb\u00edzottja volt. Az els\u0151 vh.-ban orosz fogs\u00e1gban t\u00f6lt\u00f6tt 3 \u00e9vet. A k\u00f6zs\u00e9g helyettes b\u00edr\u00f3ja is volt. <br \/><strong>Irod.:<\/strong> Magyar\u00f3 h\u00e9tk\u00f6znapjai; Sz\u00e9kelyf\u00f6ld \u00ed. k.<\/br><\/p>\n","protected":false},"excerpt":{"rendered":"<p>Magyar\u00f3, 1891., \u2020?: gazd\u00e1lkod\u00f3. \u2013 \u00d6n\u00e1ll\u00f3 gazda (1906\u2013), saj\u00e1t cs\u00e9pl\u0151g\u00e9p\u00e9vel b\u00e9rcs\u00e9pl\u00e9st is v\u00e9gzett (A 30-as \u00e9vekt\u0151l). A ref. egyh\u00e1z presbitere, a Gazdak\u00f6r titk\u00e1ra, a MP megb\u00edzottja volt. Az els\u0151 vh.-ban orosz fogs\u00e1gban t\u00f6lt\u00f6tt 3 \u00e9vet. A k\u00f6zs\u00e9g helyettes b\u00edr\u00f3ja is volt. Irod.: Magyar\u00f3 h\u00e9tk\u00f6znapjai; Sz\u00e9kelyf\u00f6ld \u00ed. k.<\/p>\n","protected":false},"featured_media":0,"comment_status":"open","ping_status":"closed","template":"","meta":[],"product_brand":[],"product_cat":[137],"product_tag":[],"class_list":{"0":"post-21516","1":"product","2":"type-product","3":"status-publish","5":"product_cat-maros-megyei-eletrajzi-lexikon","7":"first","8":"instock","9":"shipping-taxable","10":"product-type-simple"},"_links":{"self":[{"href":"https:\/\/uj.adatbank.ro\/lexikon\/wp-json\/wp\/v2\/product\/21516","targetHints":{"allow":["GET"]}}],"collection":[{"href":"https:\/\/uj.adatbank.ro\/lexikon\/wp-json\/wp\/v2\/product"}],"about":[{"href":"https:\/\/uj.adatbank.ro\/lexikon\/wp-json\/wp\/v2\/types\/product"}],"replies":[{"embeddable":true,"href":"https:\/\/uj.adatbank.ro\/lexikon\/wp-json\/wp\/v2\/comments?post=21516"}],"wp:attachment":[{"href":"https:\/\/uj.adatbank.ro\/lexikon\/wp-json\/wp\/v2\/media?parent=21516"}],"wp:term":[{"taxonomy":"product_brand","embeddable":true,"href":"https:\/\/uj.adatbank.ro\/lexikon\/wp-json\/wp\/v2\/product_brand?post=21516"},{"taxonomy":"product_cat","embeddable":true,"href":"https:\/\/uj.adatbank.ro\/lexikon\/wp-json\/wp\/v2\/product_cat?post=21516"},{"taxonomy":"product_tag","embeddable":true,"href":"https:\/\/uj.adatbank.ro\/lexikon\/wp-json\/wp\/v2\/product_tag?post=21516"}],"curies":[{"name":"wp","href":"https:\/\/api.w.org\/{rel}","templated":true}]}}