{"id":21517,"date":"2025-07-22T19:27:46","date_gmt":"2025-07-22T17:27:46","guid":{"rendered":"https:\/\/uj.adatbank.ro\/lexikon\/termek\/szasz-gergely\/"},"modified":"2025-07-22T19:27:46","modified_gmt":"2025-07-22T17:27:46","slug":"szasz-gergely","status":"publish","type":"product","link":"https:\/\/uj.adatbank.ro\/lexikon\/termek\/szasz-gergely\/","title":{"rendered":"SZ\u00c1SZ Gergely"},"content":{"rendered":"<p>? \u2020?: csord\u00e1s. \u2013 Marhacsorda \u0151rz\u0151 volt, a h\u00e1za mellett volt egy k\u00f6rtefa, a hagyom\u00e1ny szerint innen a falu neve, K\u00f6rtv\u00e9lyf\u00e1ja. A Sz\u00e1sz nemzets\u00e9g elszaporodott, mind Sz. G. ut\u00f3dainak tartj\u00e1k magukat. <br \/><strong>Irod.:<\/strong> Pesty 2014.<\/br><\/p>\n","protected":false},"excerpt":{"rendered":"<p>? \u2020?: csord\u00e1s. \u2013 Marhacsorda \u0151rz\u0151 volt, a h\u00e1za mellett volt egy k\u00f6rtefa, a hagyom\u00e1ny szerint innen a falu neve, K\u00f6rtv\u00e9lyf\u00e1ja. A Sz\u00e1sz nemzets\u00e9g elszaporodott, mind Sz. G. ut\u00f3dainak tartj\u00e1k magukat. Irod.: Pesty 2014.<\/p>\n","protected":false},"featured_media":0,"comment_status":"open","ping_status":"closed","template":"","meta":[],"product_brand":[],"product_cat":[137],"product_tag":[],"class_list":{"0":"post-21517","1":"product","2":"type-product","3":"status-publish","5":"product_cat-maros-megyei-eletrajzi-lexikon","7":"first","8":"instock","9":"shipping-taxable","10":"product-type-simple"},"_links":{"self":[{"href":"https:\/\/uj.adatbank.ro\/lexikon\/wp-json\/wp\/v2\/product\/21517","targetHints":{"allow":["GET"]}}],"collection":[{"href":"https:\/\/uj.adatbank.ro\/lexikon\/wp-json\/wp\/v2\/product"}],"about":[{"href":"https:\/\/uj.adatbank.ro\/lexikon\/wp-json\/wp\/v2\/types\/product"}],"replies":[{"embeddable":true,"href":"https:\/\/uj.adatbank.ro\/lexikon\/wp-json\/wp\/v2\/comments?post=21517"}],"wp:attachment":[{"href":"https:\/\/uj.adatbank.ro\/lexikon\/wp-json\/wp\/v2\/media?parent=21517"}],"wp:term":[{"taxonomy":"product_brand","embeddable":true,"href":"https:\/\/uj.adatbank.ro\/lexikon\/wp-json\/wp\/v2\/product_brand?post=21517"},{"taxonomy":"product_cat","embeddable":true,"href":"https:\/\/uj.adatbank.ro\/lexikon\/wp-json\/wp\/v2\/product_cat?post=21517"},{"taxonomy":"product_tag","embeddable":true,"href":"https:\/\/uj.adatbank.ro\/lexikon\/wp-json\/wp\/v2\/product_tag?post=21517"}],"curies":[{"name":"wp","href":"https:\/\/api.w.org\/{rel}","templated":true}]}}