{"id":21519,"date":"2025-07-22T19:27:49","date_gmt":"2025-07-22T17:27:49","guid":{"rendered":"https:\/\/uj.adatbank.ro\/lexikon\/termek\/szasz-gero\/"},"modified":"2025-07-22T19:27:49","modified_gmt":"2025-07-22T17:27:49","slug":"szasz-gero","status":"publish","type":"product","link":"https:\/\/uj.adatbank.ro\/lexikon\/termek\/szasz-gero\/","title":{"rendered":"SZ\u00c1SZ Ger\u0151"},"content":{"rendered":"<p>\u00d6rd\u00f6gkereszt\u00far, \u2020Kv., 1904.: ref.pap. \u2013 Gergely fia. A mv.-i Ref. Koll. elv\u00e9gz\u00e9se ut\u00e1n Berlinben teol\u00f3gi\u00e1t v\u00e9gzett, Kv.-on lelk\u00e9ssz\u00e9 v\u00e1lasztott\u00e1k, majd esperes \u00e9s egyh\u00e1zker\u00fcleti f\u0151jegyz\u0151 (p\u00fcsp\u00f6k-helyettes) lett. K\u00f6ltem\u00e9nyei jelentek meg. \u00c9veken kereszt\u00fcl szerkesztette az Erd\u00e9lyi Protest\u00e1ns K\u00f6zl\u00f6nyt. Bodor Antallal szerkesztett\u00e9k: A Erd\u00e9lyi Ev.Ref.Egyh\u00e1zker\u00fclet Kolozsv\u00e1r, 1888. szept. 29. \u2013 okt. 2. tartott k\u00f6zgy\u00fcl\u00e9s\u00e9nek jegyz\u0151k\u00f6nyve (Kv., 1888). <br \/><strong>Irod.:<\/strong> Benk\u0151 Samu; F\u00fcl\u00f6p\u2013Ferencz; Marosi-KZST.<\/br><\/p>\n","protected":false},"excerpt":{"rendered":"<p>\u00d6rd\u00f6gkereszt\u00far, \u2020Kv., 1904.: ref.pap. \u2013 Gergely fia. A mv.-i Ref. Koll. elv\u00e9gz\u00e9se ut\u00e1n Berlinben teol\u00f3gi\u00e1t v\u00e9gzett, Kv.-on lelk\u00e9ssz\u00e9 v\u00e1lasztott\u00e1k, majd esperes \u00e9s egyh\u00e1zker\u00fcleti f\u0151jegyz\u0151 (p\u00fcsp\u00f6k-helyettes) lett. K\u00f6ltem\u00e9nyei jelentek meg. \u00c9veken kereszt\u00fcl szerkesztette az Erd\u00e9lyi Protest\u00e1ns K\u00f6zl\u00f6nyt. Bodor Antallal szerkesztett\u00e9k: A Erd\u00e9lyi Ev.Ref.Egyh\u00e1zker\u00fclet Kolozsv\u00e1r, 1888. szept. 29. \u2013 okt. 2. tartott k\u00f6zgy\u00fcl\u00e9s\u00e9nek jegyz\u0151k\u00f6nyve (Kv., 1888). Irod.: [&hellip;]<\/p>\n","protected":false},"featured_media":0,"comment_status":"open","ping_status":"closed","template":"","meta":[],"product_brand":[],"product_cat":[137],"product_tag":[],"class_list":{"0":"post-21519","1":"product","2":"type-product","3":"status-publish","5":"product_cat-maros-megyei-eletrajzi-lexikon","7":"first","8":"instock","9":"shipping-taxable","10":"product-type-simple"},"_links":{"self":[{"href":"https:\/\/uj.adatbank.ro\/lexikon\/wp-json\/wp\/v2\/product\/21519","targetHints":{"allow":["GET"]}}],"collection":[{"href":"https:\/\/uj.adatbank.ro\/lexikon\/wp-json\/wp\/v2\/product"}],"about":[{"href":"https:\/\/uj.adatbank.ro\/lexikon\/wp-json\/wp\/v2\/types\/product"}],"replies":[{"embeddable":true,"href":"https:\/\/uj.adatbank.ro\/lexikon\/wp-json\/wp\/v2\/comments?post=21519"}],"wp:attachment":[{"href":"https:\/\/uj.adatbank.ro\/lexikon\/wp-json\/wp\/v2\/media?parent=21519"}],"wp:term":[{"taxonomy":"product_brand","embeddable":true,"href":"https:\/\/uj.adatbank.ro\/lexikon\/wp-json\/wp\/v2\/product_brand?post=21519"},{"taxonomy":"product_cat","embeddable":true,"href":"https:\/\/uj.adatbank.ro\/lexikon\/wp-json\/wp\/v2\/product_cat?post=21519"},{"taxonomy":"product_tag","embeddable":true,"href":"https:\/\/uj.adatbank.ro\/lexikon\/wp-json\/wp\/v2\/product_tag?post=21519"}],"curies":[{"name":"wp","href":"https:\/\/api.w.org\/{rel}","templated":true}]}}