{"id":2152,"date":"2025-06-28T12:05:19","date_gmt":"2025-06-28T10:05:19","guid":{"rendered":"https:\/\/uj.adatbank.ro\/lexikon\/termek\/banffy-anna-szentpali-de-szentpal-janosne\/"},"modified":"2025-06-28T12:05:19","modified_gmt":"2025-06-28T10:05:19","slug":"banffy-anna-szentpali-de-szentpal-janosne","status":"publish","type":"product","link":"https:\/\/uj.adatbank.ro\/lexikon\/termek\/banffy-anna-szentpali-de-szentpal-janosne\/","title":{"rendered":"B\u00c1NFFY Anna, Szentp\u00e1li de Szentp\u00e1l J\u00e1nosn\u00e9"},"content":{"rendered":"<p>? \u2020\u00a0? : birtokos. \u2013 F\u00e9rje: Kolozs vm. f\u0151isp\u00e1nja (\u20201604 k.). Fiaik: Andr\u00e1s \u00e9s J\u00e1nos. \u2013 F\u00e9rje hal\u00e1la ut\u00e1n, k\u00e9r\u00e9s\u00e9re Basta elrendelte, hogy iktass\u00e1k be n\u00e9hai h\u0171tlen ura j\u00f3sz\u00e1gai feler\u00e9sz\u00e9be (1604. \u00e1pr. 20.), be is iktatt\u00e1k (1604. m\u00e1j. 11.). <br \/><strong>Irod.:<\/strong> Basta<\/br><\/p>\n","protected":false},"excerpt":{"rendered":"<p>? \u2020\u00a0? : birtokos. \u2013 F\u00e9rje: Kolozs vm. f\u0151isp\u00e1nja (\u20201604 k.). Fiaik: Andr\u00e1s \u00e9s J\u00e1nos. \u2013 F\u00e9rje hal\u00e1la ut\u00e1n, k\u00e9r\u00e9s\u00e9re Basta elrendelte, hogy iktass\u00e1k be n\u00e9hai h\u0171tlen ura j\u00f3sz\u00e1gai feler\u00e9sz\u00e9be (1604. \u00e1pr. 20.), be is iktatt\u00e1k (1604. m\u00e1j. 11.). Irod.: Basta<\/p>\n","protected":false},"featured_media":0,"comment_status":"open","ping_status":"closed","template":"","meta":[],"product_brand":[],"product_cat":[137],"product_tag":[],"class_list":{"0":"post-2152","1":"product","2":"type-product","3":"status-publish","5":"product_cat-maros-megyei-eletrajzi-lexikon","7":"first","8":"instock","9":"shipping-taxable","10":"product-type-simple"},"_links":{"self":[{"href":"https:\/\/uj.adatbank.ro\/lexikon\/wp-json\/wp\/v2\/product\/2152","targetHints":{"allow":["GET"]}}],"collection":[{"href":"https:\/\/uj.adatbank.ro\/lexikon\/wp-json\/wp\/v2\/product"}],"about":[{"href":"https:\/\/uj.adatbank.ro\/lexikon\/wp-json\/wp\/v2\/types\/product"}],"replies":[{"embeddable":true,"href":"https:\/\/uj.adatbank.ro\/lexikon\/wp-json\/wp\/v2\/comments?post=2152"}],"wp:attachment":[{"href":"https:\/\/uj.adatbank.ro\/lexikon\/wp-json\/wp\/v2\/media?parent=2152"}],"wp:term":[{"taxonomy":"product_brand","embeddable":true,"href":"https:\/\/uj.adatbank.ro\/lexikon\/wp-json\/wp\/v2\/product_brand?post=2152"},{"taxonomy":"product_cat","embeddable":true,"href":"https:\/\/uj.adatbank.ro\/lexikon\/wp-json\/wp\/v2\/product_cat?post=2152"},{"taxonomy":"product_tag","embeddable":true,"href":"https:\/\/uj.adatbank.ro\/lexikon\/wp-json\/wp\/v2\/product_tag?post=2152"}],"curies":[{"name":"wp","href":"https:\/\/api.w.org\/{rel}","templated":true}]}}