{"id":21522,"date":"2025-07-22T19:27:56","date_gmt":"2025-07-22T17:27:56","guid":{"rendered":"https:\/\/uj.adatbank.ro\/lexikon\/termek\/szasz-gyorgy-ilencfalvi\/"},"modified":"2025-07-22T19:27:56","modified_gmt":"2025-07-22T17:27:56","slug":"szasz-gyorgy-ilencfalvi","status":"publish","type":"product","link":"https:\/\/uj.adatbank.ro\/lexikon\/termek\/szasz-gyorgy-ilencfalvi\/","title":{"rendered":"SZ\u00c1SZ Gy\u00f6rgy, ilencfalvi"},"content":{"rendered":"<p>? \u2020?: ref. lelk\u00e9sz. \u2013 Mv.-en subscrib\u00e1lt (1762). A kv.-i zsinaton ordin\u00e1lt\u00e1k (1774). Dedr\u00e1dsz\u00e9plakon (1775\u201386) \u00e9s P\u00f3k\u00e1ban (1787\u20131798\u20131829) volt lelk\u00e9sz. Mv .-en v\u00e1rosi polg\u00e1rs\u00e1got nyert (1803). <br \/><strong>Irod.:<\/strong> \u0150sz; P\u00e1l-Antal 2006; P\u00f3ka.<\/br><\/p>\n","protected":false},"excerpt":{"rendered":"<p>? \u2020?: ref. lelk\u00e9sz. \u2013 Mv.-en subscrib\u00e1lt (1762). A kv.-i zsinaton ordin\u00e1lt\u00e1k (1774). Dedr\u00e1dsz\u00e9plakon (1775\u201386) \u00e9s P\u00f3k\u00e1ban (1787\u20131798\u20131829) volt lelk\u00e9sz. Mv .-en v\u00e1rosi polg\u00e1rs\u00e1got nyert (1803). Irod.: \u0150sz; P\u00e1l-Antal 2006; P\u00f3ka.<\/p>\n","protected":false},"featured_media":0,"comment_status":"open","ping_status":"closed","template":"","meta":[],"product_brand":[],"product_cat":[137],"product_tag":[],"class_list":{"0":"post-21522","1":"product","2":"type-product","3":"status-publish","5":"product_cat-maros-megyei-eletrajzi-lexikon","7":"first","8":"instock","9":"shipping-taxable","10":"product-type-simple"},"_links":{"self":[{"href":"https:\/\/uj.adatbank.ro\/lexikon\/wp-json\/wp\/v2\/product\/21522","targetHints":{"allow":["GET"]}}],"collection":[{"href":"https:\/\/uj.adatbank.ro\/lexikon\/wp-json\/wp\/v2\/product"}],"about":[{"href":"https:\/\/uj.adatbank.ro\/lexikon\/wp-json\/wp\/v2\/types\/product"}],"replies":[{"embeddable":true,"href":"https:\/\/uj.adatbank.ro\/lexikon\/wp-json\/wp\/v2\/comments?post=21522"}],"wp:attachment":[{"href":"https:\/\/uj.adatbank.ro\/lexikon\/wp-json\/wp\/v2\/media?parent=21522"}],"wp:term":[{"taxonomy":"product_brand","embeddable":true,"href":"https:\/\/uj.adatbank.ro\/lexikon\/wp-json\/wp\/v2\/product_brand?post=21522"},{"taxonomy":"product_cat","embeddable":true,"href":"https:\/\/uj.adatbank.ro\/lexikon\/wp-json\/wp\/v2\/product_cat?post=21522"},{"taxonomy":"product_tag","embeddable":true,"href":"https:\/\/uj.adatbank.ro\/lexikon\/wp-json\/wp\/v2\/product_tag?post=21522"}],"curies":[{"name":"wp","href":"https:\/\/api.w.org\/{rel}","templated":true}]}}