{"id":21523,"date":"2025-07-22T19:27:58","date_gmt":"2025-07-22T17:27:58","guid":{"rendered":"https:\/\/uj.adatbank.ro\/lexikon\/termek\/szasz-gyula\/"},"modified":"2025-07-22T19:27:58","modified_gmt":"2025-07-22T17:27:58","slug":"szasz-gyula","status":"publish","type":"product","link":"https:\/\/uj.adatbank.ro\/lexikon\/termek\/szasz-gyula\/","title":{"rendered":"SZ\u00c1SZ Gyula"},"content":{"rendered":"<p>? \u2020 Gal\u00edcia, 1916: h\u00edrlap\u00edr\u00f3. \u2013 Az els\u0151 sz\u00ednes riportok \u00edr\u00f3ja. <br \/><strong>Irod.:<\/strong> \u00d6kr\u00f6s.<\/br><\/p>\n","protected":false},"excerpt":{"rendered":"<p>? \u2020 Gal\u00edcia, 1916: h\u00edrlap\u00edr\u00f3. \u2013 Az els\u0151 sz\u00ednes riportok \u00edr\u00f3ja. Irod.: \u00d6kr\u00f6s.<\/p>\n","protected":false},"featured_media":0,"comment_status":"open","ping_status":"closed","template":"","meta":[],"product_brand":[],"product_cat":[137],"product_tag":[],"class_list":{"0":"post-21523","1":"product","2":"type-product","3":"status-publish","5":"product_cat-maros-megyei-eletrajzi-lexikon","7":"first","8":"instock","9":"shipping-taxable","10":"product-type-simple"},"_links":{"self":[{"href":"https:\/\/uj.adatbank.ro\/lexikon\/wp-json\/wp\/v2\/product\/21523","targetHints":{"allow":["GET"]}}],"collection":[{"href":"https:\/\/uj.adatbank.ro\/lexikon\/wp-json\/wp\/v2\/product"}],"about":[{"href":"https:\/\/uj.adatbank.ro\/lexikon\/wp-json\/wp\/v2\/types\/product"}],"replies":[{"embeddable":true,"href":"https:\/\/uj.adatbank.ro\/lexikon\/wp-json\/wp\/v2\/comments?post=21523"}],"wp:attachment":[{"href":"https:\/\/uj.adatbank.ro\/lexikon\/wp-json\/wp\/v2\/media?parent=21523"}],"wp:term":[{"taxonomy":"product_brand","embeddable":true,"href":"https:\/\/uj.adatbank.ro\/lexikon\/wp-json\/wp\/v2\/product_brand?post=21523"},{"taxonomy":"product_cat","embeddable":true,"href":"https:\/\/uj.adatbank.ro\/lexikon\/wp-json\/wp\/v2\/product_cat?post=21523"},{"taxonomy":"product_tag","embeddable":true,"href":"https:\/\/uj.adatbank.ro\/lexikon\/wp-json\/wp\/v2\/product_tag?post=21523"}],"curies":[{"name":"wp","href":"https:\/\/api.w.org\/{rel}","templated":true}]}}