{"id":21526,"date":"2025-07-22T19:28:04","date_gmt":"2025-07-22T17:28:04","guid":{"rendered":"https:\/\/uj.adatbank.ro\/lexikon\/termek\/szasz-ignac\/"},"modified":"2025-07-22T19:28:04","modified_gmt":"2025-07-22T17:28:04","slug":"szasz-ignac","status":"publish","type":"product","link":"https:\/\/uj.adatbank.ro\/lexikon\/termek\/szasz-ignac\/","title":{"rendered":"SZ\u00c1SZ Ign\u00e1c"},"content":{"rendered":"<p>? \u2020?: ?. \u2013 A kv.-i ki\u00e1ll\u00edt\u00e1s kit\u00fcntetettjei k\u00f6z\u00f6tt szerepelt. <br \/><strong>Irod.:<\/strong> Bizottm\u00e1nyi jelent\u00e9s az EGE \u00e9s a Kv.-i Keresk \u00e9s Iparkamara \u00e1ltal Kv.-on nov. 18\u201323 napjain 1857. rendezett gazd\u00e1szati \u00e9s iparki\u00e1ll\u00edt\u00e1sr\u00f3l (Kv., 1858).<\/br><\/p>\n","protected":false},"excerpt":{"rendered":"<p>? \u2020?: ?. \u2013 A kv.-i ki\u00e1ll\u00edt\u00e1s kit\u00fcntetettjei k\u00f6z\u00f6tt szerepelt. Irod.: Bizottm\u00e1nyi jelent\u00e9s az EGE \u00e9s a Kv.-i Keresk \u00e9s Iparkamara \u00e1ltal Kv.-on nov. 18\u201323 napjain 1857. rendezett gazd\u00e1szati \u00e9s iparki\u00e1ll\u00edt\u00e1sr\u00f3l (Kv., 1858).<\/p>\n","protected":false},"featured_media":0,"comment_status":"open","ping_status":"closed","template":"","meta":[],"product_brand":[],"product_cat":[137],"product_tag":[],"class_list":{"0":"post-21526","1":"product","2":"type-product","3":"status-publish","5":"product_cat-maros-megyei-eletrajzi-lexikon","7":"first","8":"instock","9":"shipping-taxable","10":"product-type-simple"},"_links":{"self":[{"href":"https:\/\/uj.adatbank.ro\/lexikon\/wp-json\/wp\/v2\/product\/21526","targetHints":{"allow":["GET"]}}],"collection":[{"href":"https:\/\/uj.adatbank.ro\/lexikon\/wp-json\/wp\/v2\/product"}],"about":[{"href":"https:\/\/uj.adatbank.ro\/lexikon\/wp-json\/wp\/v2\/types\/product"}],"replies":[{"embeddable":true,"href":"https:\/\/uj.adatbank.ro\/lexikon\/wp-json\/wp\/v2\/comments?post=21526"}],"wp:attachment":[{"href":"https:\/\/uj.adatbank.ro\/lexikon\/wp-json\/wp\/v2\/media?parent=21526"}],"wp:term":[{"taxonomy":"product_brand","embeddable":true,"href":"https:\/\/uj.adatbank.ro\/lexikon\/wp-json\/wp\/v2\/product_brand?post=21526"},{"taxonomy":"product_cat","embeddable":true,"href":"https:\/\/uj.adatbank.ro\/lexikon\/wp-json\/wp\/v2\/product_cat?post=21526"},{"taxonomy":"product_tag","embeddable":true,"href":"https:\/\/uj.adatbank.ro\/lexikon\/wp-json\/wp\/v2\/product_tag?post=21526"}],"curies":[{"name":"wp","href":"https:\/\/api.w.org\/{rel}","templated":true}]}}