{"id":21528,"date":"2025-07-22T19:28:10","date_gmt":"2025-07-22T17:28:10","guid":{"rendered":"https:\/\/uj.adatbank.ro\/lexikon\/termek\/szasz-imre\/"},"modified":"2025-07-22T19:28:10","modified_gmt":"2025-07-22T17:28:10","slug":"szasz-imre","status":"publish","type":"product","link":"https:\/\/uj.adatbank.ro\/lexikon\/termek\/szasz-imre\/","title":{"rendered":"SZ\u00c1SZ Imre"},"content":{"rendered":"<p>? \u2020?: birtokos, nemes. \u2013 Erny\u00e9ben birtokos, jelen volt, amikor megvett\u00e9k a telket (amelyen T\u00f6r\u00f6k M\u00e1ty\u00e1s nemes h\u00e1za \u00e1llott), amelyre fel\u00e9p\u00edtettek egy fatemplomot, par\u00f3ki\u00e1lis \u00e9s mesteri lak\u00e1st (1668). A T\u00f6r\u00f6k M\u00e1ty\u00e1s h\u00e1za lett az els\u0151 papi lak\u00e1s, mell\u00e9je \u00e9p\u00edtettek azt\u00e1n az el\u0151z\u0151n\u00e9l nagyobb fatemplomot, papi \u00e9s tan\u00edt\u00f3i lak\u00e1st. A templom mellett \u00e1ll\u00f3 harangl\u00e1bra \u00f6ntettek egy nagyharangot. <br \/><strong>Irod.:<\/strong> Nagyernye.<\/br><\/p>\n","protected":false},"excerpt":{"rendered":"<p>? \u2020?: birtokos, nemes. \u2013 Erny\u00e9ben birtokos, jelen volt, amikor megvett\u00e9k a telket (amelyen T\u00f6r\u00f6k M\u00e1ty\u00e1s nemes h\u00e1za \u00e1llott), amelyre fel\u00e9p\u00edtettek egy fatemplomot, par\u00f3ki\u00e1lis \u00e9s mesteri lak\u00e1st (1668). A T\u00f6r\u00f6k M\u00e1ty\u00e1s h\u00e1za lett az els\u0151 papi lak\u00e1s, mell\u00e9je \u00e9p\u00edtettek azt\u00e1n az el\u0151z\u0151n\u00e9l nagyobb fatemplomot, papi \u00e9s tan\u00edt\u00f3i lak\u00e1st. A templom mellett \u00e1ll\u00f3 harangl\u00e1bra \u00f6ntettek egy [&hellip;]<\/p>\n","protected":false},"featured_media":0,"comment_status":"open","ping_status":"closed","template":"","meta":[],"product_brand":[],"product_cat":[137],"product_tag":[],"class_list":{"0":"post-21528","1":"product","2":"type-product","3":"status-publish","5":"product_cat-maros-megyei-eletrajzi-lexikon","7":"first","8":"instock","9":"shipping-taxable","10":"product-type-simple"},"_links":{"self":[{"href":"https:\/\/uj.adatbank.ro\/lexikon\/wp-json\/wp\/v2\/product\/21528","targetHints":{"allow":["GET"]}}],"collection":[{"href":"https:\/\/uj.adatbank.ro\/lexikon\/wp-json\/wp\/v2\/product"}],"about":[{"href":"https:\/\/uj.adatbank.ro\/lexikon\/wp-json\/wp\/v2\/types\/product"}],"replies":[{"embeddable":true,"href":"https:\/\/uj.adatbank.ro\/lexikon\/wp-json\/wp\/v2\/comments?post=21528"}],"wp:attachment":[{"href":"https:\/\/uj.adatbank.ro\/lexikon\/wp-json\/wp\/v2\/media?parent=21528"}],"wp:term":[{"taxonomy":"product_brand","embeddable":true,"href":"https:\/\/uj.adatbank.ro\/lexikon\/wp-json\/wp\/v2\/product_brand?post=21528"},{"taxonomy":"product_cat","embeddable":true,"href":"https:\/\/uj.adatbank.ro\/lexikon\/wp-json\/wp\/v2\/product_cat?post=21528"},{"taxonomy":"product_tag","embeddable":true,"href":"https:\/\/uj.adatbank.ro\/lexikon\/wp-json\/wp\/v2\/product_tag?post=21528"}],"curies":[{"name":"wp","href":"https:\/\/api.w.org\/{rel}","templated":true}]}}