{"id":2153,"date":"2025-06-28T12:05:22","date_gmt":"2025-06-28T10:05:22","guid":{"rendered":"https:\/\/uj.adatbank.ro\/lexikon\/termek\/banffy-anna-mindszenti-benedekne\/"},"modified":"2025-06-28T12:05:22","modified_gmt":"2025-06-28T10:05:22","slug":"banffy-anna-mindszenti-benedekne","status":"publish","type":"product","link":"https:\/\/uj.adatbank.ro\/lexikon\/termek\/banffy-anna-mindszenti-benedekne\/","title":{"rendered":"B\u00c1NFFY Anna; Mindszenti Benedekn\u00e9"},"content":{"rendered":"<p>? \u2020\u00a0? : f\u00f6ldbirtokos. \u2013 Eladta a V\u00e1s\u00e1rhely v\u00e1ros\u00e1nak a Mez\u0151szabadiban tal\u00e1lhat\u00f3 javait 1300 forint\u00e9rt (1608). <br \/><strong>Irod.:<\/strong> Id\u0151t\u00e1r 1.; P\u00e1l-Antal 2009<\/br><\/p>\n","protected":false},"excerpt":{"rendered":"<p>? \u2020\u00a0? : f\u00f6ldbirtokos. \u2013 Eladta a V\u00e1s\u00e1rhely v\u00e1ros\u00e1nak a Mez\u0151szabadiban tal\u00e1lhat\u00f3 javait 1300 forint\u00e9rt (1608). Irod.: Id\u0151t\u00e1r 1.; P\u00e1l-Antal 2009<\/p>\n","protected":false},"featured_media":0,"comment_status":"open","ping_status":"closed","template":"","meta":[],"product_brand":[],"product_cat":[137],"product_tag":[],"class_list":{"0":"post-2153","1":"product","2":"type-product","3":"status-publish","5":"product_cat-maros-megyei-eletrajzi-lexikon","7":"first","8":"instock","9":"shipping-taxable","10":"product-type-simple"},"_links":{"self":[{"href":"https:\/\/uj.adatbank.ro\/lexikon\/wp-json\/wp\/v2\/product\/2153","targetHints":{"allow":["GET"]}}],"collection":[{"href":"https:\/\/uj.adatbank.ro\/lexikon\/wp-json\/wp\/v2\/product"}],"about":[{"href":"https:\/\/uj.adatbank.ro\/lexikon\/wp-json\/wp\/v2\/types\/product"}],"replies":[{"embeddable":true,"href":"https:\/\/uj.adatbank.ro\/lexikon\/wp-json\/wp\/v2\/comments?post=2153"}],"wp:attachment":[{"href":"https:\/\/uj.adatbank.ro\/lexikon\/wp-json\/wp\/v2\/media?parent=2153"}],"wp:term":[{"taxonomy":"product_brand","embeddable":true,"href":"https:\/\/uj.adatbank.ro\/lexikon\/wp-json\/wp\/v2\/product_brand?post=2153"},{"taxonomy":"product_cat","embeddable":true,"href":"https:\/\/uj.adatbank.ro\/lexikon\/wp-json\/wp\/v2\/product_cat?post=2153"},{"taxonomy":"product_tag","embeddable":true,"href":"https:\/\/uj.adatbank.ro\/lexikon\/wp-json\/wp\/v2\/product_tag?post=2153"}],"curies":[{"name":"wp","href":"https:\/\/api.w.org\/{rel}","templated":true}]}}