{"id":21531,"date":"2025-07-22T19:28:15","date_gmt":"2025-07-22T17:28:15","guid":{"rendered":"https:\/\/uj.adatbank.ro\/lexikon\/termek\/szasz-istvan-2\/"},"modified":"2025-07-22T19:28:15","modified_gmt":"2025-07-22T17:28:15","slug":"szasz-istvan-2","status":"publish","type":"product","link":"https:\/\/uj.adatbank.ro\/lexikon\/termek\/szasz-istvan-2\/","title":{"rendered":"SZ\u00c1SZ Istv\u00e1n"},"content":{"rendered":"<p>G\u00f6rg\u00e9ny\u00fcvegcs\u0171r?, \u2020?: m\u0171\u00e9p\u00edt\u00e9sz. \u2013 A G\u00f6rg\u00e9nyorsovai g. kat. (ma ort.) templomot tervezte \u00e9s \u00e9p\u00edttette (1893), \u00e9s a bal\u00e1zsfalvi Mihai Ap\u015fa metropolita szentelte fel (1894). A falak bels\u0151 fest\u00e9s\u00e9t Waslager Heinrich nyugati st\u00edlusban v\u00e9gezte (1894). <br \/><strong>Irod.:<\/strong> Reghin, Protopopiat.<\/br><\/p>\n","protected":false},"excerpt":{"rendered":"<p>G\u00f6rg\u00e9ny\u00fcvegcs\u0171r?, \u2020?: m\u0171\u00e9p\u00edt\u00e9sz. \u2013 A G\u00f6rg\u00e9nyorsovai g. kat. (ma ort.) templomot tervezte \u00e9s \u00e9p\u00edttette (1893), \u00e9s a bal\u00e1zsfalvi Mihai Ap\u015fa metropolita szentelte fel (1894). A falak bels\u0151 fest\u00e9s\u00e9t Waslager Heinrich nyugati st\u00edlusban v\u00e9gezte (1894). Irod.: Reghin, Protopopiat.<\/p>\n","protected":false},"featured_media":0,"comment_status":"open","ping_status":"closed","template":"","meta":[],"product_brand":[],"product_cat":[137],"product_tag":[],"class_list":{"0":"post-21531","1":"product","2":"type-product","3":"status-publish","5":"product_cat-maros-megyei-eletrajzi-lexikon","7":"first","8":"instock","9":"shipping-taxable","10":"product-type-simple"},"_links":{"self":[{"href":"https:\/\/uj.adatbank.ro\/lexikon\/wp-json\/wp\/v2\/product\/21531","targetHints":{"allow":["GET"]}}],"collection":[{"href":"https:\/\/uj.adatbank.ro\/lexikon\/wp-json\/wp\/v2\/product"}],"about":[{"href":"https:\/\/uj.adatbank.ro\/lexikon\/wp-json\/wp\/v2\/types\/product"}],"replies":[{"embeddable":true,"href":"https:\/\/uj.adatbank.ro\/lexikon\/wp-json\/wp\/v2\/comments?post=21531"}],"wp:attachment":[{"href":"https:\/\/uj.adatbank.ro\/lexikon\/wp-json\/wp\/v2\/media?parent=21531"}],"wp:term":[{"taxonomy":"product_brand","embeddable":true,"href":"https:\/\/uj.adatbank.ro\/lexikon\/wp-json\/wp\/v2\/product_brand?post=21531"},{"taxonomy":"product_cat","embeddable":true,"href":"https:\/\/uj.adatbank.ro\/lexikon\/wp-json\/wp\/v2\/product_cat?post=21531"},{"taxonomy":"product_tag","embeddable":true,"href":"https:\/\/uj.adatbank.ro\/lexikon\/wp-json\/wp\/v2\/product_tag?post=21531"}],"curies":[{"name":"wp","href":"https:\/\/api.w.org\/{rel}","templated":true}]}}