{"id":21539,"date":"2025-07-22T19:28:30","date_gmt":"2025-07-22T17:28:30","guid":{"rendered":"https:\/\/uj.adatbank.ro\/lexikon\/termek\/szasz-istvan-ilencfalvi-ilenczfalvi-szasz-istvan-alneve-nyaradmenti\/"},"modified":"2025-07-22T19:28:30","modified_gmt":"2025-07-22T17:28:30","slug":"szasz-istvan-ilencfalvi-ilenczfalvi-szasz-istvan-alneve-nyaradmenti","status":"publish","type":"product","link":"https:\/\/uj.adatbank.ro\/lexikon\/termek\/szasz-istvan-ilencfalvi-ilenczfalvi-szasz-istvan-alneve-nyaradmenti\/","title":{"rendered":"SZ\u00c1SZ Istv\u00e1n, ilencfalvi, Ilenczfalvi Sz\u00e1sz Istv\u00e1n, \u00e1lneve: Ny\u00e1r\u00e1dmenti"},"content":{"rendered":"<p>Sz\u00e1szcs\u00e1v\u00e1s, 1799. m\u00e1j. 5., \u2020\u00a0Mv., 1859. j\u00fal. 22.: tan\u00e1r. \u2013 Apja Sz. Istv\u00e1n sz\u00e1szcs\u00e1v\u00e1si pap volt. Tanul\u00e1s\u00e1t sz\u00fcl\u0151faluj\u00e1ban kezdte, majd a mv.-i a mv.-i Ref. Koll.-ba ker\u00fclt (1807), ahol Ko\u00f3s Istv\u00e1n tan\u00edt\u00f3ja ir\u00e1ny\u00edt\u00e1s\u00e1val a klasszikus nyelvek ir\u00e1nt nagy fog\u00e9konys\u00e1got mutatott. A fels\u0151bb tudom\u00e1nyok hallgat\u00e1s\u00e1ra k\u00e9pes\u00edtve de\u00e1k lett, s mint a papi p\u00e1ly\u00e1hoz vonzalmat \u00e9rz\u0151 ifj\u00fa a hat \u00e9vi de\u00e1ki tanfolyamot kit\u0171n\u0151 eredm\u00e9nnyel v\u00e9gezte (1814 \u2013 20), mialatt K\u00f6teles S\u00e1muel b\u00f6lcs\u00e9szeti el\u0151ad\u00e1sait nagy \u00e9rdekl\u0151d\u00e9ssel hallgatta, s mint m\u00e1sod\u00e9ves teol\u00f3gus, a legjobb egyh\u00e1zi besz\u00e9d \u00edr\u00e1s\u00e1\u00e9rt j\u00e1r\u00f3 Teleki-f\u00e9le jutalmat elnyerte. A retorikai oszt\u00e1ly k\u00f6ztan\u00edt\u00f3ja lett (1820). Antal J\u00e1nos tan\u00e1r aj\u00e1nl\u00e1s\u00e1ra gr. Degenfeld P\u00e1ln\u00e1l volt mag\u00e1nnevel\u0151 Erd\u0151sz\u00e1d\u00e1n (Szatm\u00e1r m.) (1822\u201326), hol a francia nyelvet is elsaj\u00e1t\u00edtotta. B\u00e9csbe ment a prot. teol\u00f3giai kurzusra (1826\u2013), egy \u00e9v letelt\u00e9vel hazaj\u00f6tt \u00e9s Mez\u0151madarason papi \u00e1ll\u00e1st v\u00e1llalt. Itt azonban r\u00f6vid ideig m\u0171k\u00f6d\u00f6tt, mert ism\u00e9t nevel\u0151nek ment gr. Toldalagi Zsigmondhoz, ahol Mih\u00e1ly fi\u00e1nak oktat\u00f3ja lett (1827\u2013). Tan\u00edtv\u00e1ny\u00e1val k\u00fclf\u00f6ldi utaz\u00e1st tett: B\u00e9csben (1834\u201336), Olaszorsz\u00e1gban (1837) j\u00e1rt \u00e9s P\u00e1du\u00e1ban egy h\u00edres t\u00f6rt\u00e9n\u00e9sz el\u0151ad\u00e1sait hallgatta, itt tanult meg olaszul. Ez id\u0151 alatt kinevezt\u00e9k marossz\u00e9ki vicesz\u00e9kb\u00edr\u00f3nak \u00e9s a mv.-i Kaszin\u00f3 alap\u00edt\u00f3tagja \u00e9s t\u00f6bb \u00e9vig jegyz\u0151je volt. A mv.-i Ref. Koll. tan\u00e1rainak sor\u00e1ba l\u00e9pett \u00e9s a t\u00f6rt\u00e9nelem tansz\u00e9ket foglalta el. (1842. \u00e1pr. 18), Ercsei J\u00e1nos lemond\u00e1sa ut\u00e1n a rektori hivatal folytat\u00e1s\u00e1val b\u00edzt\u00e1k meg (1850\u201354). A legk\u00e9nyesebb id\u0151kben, nagy tapintattal \u00e9s buzg\u00f3s\u00e1ggal vezette az int\u00e9zetet, melynek \u00e9rdek\u00e9ben k\u00fcl\u00f6n\u00f6sen a Bach korszak alatt nagy k\u00fczdelmet folytatott. K\u00f6nyvt\u00e1ros a Teleki T\u00e9k\u00e1ban (1851\u201359). T\u00fcd\u0151bajban halt meg f\u00e9l\u00e9vig tart\u00f3 szenved\u00e9s ut\u00e1n. V\u00e9grendelet\u00e9ben alap\u00edtv\u00e1nyt tett a Ref. Koll. mad\u00e1rgy\u0171jtem\u00e9ny\u00e9nek gyarap\u00edt\u00e1s\u00e1ra, a Ref. Koll. seg\u00e9lyalapj\u00e1ra 420 frt.-ot adott m\u00e9g \u00e9let\u00e9ben, 548 k\u00f6tetb\u0151l \u00e1ll\u00f3 k\u00f6nyvt\u00e1r\u00e1t a koll.-ra hagyta. Telket adom\u00e1nyozott D\u00f3zsa Gy\u00f6rgy \u00e9s Lukailencfalva hat\u00e1r\u00e1ban iskola\u00e9p\u00edt\u00e9sre, amit fel is \u00e9p\u00edtettek (1868). Cikke a Nemzeti T\u00e1rsalkod\u00f3ban (1841.). \u2013 <strong>F. m.<\/strong>: Anyai int\u00e9sek&#8230; melyeket&#8230; Vay Kata asszonynak, gr. Toldalagi Zsigmond \u00far hitves\u00e9nek&#8230; kopors\u00f3ja felett a nagyercsei s\u00edrn\u00e1l&#8230; meguj\u00edtani kiv\u00e1nt, 1831. j\u00fal. 30. (Mv., 1831); <strong>kiadta:<\/strong> Sz\u00e1sz J\u00f3zsef mez\u0151cs\u00e1v\u00e1si pap Katedrai besz\u00e9deit (1836); Sz\u00e1sz J\u00f3zsef papi besz\u00e9dei c. (1839); <strong>ford.:<\/strong> Gr. Teleki Domokos megb\u00edz\u00e1s\u00e1b\u00f3l leford\u00edtotta B\u00e1sta Gy\u00f6rgynek Rudolf cs\u00e1sz\u00e1rhoz, az erd\u00e9lyi nemess\u00e9g ellen olasz nyelven \u00edrt, a Teleki T\u00e9k\u00e1ban tal\u00e1lt k\u00e9zirat\u00e1t; leford\u00edtotta a Don Pasquale c. dalm\u0171vet amelyet G\u00f3cs Edu\u00e1rd mv.-i sz\u00ednt\u00e1rsulata mutatott be. <strong>Egy\u00e9b k\u00e9ziratai: <\/strong>Vil\u00e1ghistoria; Magyarorsz\u00e1g t\u00f6rt\u00e9neteinek v\u00e1zlata III. K\u00e1roly hal\u00e1l\u00e1ig, K\u00f6z\u00f6ns\u00e9ges \u00e9s hazai t\u00f6rt\u00e9nelem, Bek\u00f6sz\u00f6nt\u0151 besz\u00e9de; Sz\u00f3noklattan, melyet ut\u00f3dai is vez\u00e9rk\u00f6nyv\u00fcl haszn\u00e1ltak. (K\u00e9ziratai a mv.-i Kollegium k\u00f6nyvt\u00e1r\u00e1ban \u00e9s a Teleki-k\u00f6nyvt\u00e1rban vannak). <br \/><strong>Irod.:<\/strong> Er\u0151s v\u00e1runk; Gy\u00e1szjelent\u0151; Halotti besz\u00e9dek; Id\u0151t\u00e1r 2; Kiss K\u00e1roly; Koncz; Kozma; Kr\u00f3n F\u00fcz (1939. 4\/7); Maros megye; P\u00e1l-Antal; P\u00e1l-Antal 2009; P\u00e1lmay; P\u00e1lmay J\u00f3zsef; Par\u00e1dy; Rugonfalvi Kiss; Szab\u00f3\u2013Sz\u00f6gi; Szinnyei.<\/br><\/p>\n","protected":false},"excerpt":{"rendered":"<p>Sz\u00e1szcs\u00e1v\u00e1s, 1799. m\u00e1j. 5., \u2020\u00a0Mv., 1859. j\u00fal. 22.: tan\u00e1r. \u2013 Apja Sz. Istv\u00e1n sz\u00e1szcs\u00e1v\u00e1si pap volt. Tanul\u00e1s\u00e1t sz\u00fcl\u0151faluj\u00e1ban kezdte, majd a mv.-i a mv.-i Ref. Koll.-ba ker\u00fclt (1807), ahol Ko\u00f3s Istv\u00e1n tan\u00edt\u00f3ja ir\u00e1ny\u00edt\u00e1s\u00e1val a klasszikus nyelvek ir\u00e1nt nagy fog\u00e9konys\u00e1got mutatott. A fels\u0151bb tudom\u00e1nyok hallgat\u00e1s\u00e1ra k\u00e9pes\u00edtve de\u00e1k lett, s mint a papi p\u00e1ly\u00e1hoz vonzalmat \u00e9rz\u0151 ifj\u00fa [&hellip;]<\/p>\n","protected":false},"featured_media":0,"comment_status":"open","ping_status":"closed","template":"","meta":[],"product_brand":[],"product_cat":[137],"product_tag":[],"class_list":{"0":"post-21539","1":"product","2":"type-product","3":"status-publish","5":"product_cat-maros-megyei-eletrajzi-lexikon","7":"first","8":"instock","9":"shipping-taxable","10":"product-type-simple"},"_links":{"self":[{"href":"https:\/\/uj.adatbank.ro\/lexikon\/wp-json\/wp\/v2\/product\/21539","targetHints":{"allow":["GET"]}}],"collection":[{"href":"https:\/\/uj.adatbank.ro\/lexikon\/wp-json\/wp\/v2\/product"}],"about":[{"href":"https:\/\/uj.adatbank.ro\/lexikon\/wp-json\/wp\/v2\/types\/product"}],"replies":[{"embeddable":true,"href":"https:\/\/uj.adatbank.ro\/lexikon\/wp-json\/wp\/v2\/comments?post=21539"}],"wp:attachment":[{"href":"https:\/\/uj.adatbank.ro\/lexikon\/wp-json\/wp\/v2\/media?parent=21539"}],"wp:term":[{"taxonomy":"product_brand","embeddable":true,"href":"https:\/\/uj.adatbank.ro\/lexikon\/wp-json\/wp\/v2\/product_brand?post=21539"},{"taxonomy":"product_cat","embeddable":true,"href":"https:\/\/uj.adatbank.ro\/lexikon\/wp-json\/wp\/v2\/product_cat?post=21539"},{"taxonomy":"product_tag","embeddable":true,"href":"https:\/\/uj.adatbank.ro\/lexikon\/wp-json\/wp\/v2\/product_tag?post=21539"}],"curies":[{"name":"wp","href":"https:\/\/api.w.org\/{rel}","templated":true}]}}