{"id":2154,"date":"2025-06-28T12:05:25","date_gmt":"2025-06-28T10:05:25","guid":{"rendered":"https:\/\/uj.adatbank.ro\/lexikon\/termek\/banffy-bela-losonci\/"},"modified":"2025-06-28T12:05:25","modified_gmt":"2025-06-28T10:05:25","slug":"banffy-bela-losonci","status":"publish","type":"product","link":"https:\/\/uj.adatbank.ro\/lexikon\/termek\/banffy-bela-losonci\/","title":{"rendered":"B\u00c1NFFY B\u00e9la, losonci"},"content":{"rendered":"<p>? \u2020\u00a0? : f\u00f6ldbirtokos. \u2013 Marosludason volt 1410 hold, 1225 n\u00e9gysz\u00f6g\u00f6l birtokoka (1861), a hat\u00e1rr\u00e9szket a birtokosokr\u00f3l nevezt\u00e9k el. <br \/><strong>Irod.:<\/strong> Pesty 2014<\/br><\/p>\n","protected":false},"excerpt":{"rendered":"<p>? \u2020\u00a0? : f\u00f6ldbirtokos. \u2013 Marosludason volt 1410 hold, 1225 n\u00e9gysz\u00f6g\u00f6l birtokoka (1861), a hat\u00e1rr\u00e9szket a birtokosokr\u00f3l nevezt\u00e9k el. Irod.: Pesty 2014<\/p>\n","protected":false},"featured_media":0,"comment_status":"open","ping_status":"closed","template":"","meta":[],"product_brand":[],"product_cat":[137],"product_tag":[],"class_list":{"0":"post-2154","1":"product","2":"type-product","3":"status-publish","5":"product_cat-maros-megyei-eletrajzi-lexikon","7":"first","8":"instock","9":"shipping-taxable","10":"product-type-simple"},"_links":{"self":[{"href":"https:\/\/uj.adatbank.ro\/lexikon\/wp-json\/wp\/v2\/product\/2154","targetHints":{"allow":["GET"]}}],"collection":[{"href":"https:\/\/uj.adatbank.ro\/lexikon\/wp-json\/wp\/v2\/product"}],"about":[{"href":"https:\/\/uj.adatbank.ro\/lexikon\/wp-json\/wp\/v2\/types\/product"}],"replies":[{"embeddable":true,"href":"https:\/\/uj.adatbank.ro\/lexikon\/wp-json\/wp\/v2\/comments?post=2154"}],"wp:attachment":[{"href":"https:\/\/uj.adatbank.ro\/lexikon\/wp-json\/wp\/v2\/media?parent=2154"}],"wp:term":[{"taxonomy":"product_brand","embeddable":true,"href":"https:\/\/uj.adatbank.ro\/lexikon\/wp-json\/wp\/v2\/product_brand?post=2154"},{"taxonomy":"product_cat","embeddable":true,"href":"https:\/\/uj.adatbank.ro\/lexikon\/wp-json\/wp\/v2\/product_cat?post=2154"},{"taxonomy":"product_tag","embeddable":true,"href":"https:\/\/uj.adatbank.ro\/lexikon\/wp-json\/wp\/v2\/product_tag?post=2154"}],"curies":[{"name":"wp","href":"https:\/\/api.w.org\/{rel}","templated":true}]}}