{"id":21540,"date":"2025-07-22T19:28:31","date_gmt":"2025-07-22T17:28:31","guid":{"rendered":"https:\/\/uj.adatbank.ro\/lexikon\/termek\/szasz-istvan-szoverdi\/"},"modified":"2025-07-22T19:28:31","modified_gmt":"2025-07-22T17:28:31","slug":"szasz-istvan-szoverdi","status":"publish","type":"product","link":"https:\/\/uj.adatbank.ro\/lexikon\/termek\/szasz-istvan-szoverdi\/","title":{"rendered":"SZ\u00c1SZ Istv\u00e1n, sz\u00f6v\u00e9rdi"},"content":{"rendered":"<p>Pusztakamar\u00e1s, 1865. febr. 14., \u2020\u00a0Novoj, 1934. szept. 11., a H\u00e1zsong\u00e1rdi temet\u0151ben nyugszik: f\u00f6ldbirtokos, az EGE aleln\u00f6ke. \u2013 \u00c9retts\u00e9gi ut\u00e1n a Magyar\u00f3v\u00e1ri Mez\u0151gazdas\u00e1gi Akad\u00e9mi\u00e1n v\u00e9gzett, majd Lipcs\u00e9ben a Mez\u0151gazdas\u00e1gi Karon (1887\u201388) t\u00f6k\u00e9letes\u00edtette tud\u00e1s\u00e1t. Hazat\u00e9r\u00e9se ut\u00e1n B\u00e1nffy Dezs\u0151 birtokait vezette, majd a M. K. J\u00f3sz\u00e1gkorm\u00e1nyz\u00f3s\u00e1gon telep\u00edt\u00e9si biztosk\u00e9nt dolgozott. Gazdas\u00e1gi fel\u00fcgyel\u0151 Segesv\u00e1ron (1898\u2013), ebben a min\u0151s\u00e9gben az erd\u00e9lyi szarvasmarhateny\u00e9szt\u00e9s fejleszt\u00e9s\u00e9ben voltak jelent\u0151s \u00e9rdemei. Jogi szakfel\u00fcgyel\u0151k\u00e9nt a M.K. F\u00f6ldhat\u00f3s\u00e1gi Int\u00e9zetek Orsz\u00e1gos Sz\u00f6vets\u00e9ge Erd\u00e9lyi Kirendelts\u00e9g\u00e9nek \u00fcgyvezet\u0151je volt (1907\u2013). F\u0151gondnoka volt a kv.-i Ref. Egyh\u00e1zmegy\u00e9nek, a Ref. Szeretetotthonnak, t\u00e1rseln\u00f6ke a Transilvania Banknak. Az els\u0151 rom\u00e1n f\u00f6ldreform idej\u00e9n (1921) elvesztette birtokai jelent\u0151s r\u00e9sz\u00e9t, ekkor visszavonult a Pusztakamar\u00e1shoz tartoz\u00f3 Novojba. A m\u0171tr\u00e1gya haszn\u00e1lat\u00e1nak k\u00e9rd\u00e9s\u00e9vel foglalkozott. Cikkeit az erd\u00e9lyi szaksajt\u00f3 k\u00f6z\u00f6lte. \u2013 <strong>F. m.<\/strong>: Az \u00e1llatteny\u00e9szt\u00e9sr\u0151l (Dics\u0151szentm\u00e1rton, 1897). <br \/><strong>Irod.:<\/strong> H\u00e1zsong\u00e1rd; RMIL; Szab\u00f3\u2013Simon\u2013Sz\u00f6gi; Szinnyei.<\/br><\/p>\n","protected":false},"excerpt":{"rendered":"<p>Pusztakamar\u00e1s, 1865. febr. 14., \u2020\u00a0Novoj, 1934. szept. 11., a H\u00e1zsong\u00e1rdi temet\u0151ben nyugszik: f\u00f6ldbirtokos, az EGE aleln\u00f6ke. \u2013 \u00c9retts\u00e9gi ut\u00e1n a Magyar\u00f3v\u00e1ri Mez\u0151gazdas\u00e1gi Akad\u00e9mi\u00e1n v\u00e9gzett, majd Lipcs\u00e9ben a Mez\u0151gazdas\u00e1gi Karon (1887\u201388) t\u00f6k\u00e9letes\u00edtette tud\u00e1s\u00e1t. Hazat\u00e9r\u00e9se ut\u00e1n B\u00e1nffy Dezs\u0151 birtokait vezette, majd a M. K. J\u00f3sz\u00e1gkorm\u00e1nyz\u00f3s\u00e1gon telep\u00edt\u00e9si biztosk\u00e9nt dolgozott. Gazdas\u00e1gi fel\u00fcgyel\u0151 Segesv\u00e1ron (1898\u2013), ebben a min\u0151s\u00e9gben az erd\u00e9lyi [&hellip;]<\/p>\n","protected":false},"featured_media":0,"comment_status":"open","ping_status":"closed","template":"","meta":[],"product_brand":[],"product_cat":[137],"product_tag":[],"class_list":{"0":"post-21540","1":"product","2":"type-product","3":"status-publish","5":"product_cat-maros-megyei-eletrajzi-lexikon","7":"first","8":"instock","9":"shipping-taxable","10":"product-type-simple"},"_links":{"self":[{"href":"https:\/\/uj.adatbank.ro\/lexikon\/wp-json\/wp\/v2\/product\/21540","targetHints":{"allow":["GET"]}}],"collection":[{"href":"https:\/\/uj.adatbank.ro\/lexikon\/wp-json\/wp\/v2\/product"}],"about":[{"href":"https:\/\/uj.adatbank.ro\/lexikon\/wp-json\/wp\/v2\/types\/product"}],"replies":[{"embeddable":true,"href":"https:\/\/uj.adatbank.ro\/lexikon\/wp-json\/wp\/v2\/comments?post=21540"}],"wp:attachment":[{"href":"https:\/\/uj.adatbank.ro\/lexikon\/wp-json\/wp\/v2\/media?parent=21540"}],"wp:term":[{"taxonomy":"product_brand","embeddable":true,"href":"https:\/\/uj.adatbank.ro\/lexikon\/wp-json\/wp\/v2\/product_brand?post=21540"},{"taxonomy":"product_cat","embeddable":true,"href":"https:\/\/uj.adatbank.ro\/lexikon\/wp-json\/wp\/v2\/product_cat?post=21540"},{"taxonomy":"product_tag","embeddable":true,"href":"https:\/\/uj.adatbank.ro\/lexikon\/wp-json\/wp\/v2\/product_tag?post=21540"}],"curies":[{"name":"wp","href":"https:\/\/api.w.org\/{rel}","templated":true}]}}